{"id":93901,"date":"2026-03-06T07:22:36","date_gmt":"2026-03-06T10:22:36","guid":{"rendered":"https:\/\/www.ecommerceupdate.com.br\/produto\/omnichannel-o-futuro-do-varejo-1-edicao\/"},"modified":"2026-03-13T15:50:15","modified_gmt":"2026-03-13T18:50:15","slug":"omnichannel-o-futuro-do-varejo-1-edicao","status":"publish","type":"product","link":"https:\/\/www.ecommerceupdate.com.br\/ro\/produto\/omnichannel-o-futuro-do-varejo-1-edicao\/","title":{"rendered":"Omnichannel Viitorul comer\u021bului cu am\u0103nuntul: 1 ^"},"content":{"rendered":"<div class=\"woocommerce-product-details\">\n<h3>Detalii produs<\/h3>\n<ul>\n<li>ASIN: B07VCMK3BF<\/li>\n<li>Editura: Eder LA Souza<\/li>\n<li>Accesibilitate: Afla\u021bi mai multe<\/li>\n<li>Data public\u0103rii: 17 iulie 2019<\/li>\n<li>Limba: portugheza<\/li>\n<li>Dimensiunea fi\u0219ierului: 885 KB<\/li>\n<li>Cititor de ecran: Compatibil<\/li>\n<li>Configurarea fontului: Activat<\/li>\n<li>Sfaturi pentru vocabular: Nu este activat<\/li>\n<li>Num\u0103r de pagini: 72 de pagini<\/li>\n<li>\u00centoarcerea paginii: Activat<\/li>\n<li>Clasamentul celor mai v\u00e2ndu\u021bi: nr. 573.141 \u00een Kindle Store (\u00cent\u00e2lne\u0219te Top 100 \u00een categoria Kindle Store) nr. 592 \u00een Calculatoare \u0219i tehnologie \u00een \u0219coli \u0219i predare nr. 960 \u00een Ghidurile de studiu nr. 1.075 \u00een C\u0103r\u021bi educa\u021bionale \u0219i c\u0103r\u021bi de referin\u021b\u0103<\/li>\n<li>592 \u00cen Calculatoare \u0219i Tehnologie \u00een \u0219coli \u0219i predare<\/li>\n<li>960 \u00cen Ghiduri de studiu<\/li>\n<li>1,075 \u00een C\u0103r\u021bi de educa\u021bie &amp; C\u0103r\u021bi de referin\u021b\u0103<\/li>\n<li>Evalu\u0103ri clien\u021bi: 3,5 3,5 din 5 stele (5)<\/li>\n<\/ul><\/div>","protected":false},"excerpt":{"rendered":"<p>OMNICHANNEL - VIITORUL RETAILULUI <br \/>1 ^ Edi\u021bie <br \/>Ai o companie, vizeaz\u0103 calitatea \u00een servicii, \u00een cur\u00e2nd a\u021bi auzit despre omnicanal \u0219i dac\u0103 nu, trebuie s\u0103 \u0219ti\u021bi mai multe despre. \u00een primul r\u00e2nd, omnicanalul nu este un instrument, ci mai degrab\u0103 un trend, un model de companie care \u00ee\u0219i propune s\u0103 converge toate canalele dvs. la un singur punct. offline, online, re\u021belele sociale \u0219i serviciul toate legate \u00een scopul de a facilita via\u021ba clientului dvs. Voi cita 20 de fraze motiva\u021bionale despre acest model, motive pentru a g\u00e2ndi mai bine se aplic\u0103 \u00een compania dvs. <\/p>\n<p>Autor: Eder Souza<\/p>","protected":false},"featured_media":93901,"comment_status":"open","ping_status":"closed","template":"","meta":[],"product_cat":[1608,1607,1785],"product_tag":[],"class_list":{"0":"post-93901","1":"product","2":"type-product","3":"status-publish","4":"has-post-thumbnail","6":"product_brand-por-der-l-a-souza-autor-formato-ebook-kindle","7":"product_cat-ebooks-kindle","8":"product_cat-loja-kindle","9":"product_cat-sociedade-e-ciencias-sociais","11":"first","12":"instock","13":"shipping-taxable","14":"purchasable","15":"product-type-simple"},"aioseo_notices":[],"_links":{"self":[{"href":"https:\/\/www.ecommerceupdate.com.br\/ro\/wp-json\/wp\/v2\/product\/93901","targetHints":{"allow":["GET"]}}],"collection":[{"href":"https:\/\/www.ecommerceupdate.com.br\/ro\/wp-json\/wp\/v2\/product"}],"about":[{"href":"https:\/\/www.ecommerceupdate.com.br\/ro\/wp-json\/wp\/v2\/types\/product"}],"replies":[{"embeddable":true,"href":"https:\/\/www.ecommerceupdate.com.br\/ro\/wp-json\/wp\/v2\/comments?post=93901"}],"wp:featuredmedia":[{"embeddable":true,"href":"https:\/\/www.ecommerceupdate.com.br\/ro\/wp-json\/wp\/v2\/product\/93901"}],"wp:attachment":[{"href":"https:\/\/www.ecommerceupdate.com.br\/ro\/wp-json\/wp\/v2\/media?parent=93901"}],"wp:term":[{"taxonomy":"product_cat","embeddable":true,"href":"https:\/\/www.ecommerceupdate.com.br\/ro\/wp-json\/wp\/v2\/product_cat?post=93901"},{"taxonomy":"product_tag","embeddable":true,"href":"https:\/\/www.ecommerceupdate.com.br\/ro\/wp-json\/wp\/v2\/product_tag?post=93901"}],"curies":[{"name":"wp","href":"https:\/\/api.w.org\/{rel}","templated":true}]}}