{"id":94357,"date":"2026-03-12T13:40:51","date_gmt":"2026-03-12T16:40:51","guid":{"rendered":"https:\/\/www.ecommerceupdate.com.br\/produto\/e-commerce-uma-via-de-mao-dupla\/"},"modified":"2026-03-13T15:57:33","modified_gmt":"2026-03-13T18:57:33","slug":"e-commerce-uma-via-de-mao-dupla","status":"publish","type":"product","link":"https:\/\/www.ecommerceupdate.com.br\/ro\/produto\/e-commerce-uma-via-de-mao-dupla\/","title":{"rendered":"Comer\u021bul electronic: o strad\u0103 cu dou\u0103 sensuri."},"content":{"rendered":"<div class=\"woocommerce-product-details\"><\/div>","protected":false},"excerpt":{"rendered":"<p>Cu mul\u021bi ani de experien\u021b\u0103 \u00een diverse fronturi ale comer\u021bului electronic, patru profesioni\u0219ti din diferite domenii s-au reunit pentru a-\u0219i documenta cuno\u0219tin\u021bele \u0219i experien\u021bele \u00een lucrul cu v\u00e2nz\u0103rile online. Aceast\u0103 lucrare aduce scenariul 360 cu privire la ceea ce este nevoie pentru a gestiona diferite echipe \u0219i strategii ale unui comer\u021b electronic, prin subiecte precum planificarea afacerilor, marketing digital, birocra\u021bii, logistic\u0103, platform\u0103 de v\u00e2nz\u0103ri, sisteme de plat\u0103, printre altele. Este un ghid de la A la Z care ajut\u0103 profesioni\u0219tii care \u00ee\u0219i \u00eencep comer\u021bul electronic sau care sunt \u00een conducerea unuia, fie \u00een administra\u021bia general\u0103 a magazinului, fie \u00eentr-o anumit\u0103 echip\u0103.<\/p>","protected":false},"featured_media":94357,"comment_status":"open","ping_status":"closed","template":"","meta":[],"product_cat":[1611,1621,1595],"product_tag":[],"class_list":{"0":"post-94357","1":"product","2":"type-product","3":"status-publish","4":"has-post-thumbnail","6":"product_brand-por-denis-andrade-e-gabriela-schilling-edmilson-maleski-jessica-fragoso-autor-viseu-editor","7":"product_cat-administracao-negocios-e-economia","8":"product_cat-gestao-e-lideranca","9":"product_cat-livros","11":"first","12":"instock","13":"shipping-taxable","14":"purchasable","15":"product-type-simple"},"aioseo_notices":[],"_links":{"self":[{"href":"https:\/\/www.ecommerceupdate.com.br\/ro\/wp-json\/wp\/v2\/product\/94357","targetHints":{"allow":["GET"]}}],"collection":[{"href":"https:\/\/www.ecommerceupdate.com.br\/ro\/wp-json\/wp\/v2\/product"}],"about":[{"href":"https:\/\/www.ecommerceupdate.com.br\/ro\/wp-json\/wp\/v2\/types\/product"}],"replies":[{"embeddable":true,"href":"https:\/\/www.ecommerceupdate.com.br\/ro\/wp-json\/wp\/v2\/comments?post=94357"}],"wp:featuredmedia":[{"embeddable":true,"href":"https:\/\/www.ecommerceupdate.com.br\/ro\/wp-json\/wp\/v2\/product\/94357"}],"wp:attachment":[{"href":"https:\/\/www.ecommerceupdate.com.br\/ro\/wp-json\/wp\/v2\/media?parent=94357"}],"wp:term":[{"taxonomy":"product_cat","embeddable":true,"href":"https:\/\/www.ecommerceupdate.com.br\/ro\/wp-json\/wp\/v2\/product_cat?post=94357"},{"taxonomy":"product_tag","embeddable":true,"href":"https:\/\/www.ecommerceupdate.com.br\/ro\/wp-json\/wp\/v2\/product_tag?post=94357"}],"curies":[{"name":"wp","href":"https:\/\/api.w.org\/{rel}","templated":true}]}}