{"id":94359,"date":"2026-03-12T13:41:33","date_gmt":"2026-03-12T16:41:33","guid":{"rendered":"https:\/\/www.ecommerceupdate.com.br\/produto\/gestao-e-operacao-de-e-commerce-da-estrategia-a-pratica\/"},"modified":"2026-03-13T15:57:38","modified_gmt":"2026-03-13T18:57:38","slug":"gestao-e-operacao-de-e-commerce-da-estrategia-a-pratica","status":"publish","type":"product","link":"https:\/\/www.ecommerceupdate.com.br\/ro\/produto\/gestao-e-operacao-de-e-commerce-da-estrategia-a-pratica\/","title":{"rendered":"Managementul \u0219i operarea comer\u021bului electronic \u0219i de la strategie la practic\u0103"},"content":{"rendered":"<div class=\"woocommerce-product-details\">\n<h3>Detalii produs<\/h3>\n<ul>\n<li>ASIN: B0F48PH9VJ<\/li>\n<li>Accesibilitate: Afla\u021bi mai multe<\/li>\n<li>Data public\u0103rii: 9 aprilie 2025<\/li>\n<li>Limba: portugheza<\/li>\n<li>Dimensiunea fi\u0219ierului: 176 KB<\/li>\n<li>Cititor de ecran: Compatibil<\/li>\n<li>Configurarea fontului: Activat<\/li>\n<li>Sfaturi pentru vocabular: Nu este activat<\/li>\n<li>Num\u0103r de pagini: 127 pagini<\/li>\n<li>\u00centoarcerea paginii: Activat<\/li>\n<li>V\u00e2rsta de citire: 15 18 ani<\/li>\n<li>Clasamentul celor mai v\u00e2ndute: nr. 77.693 \u00een Kindle Store (\u00cent\u00e2lne\u0219te Top 100 \u00een categoria Kindle Store) nr. 912 \u00een calcul, internet \u0219i media digital\u0103 nr. 2.702 \u00een afaceri \u0219i economie<\/li>\n<li>912 \u00cen Calcul, Internet \u0219i media digital\u0103<\/li>\n<li>2,702 \u00een Afaceri \u0219i Economie<\/li>\n<li>Evalu\u0103ri clien\u021bi: 5,0 5,0 din 5 stele (2)<\/li>\n<\/ul><\/div>","protected":false},"excerpt":{"rendered":"<p>Managementul \u0219i operarea comer\u021bului electronic \u0219i de la strategie la practic\u0103<\/p>\n<p>Transform\u0103-\u021bi cuno\u0219tin\u021bele \u00een rezultate reale \u00een lumea digital\u0103!Aceast\u0103 carte este un ghid complet \u0219i didactic pentru cei care doresc s\u0103 st\u0103p\u00e2neasc\u0103 managementul, operarea \u0219i strategiile unui comer\u021b electronic modern \u0219i eficientScris \u00eentr-un mod practic \u0219i accesibil, Managementul \u0219i operarea comer\u021bului electronic (From Strategy to Practice reune\u0219te experien\u021be profesionale, fundamente teoretice \u0219i aplica\u021bii reale pentru cei care doresc s\u0103 ac\u021bioneze sau s\u0103 ac\u021bioneze deja pe pia\u021ba digital\u0103.Dac\u0103 e\u0219ti antreprenor, manager, student sau profesionist de marketing, logistic\u0103 sau administra\u021bie, aici vei g\u0103si un material indispensabil c\u0103l\u0103toriei tale \u00een comer\u021bul electronic.<\/p>\n<p>Ce ve\u021bi \u00eenv\u0103\u021ba \u00een aceast\u0103 carte: the Managementul comer\u021bului electronic . Cum s\u0103 planifica\u021bi, s\u0103 structura\u021bi \u0219i s\u0103 gestiona\u021bi o afacere online. the Marketing digital \u0219i v\u00e2nz\u0103ri  the Strategii practice pentru a atrage, converti \u0219i re\u021bine clien\u021bii. the Logistic\u0103 \u0219i Serviciu Clien\u021bi  the Bune practici \u0219i solu\u021bii pentru a oferi valoare \u0219i experien\u021b\u0103 pozitiv\u0103. the Management financiar \u0219i opera\u021bional  the Control, analiz\u0103 \u0219i luare a deciziilor strategice. the Experien\u021ba clien\u021bilor  the Cum s\u0103 \u00eenc\u00e2n\u021bi \u0219i s\u0103 creezi rela\u021bii de durat\u0103 \u00een mediul digital.. Cazuri practice, cadre explicative \u0219i grafic\u0103 . Con\u021binut vizual \u0219i direct pentru a facilita \u00eenv\u0103\u021barea.<\/p>\n<p>Pentru cine este aceast\u0103 carte?<\/p>\n<p><span>Antreprenorii care doresc s\u0103 creeze sau s\u0103 profesionalizeze comer\u021bul lor electronic.<\/span><\/p>\n<p>Antreprenorii care doresc s\u0103 creeze sau s\u0103 profesionalizeze comer\u021bul lor electronic.<\/p>\n<p><span>Studen\u021bi de Administra\u021bie, Marketing, Logistic\u0103 \u0219i Managementul Afacerilor.<\/span><\/p>\n<p>Studen\u021bi de Administra\u021bie, Marketing, Logistic\u0103 \u0219i Managementul Afacerilor.<\/p>\n<p><span>Profesioni\u0219ti pe pia\u021ba digital\u0103 care caut\u0103 actualizare practic\u0103 \u0219i teoretic\u0103.<\/span><\/p>\n<p>Profesioni\u0219ti pe pia\u021ba digital\u0103 care caut\u0103 actualizare practic\u0103 \u0219i teoretic\u0103.<\/p>\n<p><span>Persoanele care doresc s\u0103 \u00eenceap\u0103 o afacere online \u00een siguran\u021b\u0103 \u0219i s\u0103 planifice.<\/p>\n<p><\/span><span class=\"a-text-bold\">De ce s\u0103 cite\u0219ti aceast\u0103 carte?<\/span><\/p>\n<p><span>Comer\u021bul electronic este unul dintre sectoarele cu cea mai rapid\u0103 cre\u0219tere din Brazilia \u0219i din lume. Cu toate acestea, multe afaceri e\u0219ueaz\u0103 din cauza lipsei de management, planificare \u0219i func\u021bionare eficient\u0103.<\/span><\/p>\n<p><span>Aceast\u0103 carte este scris\u0103 pentru a umple acest gol \u0219i pentru a oferi un material complet, actualizat, bazat pe practic\u0103.<\/span><\/p>\n<p><span>Invata de la cei care traiesc digital in practica Deveniti un manager de e-commerce pregatit pentru provocarile si oportunitatile noii economii.<\/span><\/p>\n<p>Persoanele care doresc s\u0103 \u00eenceap\u0103 o afacere online \u00een siguran\u021b\u0103 \u0219i s\u0103 planifice.<\/p>\n<p>De ce s\u0103 citi\u021bi aceast\u0103 carte?E-commerce este unul dintre sectoarele cu cea mai rapid\u0103 cre\u0219tere din Brazilia \u0219i din lumeCu toate acestea, multe afaceri e\u0219ueaz\u0103 din cauza lipsei de management, planificare \u0219i func\u021bionare eficient\u0103Aceast\u0103 carte a fost scris\u0103 pentru a umple acest gol \u0219i pentru a oferi un material complet, actualizat \u0219i bazat pe practica pie\u021bei\u00cenv\u0103\u021ba\u021bi cu cei care tr\u0103iesc digital \u00een practic\u0103. Deveni\u021bi un manager de comer\u021b electronic preg\u0103tit pentru provoc\u0103rile \u0219i oportunit\u0103\u021bile noii economii.<\/p>","protected":false},"featured_media":94359,"comment_status":"open","ping_status":"closed","template":"","meta":[],"product_cat":[1611,1608,1607],"product_tag":[],"class_list":{"0":"post-94359","1":"product","2":"type-product","3":"status-publish","4":"has-post-thumbnail","6":"product_brand-por-vincius-germano-autor-formato-ebook-kindle","7":"product_cat-administracao-negocios-e-economia","8":"product_cat-ebooks-kindle","9":"product_cat-loja-kindle","11":"first","12":"instock","13":"shipping-taxable","14":"purchasable","15":"product-type-simple"},"aioseo_notices":[],"_links":{"self":[{"href":"https:\/\/www.ecommerceupdate.com.br\/ro\/wp-json\/wp\/v2\/product\/94359","targetHints":{"allow":["GET"]}}],"collection":[{"href":"https:\/\/www.ecommerceupdate.com.br\/ro\/wp-json\/wp\/v2\/product"}],"about":[{"href":"https:\/\/www.ecommerceupdate.com.br\/ro\/wp-json\/wp\/v2\/types\/product"}],"replies":[{"embeddable":true,"href":"https:\/\/www.ecommerceupdate.com.br\/ro\/wp-json\/wp\/v2\/comments?post=94359"}],"wp:featuredmedia":[{"embeddable":true,"href":"https:\/\/www.ecommerceupdate.com.br\/ro\/wp-json\/wp\/v2\/product\/94359"}],"wp:attachment":[{"href":"https:\/\/www.ecommerceupdate.com.br\/ro\/wp-json\/wp\/v2\/media?parent=94359"}],"wp:term":[{"taxonomy":"product_cat","embeddable":true,"href":"https:\/\/www.ecommerceupdate.com.br\/ro\/wp-json\/wp\/v2\/product_cat?post=94359"},{"taxonomy":"product_tag","embeddable":true,"href":"https:\/\/www.ecommerceupdate.com.br\/ro\/wp-json\/wp\/v2\/product_tag?post=94359"}],"curies":[{"name":"wp","href":"https:\/\/api.w.org\/{rel}","templated":true}]}}