{"id":94369,"date":"2026-03-12T13:44:41","date_gmt":"2026-03-12T16:44:41","guid":{"rendered":"https:\/\/www.ecommerceupdate.com.br\/produto\/sistemas-integrados-de-gestao-erp-uma-abordagem-gerencial\/"},"modified":"2026-03-13T15:59:28","modified_gmt":"2026-03-13T18:59:28","slug":"sistemas-integrados-de-gestao-erp-uma-abordagem-gerencial","status":"publish","type":"product","link":"https:\/\/www.ecommerceupdate.com.br\/ro\/produto\/sistemas-integrados-de-gestao-erp-uma-abordagem-gerencial\/","title":{"rendered":"Sisteme integrate de management &amp; ERP: o abordare managerial\u0103"},"content":{"rendered":"<div class=\"woocommerce-product-details\">\n<h3>Detalii produs<\/h3>\n<ul>\n<li>ASIN: B0F5753412<\/li>\n<li>Editura: Editura Intersaberes<\/li>\n<li>Accesibilitate: Afla\u021bi mai multe<\/li>\n<li>Data public\u0103rii: 1 august 2015<\/li>\n<li>Edi\u021bie: a 2-a<\/li>\n<li>Limba: portugheza<\/li>\n<li>Dimensiunea fi\u0219ierului: 2,2 MB<\/li>\n<li>Cititor de ecran: Compatibil<\/li>\n<li>Configurarea fontului: Activat<\/li>\n<li>Sfaturi pentru vocabular: Nu este activat<\/li>\n<li>Num\u0103r de pagini: 308 pagini<\/li>\n<li>ISBN-13:978-8544301616<\/li>\n<li>\u00centoarcerea paginii: Activat<\/li>\n<li>Clasamentul celor mai v\u00e2ndute: nr. 90.505 \u00een Kindle Store (\u00cent\u00e2lne\u0219te Top 100 \u00een categoria Kindle Store) nr. 3.157 \u00een Business &amp; Economics nr. 6.246 \u00een Business &amp; Economics (C\u0103r\u021bi)<\/li>\n<li>3,157 \u00een Afaceri \u0219i Economie<\/li>\n<li>6,246 \u00een Afaceri, Afaceri \u0219i Economie (C\u0103r\u021bi)<\/li>\n<li>Recenzii Ale Clien\u021bilor: 4.4 4.4 din 5 stele (16)<\/li>\n<\/ul><\/div>","protected":false},"excerpt":{"rendered":"<p>Utilizarea sistemelor informatice a devenit un factor esen\u021bial pentru supravie\u021buirea organiza\u021biilor \u00eenc\u0103 din anii 1990 Valoarea unei baze de date este incomensurabil\u0103 pentru compania care o de\u021bine \u0219i dore\u0219te s\u0103 prospere. ca urmare a unei experien\u021be de 25 de ani \u00een domeniu, autorul prezint\u0103, \u00een aceast\u0103 carte, principalele concepte legate de ERP (sisteme integrate de management), cu accent pe sistemele de produc\u021bie industrial\u0103 \u0219i securitatea \u0219i controlul \u00een sistemele informa\u021bionale. \u00een aceast\u0103 edi\u021bie, subiecte legate de noile tehnologii informa\u021bionale, cum ar fi big data \u0219i cloud computing, ca actualiz\u0103ri de con\u021binut, cum ar fi ERP pentru opera\u021biuni de comer\u021b electronic, utilizarea sistemelor informa\u021bionale \u0219i sistemele informa\u021bionale pentru ciclul de via\u021b\u0103, au fost incluse \u00een zona de dezvoltare (procesele de informa\u021bii, precum \u0219i sistemele etice \u0219i profesionale ale informa\u021biilor, sunt utilizate \u00een zona de informare, \u00een zona de luare a deciziilor, \u00een zona de luare a deciziilor, \u0219i sistemele informa\u021bionale ale informa\u021biilor, \u00een informa\u021bii, \u00een zona de luare a deciziilor, \u00een procesul de luare a deciziilor a informa\u021biilor, \u00een procesul de luare a deciziilor a procesului de luare a deciziilor a informa\u021biilor, \u00een informarea procesului de luare a deciziilor a procesului de luare a deciziilor a informa\u021biilor, \u00een informarea procesului de luare a deciziilor a procesului de luare a deciziilor a informa\u021biilor, \u00een informarea procesului de luare a deciziilor a procesului de luare a deciziilor a informa\u021biilor, \u00een informarea procesului de luare a deciziilor a informa\u021biilor, \u00een informarea procesului de luare a deciziilor a informa\u021biilor, \u00een informarea procesului de luare a deciziilor a informa\u021biilor, \u00een informarea procesului de luare a deciziilor a informa\u021biilor, \u00een cercetarea.<\/p>","protected":false},"featured_media":94369,"comment_status":"open","ping_status":"closed","template":"","meta":[],"product_cat":[1611,1608,1607],"product_tag":[],"class_list":{"0":"post-94369","1":"product","2":"type-product","3":"status-publish","4":"has-post-thumbnail","6":"product_brand-por-ccero-caiara-junior-autor-formato-ebook-kindle","7":"product_cat-administracao-negocios-e-economia","8":"product_cat-ebooks-kindle","9":"product_cat-loja-kindle","11":"first","12":"instock","13":"sale","14":"shipping-taxable","15":"purchasable","16":"product-type-simple"},"aioseo_notices":[],"_links":{"self":[{"href":"https:\/\/www.ecommerceupdate.com.br\/ro\/wp-json\/wp\/v2\/product\/94369","targetHints":{"allow":["GET"]}}],"collection":[{"href":"https:\/\/www.ecommerceupdate.com.br\/ro\/wp-json\/wp\/v2\/product"}],"about":[{"href":"https:\/\/www.ecommerceupdate.com.br\/ro\/wp-json\/wp\/v2\/types\/product"}],"replies":[{"embeddable":true,"href":"https:\/\/www.ecommerceupdate.com.br\/ro\/wp-json\/wp\/v2\/comments?post=94369"}],"wp:featuredmedia":[{"embeddable":true,"href":"https:\/\/www.ecommerceupdate.com.br\/ro\/wp-json\/wp\/v2\/product\/94369"}],"wp:attachment":[{"href":"https:\/\/www.ecommerceupdate.com.br\/ro\/wp-json\/wp\/v2\/media?parent=94369"}],"wp:term":[{"taxonomy":"product_cat","embeddable":true,"href":"https:\/\/www.ecommerceupdate.com.br\/ro\/wp-json\/wp\/v2\/product_cat?post=94369"},{"taxonomy":"product_tag","embeddable":true,"href":"https:\/\/www.ecommerceupdate.com.br\/ro\/wp-json\/wp\/v2\/product_tag?post=94369"}],"curies":[{"name":"wp","href":"https:\/\/api.w.org\/{rel}","templated":true}]}}