{"id":94435,"date":"2026-03-13T09:18:12","date_gmt":"2026-03-13T12:18:12","guid":{"rendered":"https:\/\/www.ecommerceupdate.com.br\/produto\/pacote-com-2-alcas-de-mao-confortaveis-para-kindle-e-tablets-acessorios-kindle-para-leitura-na-cama-suporte-seguro-e-leve-para-tablet-de-47-a-8-polegadas-branco-papel-kobo-oasis-e-book-telefone\/"},"modified":"2026-03-13T16:03:36","modified_gmt":"2026-03-13T19:03:36","slug":"pacote-com-2-alcas-de-mao-confortaveis-para-kindle-e-tablets-acessorios-kindle-para-leitura-na-cama-suporte-seguro-e-leve-para-tablet-de-47-a-8-polegadas-branco-papel-kobo-oasis-e-book-telefone","status":"publish","type":"product","link":"https:\/\/www.ecommerceupdate.com.br\/ro\/produto\/pacote-com-2-alcas-de-mao-confortaveis-para-kindle-e-tablets-acessorios-kindle-para-leitura-na-cama-suporte-seguro-e-leve-para-tablet-de-47-a-8-polegadas-branco-papel-kobo-oasis-e-book-telefone\/","title":{"rendered":"Pachet cu 2 curele de m\u00e2n\u0103 confortabile pentru Kindle \u0219i tablete, accesorii Kindle pentru citit \u00een pat, suport pentru tablete sigur \u0219i u\u0219or de la 4,7 la 8 inchi\/h\u00e2rtie alb\u0103\/Kobo\/Oasis\/E-Book\/telefon"},"content":{"rendered":"<div class=\"woocommerce-product-details\">\n<h3>Descrierea produsului<\/h3>\n<p>Universal 10 la 20 cm grip pentru Kindle: 2 unit\u0103\u021bi de sprijin kindle pentru a ata\u0219a cu u\u0219urin\u021b\u0103 orice dispozitiv (10 la 20 cm) cu sau f\u0103r\u0103 un capac de protec\u021bie. suport Kindle proiectat cu br\u0103\u021b\u0103ri elastice din silicon cu design anti-alunecare, se adapteaz\u0103 la Kindles, telefoane, tablete \u0219i e-cititoare \u00een timp ce protejeaz\u0103 ecranele de zg\u00e2rieturi<\/p>\n<table id=\"productDetails_techSpec_section_1\" class=\"a-keyvalue prodDetTable\">\n<tr>\n<th class=\"a-color-secondary a-size-base prodDetSectionEntry\"> Caracteristici speciale <\/th>\n<td class=\"a-size-base prodDetAttrValue\"> M\u00e2ner reglabil <\/td>\n<\/tr>\n<tr>\n<th class=\"a-color-secondary a-size-base prodDetSectionEntry\"> Format <\/th>\n<td class=\"a-size-base prodDetAttrValue\"> Man\u0219on <\/td>\n<\/tr>\n<tr>\n<th class=\"a-color-secondary a-size-base prodDetSectionEntry\"> Culoare <\/th>\n<td class=\"a-size-base prodDetAttrValue\"> Negru <\/td>\n<\/tr>\n<tr>\n<th class=\"a-color-secondary a-size-base prodDetSectionEntry\"> Componente incluse <\/th>\n<td class=\"a-size-base prodDetAttrValue\"> M\u00e2ner <\/td>\n<\/tr>\n<tr>\n<th class=\"a-color-secondary a-size-base prodDetSectionEntry\"> Num\u0103r de unit\u0103\u021bi <\/th>\n<td class=\"a-size-base prodDetAttrValue\"> 2 <\/td>\n<\/tr>\n<tr>\n<th class=\"a-color-secondary a-size-base prodDetSectionEntry\"> Material <\/th>\n<td class=\"a-size-base prodDetAttrValue\"> Silicon <\/td>\n<\/tr>\n<tr>\n<th class=\"a-color-secondary a-size-base prodDetSectionEntry\"> Greutatea produsului <\/th>\n<td class=\"a-size-base prodDetAttrValue\"> 22,7 G <\/td>\n<\/tr>\n<tr>\n<th class=\"a-color-secondary a-size-base prodDetSectionEntry\"> Dimensiunile produsului <\/th>\n<td class=\"a-size-base prodDetAttrValue\"> 0,25 X 0,25 x 0,25 cm; 22,68g <\/td>\n<\/tr>\n<tr>\n<th class=\"a-color-secondary a-size-base prodDetSectionEntry\"> Marca <\/th>\n<td class=\"a-size-base prodDetAttrValue\"> Generic <\/td>\n<\/tr>\n<tr>\n<th class=\"a-color-secondary a-size-base prodDetSectionEntry\"> Bateria sau bateria func\u021bioneaz\u0103? <\/th>\n<td class=\"a-size-base prodDetAttrValue\"> Nu <\/td>\n<\/tr>\n<\/table><\/div>","protected":false},"excerpt":{"rendered":"<ul>\n<li> Confort pe tot parcursul zilei: spune adio oboselii m\u00e2inilor! accesoriile noastre kindle pentru femei cu curea din silicon pentru piele, indiferent dac\u0103 citesc \u00een pat sau c\u0103l\u0103toresc. designul moale, respirabil r\u0103m\u00e2ne confortabil \u00een timpul sesiunilor lungi de lectur\u0103  <\/li>\n<\/ul>","protected":false},"featured_media":94435,"comment_status":"open","ping_status":"closed","template":"","meta":[],"product_cat":[1901,1900],"product_tag":[],"class_list":{"0":"post-94435","1":"product","2":"type-product","3":"status-publish","4":"has-post-thumbnail","6":"product_brand-marca-generic","7":"product_cat-e-readers-e-acessorios","8":"product_cat-eletronicos-e-tecnologia","10":"first","11":"instock","12":"shipping-taxable","13":"purchasable","14":"product-type-simple"},"aioseo_notices":[],"_links":{"self":[{"href":"https:\/\/www.ecommerceupdate.com.br\/ro\/wp-json\/wp\/v2\/product\/94435","targetHints":{"allow":["GET"]}}],"collection":[{"href":"https:\/\/www.ecommerceupdate.com.br\/ro\/wp-json\/wp\/v2\/product"}],"about":[{"href":"https:\/\/www.ecommerceupdate.com.br\/ro\/wp-json\/wp\/v2\/types\/product"}],"replies":[{"embeddable":true,"href":"https:\/\/www.ecommerceupdate.com.br\/ro\/wp-json\/wp\/v2\/comments?post=94435"}],"wp:featuredmedia":[{"embeddable":true,"href":"https:\/\/www.ecommerceupdate.com.br\/ro\/wp-json\/wp\/v2\/product\/94435"}],"wp:attachment":[{"href":"https:\/\/www.ecommerceupdate.com.br\/ro\/wp-json\/wp\/v2\/media?parent=94435"}],"wp:term":[{"taxonomy":"product_cat","embeddable":true,"href":"https:\/\/www.ecommerceupdate.com.br\/ro\/wp-json\/wp\/v2\/product_cat?post=94435"},{"taxonomy":"product_tag","embeddable":true,"href":"https:\/\/www.ecommerceupdate.com.br\/ro\/wp-json\/wp\/v2\/product_tag?post=94435"}],"curies":[{"name":"wp","href":"https:\/\/api.w.org\/{rel}","templated":true}]}}