{"id":91654,"date":"2026-02-07T11:58:45","date_gmt":"2026-02-07T14:58:45","guid":{"rendered":"https:\/\/www.ecommerceupdate.org\/produto\/steve-jobs\/"},"modified":"2026-03-13T15:23:10","modified_gmt":"2026-03-13T18:23:10","slug":"steve-jobs","status":"publish","type":"product","link":"https:\/\/www.ecommerceupdate.com.br\/sk\/produto\/steve-jobs\/","title":{"rendered":"Steve Jobs"},"content":{"rendered":"<div class=\"woocommerce-product-details\">\n<div id=\"aplus_feature_div\" class=\"celwidget\" data-feature-name=\"aplus\" data-csa-c-type=\"widget\" data-csa-c-content-id=\"aplus\" data-csa-c-slot-id=\"aplus_feature_div\" data-csa-c-asin=\"\" data-csa-c-is-in-initial-active-row=\"false\">\n<div id=\"aplus\" class=\"a-section a-spacing-large bucket\">\n<h3 class=\"\">Od vydavate\u013ea<\/h3>\n<div lang=\"pt_BR\">\n<div class=\"aplus-v2 desktop celwidget\">\n<div class=\"celwidget aplus-module module-12 aplus-standard\">\n<div class=\"aplus-module-wrapper apm-spacing apm-floatnone apm-fixed-width\">\n<div class=\"apm-sidemodule aplus-module-content\">\n<div class=\"apm-hero-image\"> <img decoding=\"async\" alt=\"steve jobs\" src=\"https:\/\/m.media-amazon.com\/images\/S\/aplus-media-library-service-media\/efed023c-6914-4994-aaea-5774ccd240c8.__CR0,0,970,300_PT0_SX970_V1___.jpg\" \/> <\/div>\n<\/p>\n<\/div>\n<\/div>\n<\/div>\n<div class=\"celwidget aplus-module 3p-module-b aplus-standard\">\n<div class=\"aplus-module-wrapper aplus-3p-fixed-width\"> <img decoding=\"async\" alt=\"steve jobs\" src=\"https:\/\/m.media-amazon.com\/images\/S\/aplus-media-library-service-media\/5343247a-b760-41e3-9818-0148cb61ec65.__CR0,0,970,600_PT0_SX970_V1___.jpg\" \/> <\/div>\n<\/p>\n<\/div>\n<div class=\"celwidget aplus-module 3p-module-b aplus-standard\">\n<div class=\"aplus-module-wrapper aplus-3p-fixed-width\"> <img decoding=\"async\" alt=\"steve jobs\" src=\"https:\/\/m.media-amazon.com\/images\/S\/aplus-media-library-service-media\/6fc2404e-f3f2-43f3-950a-6553cc80506f.__CR0,0,970,600_PT0_SX970_V1___.jpg\" \/> <\/div>\n<\/p>\n<\/div>\n<div class=\"celwidget aplus-module module-12 aplus-standard\">\n<div class=\"aplus-module-wrapper apm-spacing apm-floatnone apm-fixed-width\">\n<div class=\"apm-sidemodule aplus-module-content\">\n<div class=\"apm-hero-image\"> <img decoding=\"async\" alt=\"steve jobs\" src=\"https:\/\/m.media-amazon.com\/images\/S\/aplus-media-library-service-media\/b4e5cb13-62fe-4d29-96f7-68f8c0bb82c9.__CR0,0,970,300_PT0_SX970_V1___.jpg\" \/> <\/div>\n<\/p>\n<\/div>\n<\/div>\n<\/div>\n<div class=\"celwidget aplus-module module-5 aplus-standard\">\n<div class=\"aplus-module-wrapper apm-fixed-width\">\n<div class=\"apm-spacing aplus-module-content\">\n<div class=\"apm-tablemodule\">\n<table class=\"apm-tablemodule-table\" cellspacing=\"0\" cellpadding=\"0\">\n<tbody>\n<tr class=\"apm-tablemodule-imagerows\">\n<td class=\"apm-tablemodule-blankkeyhead\" \/>\n<th> <a href='\/sk\/dp\/B075CN35WH\/?ref=emc_s_m_5_i_atc'> <\/p>\n<div class=\"apm-tablemodule-image\"> <img decoding=\"async\" alt=\"\" src=\"https:\/\/m.media-amazon.com\/images\/S\/aplus-media-library-service-media\/bf653dba-9860-47a6-a7ef-8757b14b1b36.__CR0,0,150,300_PT0_SX150_V1___.jpg\" width=\"148.0px\" \/> <\/div>\n<div> Leonarda da Vinciho <\/div>\n<p> <\/a> <\/th>\n<th> <a href='\/sk\/dp\/B08R7ZHTLM\/?ref=emc_s_m_5_i_atc'> <\/p>\n<div class=\"apm-tablemodule-image\"> <img decoding=\"async\" alt=\"\" src=\"https:\/\/m.media-amazon.com\/images\/S\/aplus-media-library-service-media\/cd62543f-694a-4708-a394-d6454a78be32.__CR0,0,150,300_PT0_SX150_V1___.jpg\" width=\"148.0px\" \/> <\/div>\n<div> Inov\u00e1tori <\/div>\n<p> <\/a> <\/th>\n<th> <a href='\/sk\/dp\/B08X192R3Y\/?ref=emc_s_m_5_i_atc'> <\/p>\n<div class=\"apm-tablemodule-image\"> <img decoding=\"async\" alt=\"\" src=\"https:\/\/m.media-amazon.com\/images\/S\/aplus-media-library-service-media\/87d4f507-fb8f-4774-aeb7-f4e4cfcc39f0.__CR0,0,150,300_PT0_SX150_V1___.jpg\" width=\"148.0px\" \/> <\/div>\n<div> Dekod\u00e9r <\/div>\n<p> <\/a> <\/th>\n<th> <a href='\/sk\/dp\/B08L9PMZPX\/?ref=emc_s_m_5_i_atc'> <\/p>\n<div class=\"apm-tablemodule-image\"> <img decoding=\"async\" alt=\"\" src=\"https:\/\/m.media-amazon.com\/images\/S\/aplus-media-library-service-media\/750ff88f-62e1-485d-b01f-b47404b2a134.__CR0,0,150,300_PT0_SX150_V1___.jpg\" width=\"148.0px\" \/> <\/div>\n<div> Alexandra Hamiltona <\/div>\n<p> <\/a> <\/th>\n<th> <a href='\/sk\/dp\/B01555GJKE\/?ref=emc_s_m_5_i_atc'> <\/p>\n<div class=\"apm-tablemodule-image\"> <img decoding=\"async\" alt=\"\" src=\"https:\/\/m.media-amazon.com\/images\/S\/aplus-media-library-service-media\/9a203d85-5049-4446-9126-60e551d7a606.__CR0,0,150,300_PT0_SX150_V1___.jpg\" width=\"148.0px\" \/> <\/div>\n<div> Elon Musk: Ako miliard\u00e1r CEO SpaceX a Tesla formuje na\u0161u bud\u00facnos\u0165 <\/div>\n<p> <\/a> <\/th>\n<\/tr>\n<tr class=\"apm-tablemodule-atc\">\n<td class=\"apm-tablemodule-blankkeyhead\" \/>\n<td>\n<div class=\"add-to-cart\"> <span class=\"a-button a-button-base\"><span class=\"a-button-inner\"><a href=\"\/sk\/dp\/B075CN35WH\/?ref=emc_s_m_5_i_atc\" class=\"a-button-text\"> Mo\u017enosti n\u00e1kupu <\/a><\/span><\/span> <\/div>\n<\/td>\n<td>\n<div class=\"add-to-cart\"> <span class=\"a-button a-button-base\"><span class=\"a-button-inner\"><a href=\"\/sk\/dp\/B08R7ZHTLM\/?ref=emc_s_m_5_i_atc\" class=\"a-button-text\"> Mo\u017enosti n\u00e1kupu <\/a><\/span><\/span> <\/div>\n<\/td>\n<td>\n<div class=\"add-to-cart\"> <span class=\"a-button a-button-base\"><span class=\"a-button-inner\"><a href=\"\/sk\/dp\/B08X192R3Y\/?ref=emc_s_m_5_i_atc\" class=\"a-button-text\"> Mo\u017enosti n\u00e1kupu <\/a><\/span><\/span> <\/div>\n<\/td>\n<td>\n<div class=\"add-to-cart\"> <span class=\"a-button a-button-base\"><span class=\"a-button-inner\"><a href=\"\/sk\/dp\/B08L9PMZPX\/?ref=emc_s_m_5_i_atc\" class=\"a-button-text\"> Mo\u017enosti n\u00e1kupu <\/a><\/span><\/span> <\/div>\n<\/td>\n<td>\n<div class=\"add-to-cart\"> <span class=\"a-button a-button-base\"><span class=\"a-button-inner\"><a href=\"\/sk\/dp\/B01555GJKE\/?ref=emc_s_m_5_i_atc\" class=\"a-button-text\"> Mo\u017enosti n\u00e1kupu <\/a><\/span><\/span> <\/div>\n<\/td>\n<\/tr>\n<tr class=\"apm-tablemodule-keyvalue\">\n<th class=\"apm-tablemodule-keyhead\"> <span class=\"a-color-secondary\"> Hodnotenie z\u00e1kazn\u00edkov <\/span> <\/th>\n<td class=\"apm-tablemodule-valuecell apm-checked\" style=\"width:191px\">\n<div class=\"\">\n<div class=\"a-size-base\"> <i class=\"a-icon a-icon-star-small a-star-small-5 a-spacing-none\"><span class=\"a-icon-alt\">4,8 Z 5 hviezdi\u010diek<\/span><\/i> <span class=\"a-size-mini a-color-base\">4.513<\/span> <\/div>\n<\/p>\n<\/div>\n<\/td>\n<td class=\"apm-tablemodule-valuecell apm-checked\" style=\"width:191px\">\n<div class=\"\">\n<div class=\"a-size-base\"> <i class=\"a-icon a-icon-star-small a-star-small-4-5 a-spacing-none\"><span class=\"a-icon-alt\">4,7 Z 5 hviezdi\u010diek<\/span><\/i> <span class=\"a-size-mini a-color-base\">238<\/span> <\/div>\n<\/p>\n<\/div>\n<\/td>\n<td class=\"apm-tablemodule-valuecell apm-checked\" style=\"width:191px\">\n<div class=\"\">\n<div class=\"a-size-base\"> <i class=\"a-icon a-icon-star-small a-star-small-5 a-spacing-none\"><span class=\"a-icon-alt\">4,8 Z 5 hviezdi\u010diek<\/span><\/i> <span class=\"a-size-mini a-color-base\">880<\/span> <\/div>\n<\/p>\n<\/div>\n<\/td>\n<td class=\"apm-tablemodule-valuecell apm-checked\" style=\"width:191px\">\n<div class=\"\">\n<div class=\"a-size-base\"> <i class=\"a-icon a-icon-star-small a-star-small-5 a-spacing-none\"><span class=\"a-icon-alt\">4,8 Z 5 hviezdi\u010diek<\/span><\/i> <span class=\"a-size-mini a-color-base\">478<\/span> <\/div>\n<\/p>\n<\/div>\n<\/td>\n<td class=\"apm-tablemodule-valuecell apm-checked\" style=\"width:191px\">\n<div class=\"\">\n<div class=\"a-size-base\"> <i class=\"a-icon a-icon-star-small a-star-small-4-5 a-spacing-none\"><span class=\"a-icon-alt\">4,7 Z 5 hviezdi\u010diek<\/span><\/i> <span class=\"a-size-mini a-color-base\">5.138<\/span> <\/div>\n<\/p>\n<\/div>\n<\/td>\n<\/tr>\n<tr class=\"apm-tablemodule-keyvalue\">\n<th class=\"apm-tablemodule-keyhead\"> <span class=\"a-color-secondary\"> Cena <\/span> <\/th>\n<td class=\"apm-tablemodule-valuecell apm-checked\" style=\"width:191px\"> <span class=\"a-price\" data-a-size=\"medium_plus\" data-a-color=\"base\"><span class=\"a-offscreen\">R$ 65.10<\/span><span aria-hidden=\"true\"><span class=\"a-price-symbol\">R$<\/span><span class=\"a-price-whole\">65<span class=\"a-price-decimal\">,<\/span><\/span><span class=\"a-price-fraction\">10<\/span><\/span><\/span> <\/td>\n<td class=\"apm-tablemodule-valuecell apm-checked\" style=\"width:191px\"> <span class=\"a-price\" data-a-size=\"medium_plus\" data-a-color=\"base\"><span class=\"a-offscreen\">R$ 92,61<\/span><span aria-hidden=\"true\"><span class=\"a-price-symbol\">R$<\/span><span class=\"a-price-whole\">92<span class=\"a-price-decimal\">,<\/span><\/span><span class=\"a-price-fraction\">61<\/span><\/span><\/span> <\/td>\n<td class=\"apm-tablemodule-valuecell apm-checked\" style=\"width:191px\"> <span class=\"a-price\" data-a-size=\"medium_plus\" data-a-color=\"base\"><span class=\"a-offscreen\">R$ 49.41<\/span><span aria-hidden=\"true\"><span class=\"a-price-symbol\">R$<\/span><span class=\"a-price-whole\">49<span class=\"a-price-decimal\">,<\/span><\/span><span class=\"a-price-fraction\">41<\/span><\/span><\/span> <\/td>\n<td class=\"apm-tablemodule-valuecell apm-checked\" style=\"width:191px\"> <span class=\"a-price\" data-a-size=\"medium_plus\" data-a-color=\"base\"><span class=\"a-offscreen\">R$ 74,61<\/span><span aria-hidden=\"true\"><span class=\"a-price-symbol\">R$<\/span><span class=\"a-price-whole\">74<span class=\"a-price-decimal\">,<\/span><\/span><span class=\"a-price-fraction\">61<\/span><\/span><\/span> <\/td>\n<td class=\"apm-tablemodule-valuecell apm-checked\" style=\"width:191px\"> <span class=\"a-price\" data-a-size=\"medium_plus\" data-a-color=\"base\"><span class=\"a-offscreen\">R$ 49.41<\/span><span aria-hidden=\"true\"><span class=\"a-price-symbol\">R$<\/span><span class=\"a-price-whole\">49<span class=\"a-price-decimal\">,<\/span><\/span><span class=\"a-price-fraction\">41<\/span><\/span><\/span> <\/td>\n<\/tr>\n<tr class=\"apm-tablemodule-keyvalue\">\n<th class=\"apm-tablemodule-keyhead\"> <span class=\"a-color-secondary\"> Pozna\u0165 \u010fal\u0161ie podobn\u00e9 tituly <\/span> <\/th>\n<td class=\"apm-tablemodule-valuecell\" style=\"width:191px\"> <span class=\"a-size-base\"> Vn\u00fatorn\u00fd <\/span> <\/td>\n<td class=\"apm-tablemodule-valuecell\" style=\"width:191px\"> <span class=\"a-size-base\"> Vn\u00fatorn\u00fd <\/span> <\/td>\n<td class=\"apm-tablemodule-valuecell\" style=\"width:191px\"> <span class=\"a-size-base\"> Vn\u00fatorn\u00fd <\/span> <\/td>\n<td class=\"apm-tablemodule-valuecell\" style=\"width:191px\"> <span class=\"a-size-base\"> Vn\u00fatorn\u00fd <\/span> <\/td>\n<td class=\"apm-tablemodule-valuecell\" style=\"width:191px\"> <span class=\"a-size-base\"> Vn\u00fatorn\u00fd <\/span> <\/td>\n<\/tr>\n<\/tbody>\n<\/table>\n<\/div>\n<\/div>\n<\/div>\n<\/div>\n<\/div>\n<\/div>\n<\/div>\n<\/div>\n<h3>Podrobnosti o produkte<\/h3>\n<ul>\n<li>ASIN: B0BL5T4JJ7<\/li>\n<li>Vydavate\u013e: Intrinsic<\/li>\n<li>Pr\u00edstupnos\u0165: Zistite viac<\/li>\n<li>D\u00e1tum zverejnenia: 2 Decembra 2022<\/li>\n<li>Jazyk: portugal\u010dina<\/li>\n<li>Ve\u013ekos\u0165 s\u00faboru: 19.2 MB<\/li>\n<li>\u010c\u00edta\u010dka obrazovky: Kompatibiln\u00e1<\/li>\n<li>Konfigur\u00e1cia p\u00edsma: Povolen\u00e9<\/li>\n<li>Tipy pre slovn\u00fa z\u00e1sobu: Nie je povolen\u00e9<\/li>\n<li>Po\u010det str\u00e1n : 806 str\u00e1n<\/li>\n<li>ISBN-13:978-6555603330<\/li>\n<li>Prevr\u00e1tenie str\u00e1nky: Povolen\u00e9<\/li>\n<li>Vek \u010d\u00edtania: 16 rokov a viac<\/li>\n<li>Rebr\u00ed\u010dek najpred\u00e1vanej\u0161\u00edch: 16 041. miesto v Kindle Store (Zozn\u00e1mte sa s 100 najlep\u0161\u00edmi v kateg\u00f3rii Kindle Store) 10. miesto v Biografi\u00e1ch vedcov \u010d. 268 v Biografi\u00e1ch a autobiografi\u00e1ch<\/li>\n<li>10 In Biografie vedcov<\/li>\n<li>268 In \u017divotopisy a autobiografie<\/li>\n<li>Z\u00e1kazn\u00edcke recenzie: 4,8 4,8 z 5 hviezdi\u010diek (616)<\/li>\n<\/ul><\/div>","protected":false},"excerpt":{"rendered":"<p>\u017divotopis brilantn\u00e9ho a kontroverzn\u00e9ho spoluzakladate\u013ea Apple od trendov\u00e9ho autora Leonarda da Vinciho je znovu uveden\u00fd na trh v novom vydan\u00ed Na z\u00e1klade viac ako \u0161tyridsiatich rozhovorov uskuto\u010dnen\u00fdch so Stevom Jobsom po\u010das dvoch rokov a nieko\u013ek\u00fdch \u010fal\u0161\u00edch uskuto\u010dnen\u00fdch s viac ako stovkou rodiny, priatelia, oponenti, konkurenti a spolupracovn\u00edci Walter Isaacson v tejto biografii predstavuje fascinuj\u00facu trajekt\u00f3riu ikony. Intenz\u00edvny, siln\u00fd a v\u00e1\u0161niv\u00fd, Jobs \u017eil vysoko a n\u00edzko a sp\u00f4sobil revol\u00faciu v charaktere osobn\u00fdch po\u010d\u00edta\u010dov, animovan\u00fdch filmov, hudby, mobiln\u00e9ho telef\u00f3nu, zak\u00e1zan\u00fdch v\u00fdpo\u010dtov osobnosti a digit\u00e1lnych m\u00e9di\u00ed. <\/p>","protected":false},"featured_media":91654,"comment_status":"open","ping_status":"closed","template":"","meta":[],"product_cat":[1625,1608,1607],"product_tag":[],"class_list":{"0":"post-91654","1":"product","2":"type-product","3":"status-publish","4":"has-post-thumbnail","6":"product_brand-por-walter-isaacson-autor-rogerio-w-galindo-tradutor-formato-ebook-kindle","7":"product_cat-biografias-e-historias-reais","8":"product_cat-ebooks-kindle","9":"product_cat-loja-kindle","11":"first","12":"instock","13":"sale","14":"shipping-taxable","15":"purchasable","16":"product-type-simple"},"aioseo_notices":[],"_links":{"self":[{"href":"https:\/\/www.ecommerceupdate.com.br\/sk\/wp-json\/wp\/v2\/product\/91654","targetHints":{"allow":["GET"]}}],"collection":[{"href":"https:\/\/www.ecommerceupdate.com.br\/sk\/wp-json\/wp\/v2\/product"}],"about":[{"href":"https:\/\/www.ecommerceupdate.com.br\/sk\/wp-json\/wp\/v2\/types\/product"}],"replies":[{"embeddable":true,"href":"https:\/\/www.ecommerceupdate.com.br\/sk\/wp-json\/wp\/v2\/comments?post=91654"}],"wp:featuredmedia":[{"embeddable":true,"href":"https:\/\/www.ecommerceupdate.com.br\/sk\/wp-json\/wp\/v2\/product\/91654"}],"wp:attachment":[{"href":"https:\/\/www.ecommerceupdate.com.br\/sk\/wp-json\/wp\/v2\/media?parent=91654"}],"wp:term":[{"taxonomy":"product_cat","embeddable":true,"href":"https:\/\/www.ecommerceupdate.com.br\/sk\/wp-json\/wp\/v2\/product_cat?post=91654"},{"taxonomy":"product_tag","embeddable":true,"href":"https:\/\/www.ecommerceupdate.com.br\/sk\/wp-json\/wp\/v2\/product_tag?post=91654"}],"curies":[{"name":"wp","href":"https:\/\/api.w.org\/{rel}","templated":true}]}}