{"id":91661,"date":"2026-02-07T12:39:34","date_gmt":"2026-02-07T15:39:34","guid":{"rendered":"https:\/\/www.ecommerceupdate.org\/produto\/custos-de-operacoes-no-e-commerce\/"},"modified":"2026-04-18T23:36:55","modified_gmt":"2026-04-19T02:36:55","slug":"custos-de-operacoes-no-e-commerce","status":"publish","type":"product","link":"https:\/\/www.ecommerceupdate.com.br\/sk\/produto\/custos-de-operacoes-no-e-commerce\/","title":{"rendered":"N\u00e1klady na oper\u00e1cie v elektronickom obchode"},"content":{"rendered":"<div class=\"woocommerce-product-details\"><\/div>","protected":false},"excerpt":{"rendered":"<p>T\u00e1to kniha predstavuje cenn\u00e9 inform\u00e1cie o ve\u013emi d\u00f4le\u017eit\u00fdch faktoroch \u00faspe\u0161n\u00e9ho elektronick\u00e9ho obchodu: administrat\u00edva, mana\u017ement, logistika, po\u010d\u00edta\u010dov\u00e9 syst\u00e9my, marketing, sp\u00f4soby platby, dane, okrem nieko\u013ek\u00fdch \u010fal\u0161\u00edch d\u00f4le\u017eit\u00fdch t\u00e9m pre vytvorenie \u00faspe\u0161n\u00e9ho, konkurencieschopn\u00e9ho a ziskov\u00e9ho virtu\u00e1lneho podnikania.<\/p>","protected":false},"featured_media":91661,"comment_status":"open","ping_status":"closed","template":"","meta":{"_aipt_faq_data":""},"product_cat":[1611,1613,1595],"product_tag":[],"class_list":{"0":"post-91661","1":"product","2":"type-product","3":"status-publish","4":"has-post-thumbnail","6":"product_brand-por-silvana-torquato-fernandes-alves-autor-lcia-maria-tavares-autor","7":"product_cat-administracao-negocios-e-economia","8":"product_cat-industrias-e-profissoes","9":"product_cat-livros","11":"first","12":"instock","13":"sale","14":"shipping-taxable","15":"purchasable","16":"product-type-simple"},"aioseo_notices":[],"_links":{"self":[{"href":"https:\/\/www.ecommerceupdate.com.br\/sk\/wp-json\/wp\/v2\/product\/91661","targetHints":{"allow":["GET"]}}],"collection":[{"href":"https:\/\/www.ecommerceupdate.com.br\/sk\/wp-json\/wp\/v2\/product"}],"about":[{"href":"https:\/\/www.ecommerceupdate.com.br\/sk\/wp-json\/wp\/v2\/types\/product"}],"replies":[{"embeddable":true,"href":"https:\/\/www.ecommerceupdate.com.br\/sk\/wp-json\/wp\/v2\/comments?post=91661"}],"wp:featuredmedia":[{"embeddable":true,"href":"https:\/\/www.ecommerceupdate.com.br\/sk\/wp-json\/wp\/v2\/product\/91661"}],"wp:attachment":[{"href":"https:\/\/www.ecommerceupdate.com.br\/sk\/wp-json\/wp\/v2\/media?parent=91661"}],"wp:term":[{"taxonomy":"product_cat","embeddable":true,"href":"https:\/\/www.ecommerceupdate.com.br\/sk\/wp-json\/wp\/v2\/product_cat?post=91661"},{"taxonomy":"product_tag","embeddable":true,"href":"https:\/\/www.ecommerceupdate.com.br\/sk\/wp-json\/wp\/v2\/product_tag?post=91661"}],"curies":[{"name":"wp","href":"https:\/\/api.w.org\/{rel}","templated":true}]}}