{"id":91689,"date":"2026-02-07T21:29:21","date_gmt":"2026-02-08T00:29:21","guid":{"rendered":"https:\/\/www.ecommerceupdate.org\/produto\/chat-commerce-escale-seus-resultados-transformando-conversas-em-vendas\/"},"modified":"2026-03-13T15:25:55","modified_gmt":"2026-03-13T18:25:55","slug":"chat-commerce-escale-seus-resultados-transformando-conversas-em-vendas","status":"publish","type":"product","link":"https:\/\/www.ecommerceupdate.com.br\/sk\/produto\/chat-commerce-escale-seus-resultados-transformando-conversas-em-vendas\/","title":{"rendered":"Chat commerce: \u0161k\u00e1lujte svoje v\u00fdsledky premenou konverz\u00e1ci\u00ed na predaj"},"content":{"rendered":"<div class=\"woocommerce-product-details\">\n<div id=\"aplus_feature_div\" class=\"celwidget\" data-feature-name=\"aplus\" data-csa-c-type=\"widget\" data-csa-c-content-id=\"aplus\" data-csa-c-slot-id=\"aplus_feature_div\" data-csa-c-asin=\"\" data-csa-c-is-in-initial-active-row=\"false\">\n<div id=\"aplus\" class=\"a-section a-spacing-large bucket\">\n<h3 class=\"\">Od vydavate\u013ea<\/h3>\n<div lang=\"pt_BR\">\n<div class=\"aplus-v2 desktop celwidget\">\n<div class=\"celwidget aplus-module 3p-module-b aplus-standard\">\n<div class=\"aplus-module-wrapper aplus-3p-fixed-width\"> <img decoding=\"async\" alt=\"Chatova\u0165 obchod\" src=\"https:\/\/m.media-amazon.com\/images\/S\/aplus-media-library-service-media\/d3d278d5-8445-4a61-ac56-2b25195491b3.__CR0,0,970,600_PT0_SX970_V1___.jpg\" \/> <\/div>\n<\/p>\n<\/div>\n<div class=\"celwidget aplus-module module-12 aplus-standard\">\n<div class=\"aplus-module-wrapper apm-spacing apm-floatnone apm-fixed-width\">\n<div class=\"apm-sidemodule aplus-module-content\">\n<div class=\"apm-hero-image\"> <img decoding=\"async\" alt=\"Chatova\u0165 obchod\" src=\"https:\/\/m.media-amazon.com\/images\/S\/aplus-media-library-service-media\/3855f953-7d5d-4dcf-83ca-9d0648be4209.__CR0,0,970,300_PT0_SX970_V1___.jpg\" \/> <\/div>\n<\/p>\n<\/div>\n<\/div>\n<\/div>\n<div class=\"celwidget aplus-module module-12 aplus-standard\">\n<div class=\"aplus-module-wrapper apm-spacing apm-floatnone apm-fixed-width\">\n<div class=\"apm-sidemodule aplus-module-content\">\n<div class=\"apm-hero-image\"> <img decoding=\"async\" alt=\"Chatova\u0165 obchod\" src=\"https:\/\/m.media-amazon.com\/images\/S\/aplus-media-library-service-media\/96e162c3-c073-4e76-ab93-2411af3999ea.__CR0,0,970,300_PT0_SX970_V1___.jpg\" \/> <\/div>\n<\/p>\n<\/div>\n<\/div>\n<\/div>\n<div class=\"celwidget aplus-module module-12 aplus-standard\">\n<div class=\"aplus-module-wrapper apm-spacing apm-floatnone apm-fixed-width\">\n<div class=\"apm-sidemodule aplus-module-content\">\n<div class=\"apm-hero-image\"> <img decoding=\"async\" alt=\"Chatova\u0165 obchod\" src=\"https:\/\/m.media-amazon.com\/images\/S\/aplus-media-library-service-media\/b99f3a1e-92a8-4d02-ab81-406f7ecd06d0.__CR0,0,970,300_PT0_SX970_V1___.jpg\" \/> <\/div>\n<\/p>\n<\/div>\n<\/div>\n<\/div>\n<\/div>\n<\/div>\n<\/div>\n<\/div>\n<h3>Podrobnosti o produkte<\/h3>\n<ul>\n<li>Vydavate\u013e: Alta Books<\/li>\n<li>D\u00e1tum zverejnenia: 15 Decembra 2025<\/li>\n<li>Vydanie: 1a<\/li>\n<li>Jazyk: portugal\u010dina<\/li>\n<li>Po\u010det str\u00e1n : 236 str\u00e1n<\/li>\n<li>ISBN-10:8550828882<\/li>\n<li>ISBN-13:978-8550828886<\/li>\n<li>Hmotnos\u0165 produktu: 330g<\/li>\n<li>Rozmery: 15,7 x 1 x 23 cm<\/li>\n<li>Rebr\u00ed\u010dek najpred\u00e1vanej\u0161\u00edch: 184 732 v knih\u00e1ch (kateg\u00f3ria Meet the Top 100 in Books) 17. miesto v Microsoft \u010d. 123 v po\u010d\u00edta\u010dovom softv\u00e9ri a technol\u00f3gii \u010d. 139 v kult\u00fare na pracovisku<\/li>\n<li>17 V spolo\u010dnosti Microsoft<\/li>\n<li>123 V softv\u00e9ri v informatike a technike<\/li>\n<li>139 V Kult\u00fare pracovn\u00e9ho centra<\/li>\n<\/ul><\/div>","protected":false},"excerpt":{"rendered":"<p>Online predaj vstupuje do novej \u00e9ry, ktor\u00e1 sa rod\u00ed v rozhovore., Pam\u00e4t\u00e1te si iskru v o\u010diach dobr\u00e9ho predajcu? Ten, kto ni\u010d netla\u010d\u00ed, ale kto vie, \u017ee predaj, hlboko vo vn\u00fatri, je akt d\u00f4very. <br \/> T\u00e1 du\u0161a nikdy nezomrela, len \u010dasom zmenila tvar. <br \/> Rozdiel je v tom, \u017ee teraz technol\u00f3gia vr\u00e1tila zna\u010dk\u00e1m mo\u017enos\u0165 po\u010d\u00fava\u0165 a reagova\u0165 vo ve\u013ekom rozsahu, s bl\u00edzkos\u0165ou, inteligenciou a predov\u0161etk\u00fdm r\u00fdchlos\u0165ou, ktor\u00fa spotrebitelia chc\u00fa. <br \/> Najm\u00e4 v digit\u00e1lnom jazyku je t\u00e1to transform\u00e1cia \u010doraz r\u00fdchlej\u0161ia. <br \/> V Chat Commerce, prvej braz\u00edlskej knihe na t\u00fato t\u00e9mu, Tiago Vailati, podnikate\u013e, ktor\u00fd u\u017e mnoho rokov d\u00fdcha maloobchodom, od podlahy obchodu a\u017e po \u0161pi\u010dkov\u00e9 technol\u00f3gie, odha\u013euje tajomstvo zvl\u00e1dnutia tejto novej reality. <br \/> T\u00e1to kniha sa zrodila ako sprievodca pre t\u00fdch, ktor\u00ed sa sna\u017eia pochopi\u0165 logiku chatu <br \/> Obchod a uvies\u0165 ho do praxe vo va\u0161om podnikan\u00ed.Zistite tu: Pre\u010do nov\u00e9 gener\u00e1cie, ktor\u00e9 s\u00fa u\u017e v\u00e4\u010d\u0161inou spotrebite\u013eov, uprednost\u0148uj\u00fa dial\u00f3g pri n\u00e1kupe. <br \/> Ako m\u00f4\u017ee met\u00f3da CHAT premeni\u0165 va\u0161u slu\u017ebu na n\u00e1stroj pr\u00edjmov, ktor\u00fd kombinuje kontext, humaniz\u00e1ciu, aktiv\u00e1ciu a technol\u00f3giu. <br \/> \u010co robia \u00faspe\u0161n\u00e9 zna\u010dky, aby sa viac spojili a pred\u00e1vali, \u010d\u00edm nech\u00e1vaj\u00fa konkurenciu za sebou. <br \/> Pripravte sa premeni\u0165 ka\u017ed\u00fa konverz\u00e1ciu na skuto\u010dn\u00fa predajn\u00fa pr\u00edle\u017eitos\u0165 a ka\u017ed\u00fa interakciu na nov\u00fd sp\u00f4sob spojenia so svoj\u00edm z\u00e1kazn\u00edkom, preto\u017ee na konci d\u0148a zna\u010dky, ktor\u00e9 to pochopia ako prv\u00e9, nielen viac predaj\u00fa, ale zmenia hru.<\/p>","protected":false},"featured_media":91689,"comment_status":"open","ping_status":"closed","template":"","meta":[],"product_cat":[1611,1621,1595],"product_tag":[],"class_list":{"0":"post-91689","1":"product","2":"type-product","3":"status-publish","4":"has-post-thumbnail","6":"product_brand-por-tiago-vailati-autor","7":"product_cat-administracao-negocios-e-economia","8":"product_cat-gestao-e-lideranca","9":"product_cat-livros","11":"first","12":"instock","13":"sale","14":"shipping-taxable","15":"purchasable","16":"product-type-simple"},"aioseo_notices":[],"_links":{"self":[{"href":"https:\/\/www.ecommerceupdate.com.br\/sk\/wp-json\/wp\/v2\/product\/91689","targetHints":{"allow":["GET"]}}],"collection":[{"href":"https:\/\/www.ecommerceupdate.com.br\/sk\/wp-json\/wp\/v2\/product"}],"about":[{"href":"https:\/\/www.ecommerceupdate.com.br\/sk\/wp-json\/wp\/v2\/types\/product"}],"replies":[{"embeddable":true,"href":"https:\/\/www.ecommerceupdate.com.br\/sk\/wp-json\/wp\/v2\/comments?post=91689"}],"wp:featuredmedia":[{"embeddable":true,"href":"https:\/\/www.ecommerceupdate.com.br\/sk\/wp-json\/wp\/v2\/product\/91689"}],"wp:attachment":[{"href":"https:\/\/www.ecommerceupdate.com.br\/sk\/wp-json\/wp\/v2\/media?parent=91689"}],"wp:term":[{"taxonomy":"product_cat","embeddable":true,"href":"https:\/\/www.ecommerceupdate.com.br\/sk\/wp-json\/wp\/v2\/product_cat?post=91689"},{"taxonomy":"product_tag","embeddable":true,"href":"https:\/\/www.ecommerceupdate.com.br\/sk\/wp-json\/wp\/v2\/product_tag?post=91689"}],"curies":[{"name":"wp","href":"https:\/\/api.w.org\/{rel}","templated":true}]}}