{"id":91691,"date":"2026-02-07T21:29:45","date_gmt":"2026-02-08T00:29:45","guid":{"rendered":"https:\/\/www.ecommerceupdate.org\/produto\/e-mails-que-vendem-guia-pratico-para-campanhas-de-e-mail-marketing-lucrativas\/"},"modified":"2026-03-13T15:26:07","modified_gmt":"2026-03-13T18:26:07","slug":"e-mails-que-vendem-guia-pratico-para-campanhas-de-e-mail-marketing-lucrativas","status":"publish","type":"product","link":"https:\/\/www.ecommerceupdate.com.br\/sk\/produto\/e-mails-que-vendem-guia-pratico-para-campanhas-de-e-mail-marketing-lucrativas\/","title":{"rendered":"E-maily, ktor\u00e9 pred\u00e1vaj\u00fa: praktick\u00fd sprievodca ziskov\u00e9 e-mailov\u00e9 marketingov\u00e9 kampane"},"content":{"rendered":"<div class=\"woocommerce-product-details\">\n<h3>Podrobnosti o produkte<\/h3>\n<ul>\n<li>Vydavate\u013e: DVS EDITORA<\/li>\n<li>D\u00e1tum zverejnenia: 4 Novembra 2020<\/li>\n<li>Vydanie: 1a<\/li>\n<li>Jazyk: portugal\u010dina<\/li>\n<li>Po\u010det str\u00e1n : 168 str\u00e1n<\/li>\n<li>ISBN-10:6556950157<\/li>\n<li>ISBN-13:978-6556950150<\/li>\n<li>Hmotnos\u0165 produktu: 240g<\/li>\n<li>Rozmery: 16 x 1 x 23 cm<\/li>\n<li>Rebr\u00ed\u010dek najpred\u00e1vanej\u0161\u00edch kn\u00edh: 34 414 v kateg\u00f3rii Knihy (zozn\u00e1mte sa s 100 najlep\u0161\u00edmi v kateg\u00f3rii Knihy) 48. miesto vo webovom marketingu 71. miesto v predaji a predajcovia 88. miesto v marketingu<\/li>\n<li>48 Vo webovom marketingu<\/li>\n<li>71 V Predaj a predajcovia<\/li>\n<li>88 V marketingu<\/li>\n<li>Z\u00e1kazn\u00edcke recenzie: 4,5 4,5 z 5 hviezdi\u010diek (312)<\/li>\n<\/ul><\/div>","protected":false},"excerpt":{"rendered":"<p>TLA\u010cEN\u00c1 VERZIA, REVIDOVAN\u00c1 A REDIAGRAMOVAN\u00c1 VYDAVATE\u013dOM Vedeli ste, \u017ee e-mailov\u00fd marketing je st\u00e1le najziskovej\u0161\u00edm predajn\u00fdm kan\u00e1lom v digit\u00e1lnom marketingu? Dobre navrhnut\u00e9 kampane m\u00f4\u017eu generova\u0165 obrat R$ 3 a\u017e R$ 16 za ka\u017ed\u00fa potenci\u00e1lnu osobu, ktor\u00fa m\u00e1te na svojom zozname.ESSE je sila kompletnej a osved\u010denej e-mailovej marketingovej strat\u00e9gie s hlavn\u00fdmi postupmi copywritingu, aby ste mali v\u00fdsledky V tejto knihe sa dozviete: <span>Strat\u00e9gie pre zostavenie v\u00e1\u0161ho e-mailov\u00e9ho zoznamu.<\/span>Strat\u00e9gie pre zostavenie v\u00e1\u0161ho e-mailov\u00e9ho zoznamu.<span>9 \u0161abl\u00f3n zachyt\u00e1vac\u00edch str\u00e1nok, aby ste pril\u00e1kali potenci\u00e1lnych z\u00e1kazn\u00edkov.<\/span>9 \u0161abl\u00f3n zachyt\u00e1vac\u00edch str\u00e1nok, aby ste pril\u00e1kali potenci\u00e1lnych z\u00e1kazn\u00edkov.<span>7 zlat\u00fdch pravidiel e-mailov\u00e9ho marketingu.<\/span>7 zlat\u00fdch pravidiel e-mailov\u00e9ho marketingu.<span>Skuto\u010dn\u00fd k\u013e\u00fa\u010d k \u00faspechu s va\u0161imi e-mailov\u00fdmi marketingov\u00fdmi kampa\u0148ami.<\/span>Skuto\u010dn\u00fd k\u013e\u00fa\u010d k \u00faspechu s va\u0161imi e-mailov\u00fdmi marketingov\u00fdmi kampa\u0148ami.<span>Ako vytv\u00e1rate automatick\u00e9 a neautomatick\u00e9 kampane.<\/span>Ako vytv\u00e1rate automatick\u00e9 a neautomatick\u00e9 kampane.<span>E-mailov\u00e1 sekvencia \u201csoft sell\u201d, \u201chard sell\u201d a \u201cpost sell\u201d.<\/span>E-mailov\u00e1 sekvencia \u201csoft sell\u201d, \u201chard sell\u201d a \u201cpost sell\u201d.<span>Pokro\u010dil\u00e9 techniky, pomocou ktor\u00fdch m\u00f4\u017eete extrahova\u0165 MAXIMUM zo zoznamu e-mailov.<\/span>Pokro\u010dil\u00e9 techniky, pomocou ktor\u00fdch m\u00f4\u017eete extrahova\u0165 MAXIMUM zo zoznamu e-mailov.<span>Podrobnosti, ktor\u00e9 v\u00e1m nikdy nepovedali, \u010dasom zn\u00e1sobia v\u00e1\u0161 v\u00fdsledok.<\/span>Podrobnosti, ktor\u00e9 v\u00e1m nikdy nepovedali, \u010dasom zn\u00e1sobia v\u00e1\u0161 v\u00fdsledok.<span>Zlat\u00e1 strat\u00e9gia pre v\u00e1s, aby va\u0161e e-maily boli v\u017edy zauj\u00edmav\u00e9.<\/span>Zlat\u00e1 strat\u00e9gia pre v\u00e1s, aby va\u0161e e-maily boli v\u017edy zauj\u00edmav\u00e9.<span>\u010casov\u00e1 os vedomia.<\/span>\u010casov\u00e1 os vedomia.<span>Strat\u00e9gie prezent\u00e1cie pon\u00fak.<\/span>Strat\u00e9gie prezent\u00e1cie pon\u00fak.<span>Strat\u00e9gia predaja \u201cmartelada\u201d.<\/span>Strat\u00e9gia predaja \u201cmartelada\u201d.<span>Strat\u00e9gia obnovy predaja a l\u00edstkov.<\/span>Strat\u00e9gia obnovy predaja a po\u0161myknutia...A ove\u013ea viac. A to v\u0161etko PLNEN\u00c9 pr\u00edkladmi pre v\u00e1s. Toto je kniha, ktor\u00e1 prech\u00e1dza od z\u00e1kladov pre v\u00e1s, ktor\u00ed za\u010d\u00ednate so strat\u00e9giami e-mailov\u00e9ho marketingu, a\u017e po niektor\u00e9 z najpokro\u010dilej\u0161\u00edch techn\u00edk, aby ste zo svojho zoznamu dostali MAXIMUM. Syst\u00e9m a modely v tejto knihe s\u00fa v\u00fdsledkom viac ako 3 tis\u00edc JEDINE\u010cN\u00ddCH e-mailov nap\u00edsan\u00fdch od roku 2014, ktor\u00e9 \u0161tuduj\u00fa a testuj\u00fa hlavn\u00e9 e-mailov\u00e9 marketingov\u00e9 syst\u00e9my na svete.<\/p>","protected":false},"featured_media":91691,"comment_status":"open","ping_status":"closed","template":"","meta":[],"product_cat":[1611,1595,1618],"product_tag":[],"class_list":{"0":"post-91691","1":"product","2":"type-product","3":"status-publish","4":"has-post-thumbnail","6":"product_brand-edicao-portugus-por-gustavo-ferreira-autor","7":"product_cat-administracao-negocios-e-economia","8":"product_cat-livros","9":"product_cat-marketing-e-vendas","11":"first","12":"instock","13":"sale","14":"shipping-taxable","15":"purchasable","16":"product-type-simple"},"aioseo_notices":[],"_links":{"self":[{"href":"https:\/\/www.ecommerceupdate.com.br\/sk\/wp-json\/wp\/v2\/product\/91691","targetHints":{"allow":["GET"]}}],"collection":[{"href":"https:\/\/www.ecommerceupdate.com.br\/sk\/wp-json\/wp\/v2\/product"}],"about":[{"href":"https:\/\/www.ecommerceupdate.com.br\/sk\/wp-json\/wp\/v2\/types\/product"}],"replies":[{"embeddable":true,"href":"https:\/\/www.ecommerceupdate.com.br\/sk\/wp-json\/wp\/v2\/comments?post=91691"}],"wp:featuredmedia":[{"embeddable":true,"href":"https:\/\/www.ecommerceupdate.com.br\/sk\/wp-json\/wp\/v2\/product\/91691"}],"wp:attachment":[{"href":"https:\/\/www.ecommerceupdate.com.br\/sk\/wp-json\/wp\/v2\/media?parent=91691"}],"wp:term":[{"taxonomy":"product_cat","embeddable":true,"href":"https:\/\/www.ecommerceupdate.com.br\/sk\/wp-json\/wp\/v2\/product_cat?post=91691"},{"taxonomy":"product_tag","embeddable":true,"href":"https:\/\/www.ecommerceupdate.com.br\/sk\/wp-json\/wp\/v2\/product_tag?post=91691"}],"curies":[{"name":"wp","href":"https:\/\/api.w.org\/{rel}","templated":true}]}}