{"id":93024,"date":"2026-02-22T12:11:55","date_gmt":"2026-02-22T15:11:55","guid":{"rendered":"https:\/\/www.ecommerceupdate.org\/produto\/ecommerce-evolved-the-essential-playbook-to-build-grow-scale-a-successful-ecommerce-business\/"},"modified":"2026-03-13T15:27:12","modified_gmt":"2026-03-13T18:27:12","slug":"ecommerce-evolved-the-essential-playbook-to-build-grow-scale-a-successful-ecommerce-business","status":"publish","type":"product","link":"https:\/\/www.ecommerceupdate.com.br\/sk\/produto\/ecommerce-evolved-the-essential-playbook-to-build-grow-scale-a-successful-ecommerce-business\/","title":{"rendered":"Ecommerce Evolved: Z\u00e1kladn\u00e1 pr\u00edru\u010dka na vybudovanie, rast a roz\u0161\u00edrenie \u00faspe\u0161n\u00e9ho podnikania v oblasti elektronick\u00e9ho obchodu"},"content":{"rendered":"<div class=\"woocommerce-product-details\">\n<h3>Podrobnosti o produkte<\/h3>\n<ul>\n<li>Vydavate\u013e: Createspace Independent Publishing Platform<\/li>\n<li>D\u00e1tum zverejnenia: 3 Okt\u00f3bra 2016<\/li>\n<li>Jazyk: angli\u010dtina<\/li>\n<li>Po\u010det str\u00e1n : 372 str\u00e1n<\/li>\n<li>ISBN-10:1534619348<\/li>\n<li>ISBN-13:978-1534619340<\/li>\n<li>Hmotnos\u0165 produktu: 1,05 kilogramu<\/li>\n<li>Rozmery: 13,97 x 2,36 x 21,59 cm<\/li>\n<li>Rebr\u00ed\u010dek najpred\u00e1vanej\u0161\u00edch kn\u00edh: 137 801 v kateg\u00f3rii Knihy (Zozn\u00e1mte sa s 100 najlep\u0161\u00edmi v kateg\u00f3rii Knihy) 51. miesto v importovanom webovom marketingu 2 241. miesto v odbore obchod, administrat\u00edva a ekonomika (knihy)<\/li>\n<li>51 V importovanom webovom marketingu<\/li>\n<li>2 241 v odbore Obchod, obchod a ekonomika (knihy)<\/li>\n<li>Z\u00e1kazn\u00edcke recenzie: 4,6 4,6 z 5 hviezdi\u010diek (910)<\/li>\n<\/ul><\/div>","protected":false},"excerpt":{"rendered":"<p>**2024 REVIDOVAN\u00c1 A ROZ\u0160\u00cdREN\u00c1 verzia* Kompletne revidovan\u00e1 a prepracovan\u00e1 s nov\u00fdmi kapitolami a obsahom, aby ste sa dostali na \u0161pi\u010dku toho, \u010do teraz funguje v elektronickom obchode. Ako celok je odvetvie elektronick\u00e9ho obchodu ZASTARAN\u00c9. Je zastaran\u00fd! A jeho n\u00e1vratnos\u0165 podnikania je schopn\u00e1 dosiahnu\u0165 \u00faspech z h\u013eadiska toho, \u010do trh v s\u00fa\u010dasnosti funguje vo svete podnikania. V\u00e4\u010d\u0161ina vlastn\u00edkov elektronick\u00e9ho obchodu je ochotn\u00e1 vykon\u00e1va\u0165 svoje aktivity rovnak\u00fdm sp\u00f4sobom <span>Kniha za\u010d\u00edna s <\/span><span class=\"a-text-bold\">12 Z\u00e1sady elektronick\u00e9ho obchodu<\/span><span> to sme vyvinuli po spolupr\u00e1ci s viac ako 10 000 r\u00f4znymi podnikmi. T\u00fdchto 12 princ\u00edpov odli\u0161uje prosperuj\u00face podniky elektronick\u00e9ho obchodu od priemern\u00fdch. (a m\u00f4\u017eeme v\u00e1m takmer zaru\u010di\u0165, \u017ee poru\u0161\u00edte viac ako polovicu z nich!).<\/span>Kniha za\u010d\u00edna 12 princ\u00edpmi elektronick\u00e9ho obchodu, ktor\u00e9 sme vyvinuli po spolupr\u00e1ci s viac ako 10 000 r\u00f4znymi podnikmi. T\u00fdchto 12 princ\u00edpov odli\u0161uje prosperuj\u00face podniky elektronick\u00e9ho obchodu od priemern\u00fdch. (a m\u00f4\u017eeme takmer zaru\u010di\u0165, \u017ee poru\u0161\u00edte viac ako polovicu z nich!).<br \/><span class=\"a-text-bold\">\u010cas\u0165 1<\/span><span> na <\/span><span class=\"a-text-bold\">Vyvinut\u00e1 strat\u00e9gia<\/span><span> je miesto, kde stiahneme oponu, vezmeme v\u00e1s do z\u00e1kulisia a uk\u00e1\u017eeme v\u00e1m, ako 7-, 8- a 9-cifern\u00e9 podniky elektronick\u00e9ho obchodu skuto\u010dne funguj\u00fa.<\/span>\u010cas\u0165 1 o vyvinutej strat\u00e9gii je miesto, kde stiahneme oponu, vezmeme v\u00e1s do z\u00e1kulisia a uk\u00e1\u017eeme v\u00e1m, ako 7-, 8-a 9-cifern\u00e9 podniky elektronick\u00e9ho obchodu skuto\u010dne funguj\u00fa.<br \/><span class=\"a-text-bold\">\u010cas\u0165 2<\/span><span> na <\/span><span class=\"a-text-bold\">Vyvinut\u00e1 inteligencia<\/span><span> zaober\u00e1 sa najviac nedostato\u010dne vyu\u017e\u00edvan\u00fdm aspektom v\u00e4\u010d\u0161iny podnikov elektronick\u00e9ho obchodu.va\u0161e \u00fadaje.<\/span>\u010cas\u0165 2 o Evolved Intelligence sa zaober\u00e1 najviac nedostato\u010dne vyu\u017e\u00edvan\u00fdm aspektom v\u00e4\u010d\u0161iny podnikov elektronick\u00e9ho obchodu.va\u0161e \u00fadaje.<br \/><span class=\"a-text-bold\">\u010cas\u0165 3<\/span><span> na <\/span><span class=\"a-text-bold\">Vyvinut\u00fd marketing<\/span><span> je to miesto, kde sa nau\u010d\u00edte, ako vyu\u017ei\u0165 \u0161trukt\u00faru svojho podnikania a svoje \u00fadaje na vybudovanie systematick\u00fdch a vysoko automatizovan\u00fdch marketingov\u00fdch kampan\u00ed pre front-end aj back-end v\u00e1\u0161ho podnikania. Toto \u00fasilie prin\u00e1\u0161a obrovsk\u00fa n\u00e1vratnos\u0165 invest\u00edci\u00ed.<\/span>\u010cas\u0165 3 o vyvinutom marketingu je miesto, kde sa nau\u010d\u00edte, ako vyu\u017ei\u0165 \u0161trukt\u00faru svojho podnikania a svoje \u00fadaje na vybudovanie syst\u00e9mov\u00fdch a vysoko automatizovan\u00fdch marketingov\u00fdch kampan\u00ed pre front-end aj back-end v\u00e1\u0161ho podnikania. Toto \u00fasilie prin\u00e1\u0161a obrovsk\u00e9 v\u00fdnosy z invest\u00edci\u00ed. Ecommerce Evolved berie a prostredn\u00edctvom presne t\u00fdch ist\u00fdch procesov prech\u00e1dzame moji klienti na vysokej \u00farovni a ja prostredn\u00edctvom podnikania re\u0161trukturalizujeme ich maxim\u00e1lne v\u00fdhody pre rast podnikania, a teda aj \u00faspech.<\/p>","protected":false},"featured_media":93024,"comment_status":"open","ping_status":"closed","template":"","meta":[],"product_cat":[1641,1595,1610],"product_tag":[],"class_list":{"0":"post-93024","1":"product","2":"type-product","3":"status-publish","4":"has-post-thumbnail","6":"product_brand-edicao-ingls-por-tanner-larsson-autor","7":"product_cat-computacao-informatica-e-midias-digitais","8":"product_cat-livros","9":"product_cat-livros-internacionais","11":"first","12":"instock","13":"shipping-taxable","14":"purchasable","15":"product-type-simple"},"aioseo_notices":[],"_links":{"self":[{"href":"https:\/\/www.ecommerceupdate.com.br\/sk\/wp-json\/wp\/v2\/product\/93024","targetHints":{"allow":["GET"]}}],"collection":[{"href":"https:\/\/www.ecommerceupdate.com.br\/sk\/wp-json\/wp\/v2\/product"}],"about":[{"href":"https:\/\/www.ecommerceupdate.com.br\/sk\/wp-json\/wp\/v2\/types\/product"}],"replies":[{"embeddable":true,"href":"https:\/\/www.ecommerceupdate.com.br\/sk\/wp-json\/wp\/v2\/comments?post=93024"}],"wp:featuredmedia":[{"embeddable":true,"href":"https:\/\/www.ecommerceupdate.com.br\/sk\/wp-json\/wp\/v2\/product\/93024"}],"wp:attachment":[{"href":"https:\/\/www.ecommerceupdate.com.br\/sk\/wp-json\/wp\/v2\/media?parent=93024"}],"wp:term":[{"taxonomy":"product_cat","embeddable":true,"href":"https:\/\/www.ecommerceupdate.com.br\/sk\/wp-json\/wp\/v2\/product_cat?post=93024"},{"taxonomy":"product_tag","embeddable":true,"href":"https:\/\/www.ecommerceupdate.com.br\/sk\/wp-json\/wp\/v2\/product_tag?post=93024"}],"curies":[{"name":"wp","href":"https:\/\/api.w.org\/{rel}","templated":true}]}}