{"id":93228,"date":"2026-03-01T09:32:48","date_gmt":"2026-03-01T12:32:48","guid":{"rendered":"https:\/\/www.ecommerceupdate.com.br\/produto\/universo-do-e-commerce-portuguese-edition\/"},"modified":"2026-05-13T10:11:53","modified_gmt":"2026-05-13T13:11:53","slug":"universo-do-e-commerce-portuguese-edition","status":"publish","type":"product","link":"https:\/\/www.ecommerceupdate.com.br\/sk\/produto\/universo-do-e-commerce-portuguese-edition\/","title":{"rendered":"Universe of E-commerce (portugalsk\u00e9 vydanie)"},"content":{"rendered":"<div class=\"woocommerce-product-details\">\n<h3>Podrobnosti o produkte<\/h3>\n<ul>\n<li>ASIN: B09S61Z23C<\/li>\n<li>Vydavate\u013e: Nez\u00e1visle publikovan\u00e9<\/li>\n<li>D\u00e1tum zverejnenia: 13 janu\u00e1ra 2022<\/li>\n<li>Jazyk: portugal\u010dina<\/li>\n<li>Po\u010det str\u00e1n : 284 str\u00e1n<\/li>\n<li>ISBN-13:979-8401405098<\/li>\n<li>Hmotnos\u0165 produktu: 494g<\/li>\n<li>Rozmery: 15,24 x 1,63 x 22,86 cm<\/li>\n<li>Rebr\u00ed\u010dek najpred\u00e1vanej\u0161\u00edch: \u010d. 123 vo v\u00fdskume a vzdel\u00e1van\u00ed \u010d. 301 v odbornom a technickom rozvoji<\/li>\n<li>301 Odborn\u00fd a technick\u00fd rozvoj<\/li>\n<li>Z\u00e1kazn\u00edcke recenzie: 4,3 4,3 z 5 hviezdi\u010diek (20)<\/li>\n<\/ul><\/div>","protected":false},"excerpt":{"rendered":"<p>Osvojte si strat\u00e9gie elektronick\u00e9ho obchodu s praktickou pr\u00edru\u010dkou, ktor\u00e1 men\u00ed te\u00f3riu na skuto\u010dn\u00e9 v\u00fdsledky v ka\u017edodennom predaji.My\u0161lienka pre vzdel\u00e1vanie, referenciu a didaktiku prin\u00e1\u0161a pr\u00edpadov\u00e9 \u0161t\u00fadie, pou\u017eite\u013en\u00e9 kroky a zameranie na metriky v\u00fdkonnosti pre pou\u017eitie v \u0161kol\u00e1ch a vyu\u010dovac\u00edch prostrediach.Len pre R$ 95.43 zistite, ako aplikova\u0165 taktiku z prvej kapitoly a roz\u0161\u00edrte v\u00fdkonnos\u0165 svojho online podnikania.<\/p>","protected":false},"featured_media":93228,"comment_status":"open","ping_status":"closed","template":"","meta":[],"product_cat":[1653,1730,1595],"product_tag":[2696,2695,2697],"class_list":{"0":"post-93228","1":"product","2":"type-product","3":"status-publish","4":"has-post-thumbnail","5":"product_brand-por-fellipe-guimares-autor","6":"product_cat-educacao-referencia-e-didaticos","7":"product_cat-escolas-e-ensino","8":"product_cat-livros","9":"product_tag-guia-didatico-de-comercio-eletronico-para-ensino","10":"product_tag-livro-de-comercio-eletronico-em-portugues","11":"product_tag-referencia-de-comercio-eletronico-para-estudantes","13":"first","14":"instock","15":"shipping-taxable","16":"purchasable","17":"product-type-simple"},"aioseo_notices":[],"_links":{"self":[{"href":"https:\/\/www.ecommerceupdate.com.br\/sk\/wp-json\/wp\/v2\/product\/93228","targetHints":{"allow":["GET"]}}],"collection":[{"href":"https:\/\/www.ecommerceupdate.com.br\/sk\/wp-json\/wp\/v2\/product"}],"about":[{"href":"https:\/\/www.ecommerceupdate.com.br\/sk\/wp-json\/wp\/v2\/types\/product"}],"replies":[{"embeddable":true,"href":"https:\/\/www.ecommerceupdate.com.br\/sk\/wp-json\/wp\/v2\/comments?post=93228"}],"wp:featuredmedia":[{"embeddable":true,"href":"https:\/\/www.ecommerceupdate.com.br\/sk\/wp-json\/wp\/v2\/product\/93228"}],"wp:attachment":[{"href":"https:\/\/www.ecommerceupdate.com.br\/sk\/wp-json\/wp\/v2\/media?parent=93228"}],"wp:term":[{"taxonomy":"product_cat","embeddable":true,"href":"https:\/\/www.ecommerceupdate.com.br\/sk\/wp-json\/wp\/v2\/product_cat?post=93228"},{"taxonomy":"product_tag","embeddable":true,"href":"https:\/\/www.ecommerceupdate.com.br\/sk\/wp-json\/wp\/v2\/product_tag?post=93228"}],"curies":[{"name":"wp","href":"https:\/\/api.w.org\/{rel}","templated":true}]}}