{"id":93372,"date":"2026-03-03T23:00:48","date_gmt":"2026-03-04T02:00:48","guid":{"rendered":"https:\/\/www.ecommerceupdate.com.br\/produto\/marketplace-teoria-e-pratica-2\/"},"modified":"2026-03-13T15:28:34","modified_gmt":"2026-03-13T18:28:34","slug":"marketplace-teoria-e-pratica-2","status":"publish","type":"product","link":"https:\/\/www.ecommerceupdate.com.br\/sk\/produto\/marketplace-teoria-e-pratica-2\/","title":{"rendered":"Trhovisko: te\u00f3ria a prax"},"content":{"rendered":"<div class=\"woocommerce-product-details\">\n<h3>Podrobnosti o produkte<\/h3>\n<ul>\n<li>ASIN: B0BY5DPNLS<\/li>\n<li>Vydavate\u013e: Alexandre Villar\/Soul Vydavate\u013e<\/li>\n<li>Pr\u00edstupnos\u0165: Zistite viac<\/li>\n<li>D\u00e1tum zverejnenia: 10 Marec 2023<\/li>\n<li>Vydanie: 2<\/li>\n<li>Jazyk: portugal\u010dina<\/li>\n<li>Ve\u013ekos\u0165 s\u00faboru: 2.1 MB<\/li>\n<li>\u010c\u00edta\u010dka obrazovky: Kompatibiln\u00e1<\/li>\n<li>Konfigur\u00e1cia p\u00edsma: Povolen\u00e9<\/li>\n<li>Tipy pre slovn\u00fa z\u00e1sobu: Nie je povolen\u00e9<\/li>\n<li>Po\u010det str\u00e1n : 282 str\u00e1n<\/li>\n<li>ISBN-13:978-6586178906<\/li>\n<li>Prevr\u00e1tenie str\u00e1nky: Povolen\u00e9<\/li>\n<li>\u010c\u00edtac\u00ed vek: 13 18 rokov<\/li>\n<li>Rebr\u00ed\u010dek najpred\u00e1vanej\u0161\u00edch: \u010d. 278 659 v Kindle Store (zozn\u00e1mte sa s Top 100 v kateg\u00f3rii Kindle Store) \u010d. 124 v z\u00e1kazn\u00edckom servise \u010d. 294 vo webovom marketingu \u010d. 1 720 v marketingu a predaji<\/li>\n<li>124 V Z\u00e1kazn\u00edckom servise<\/li>\n<li>294 vo webovom marketingu<\/li>\n<li>1 720 v marketingu a predaji<\/li>\n<\/ul><\/div>","protected":false},"excerpt":{"rendered":"<p>Tv\u00e1rou v tv\u00e1r svetu pln\u00e9mu inov\u00e1ci\u00ed a maloobchodn\u00e9mu trhu, ktor\u00fd h\u013ead\u00e1 nov\u00e9 smery pre svoj predaj, sa predaj na trhu stal ve\u013emi zauj\u00edmavou cestou pre tis\u00edce spolo\u010dnost\u00ed. Vyu\u017eitie vidite\u013enosti, ktor\u00fa maj\u00fa ve\u013ek\u00e9 port\u00e1ly na z\u00edskavanie z\u00e1kazn\u00edkov, vstup na tento inovat\u00edvny trh m\u00e1 svoje vyu\u017eitie a rizik\u00e1.Pochopenie ka\u017ed\u00e9ho detailu trhu a jeho \u0165a\u017ekost\u00ed v\u00e1m zna\u010dne u\u013eah\u010d\u00ed pr\u00e1cu.v tejto knihe m\u00f4\u017eete n\u00e1js\u0165 rie\u0161enie pre nieko\u013eko z nich a sta\u0165 sa \u00faspe\u0161n\u00fdm podnikate\u013eom.<\/p>","protected":false},"featured_media":93372,"comment_status":"open","ping_status":"closed","template":"","meta":[],"product_cat":[1611,1613,1595],"product_tag":[],"class_list":{"0":"post-93372","1":"product","2":"type-product","3":"status-publish","4":"has-post-thumbnail","6":"product_brand-por-alexandre-villar-autor-formato-ebook-kindle","7":"product_cat-administracao-negocios-e-economia","8":"product_cat-industrias-e-profissoes","9":"product_cat-livros","11":"first","12":"instock","13":"shipping-taxable","14":"purchasable","15":"product-type-simple"},"aioseo_notices":[],"_links":{"self":[{"href":"https:\/\/www.ecommerceupdate.com.br\/sk\/wp-json\/wp\/v2\/product\/93372","targetHints":{"allow":["GET"]}}],"collection":[{"href":"https:\/\/www.ecommerceupdate.com.br\/sk\/wp-json\/wp\/v2\/product"}],"about":[{"href":"https:\/\/www.ecommerceupdate.com.br\/sk\/wp-json\/wp\/v2\/types\/product"}],"replies":[{"embeddable":true,"href":"https:\/\/www.ecommerceupdate.com.br\/sk\/wp-json\/wp\/v2\/comments?post=93372"}],"wp:featuredmedia":[{"embeddable":true,"href":"https:\/\/www.ecommerceupdate.com.br\/sk\/wp-json\/wp\/v2\/product\/93372"}],"wp:attachment":[{"href":"https:\/\/www.ecommerceupdate.com.br\/sk\/wp-json\/wp\/v2\/media?parent=93372"}],"wp:term":[{"taxonomy":"product_cat","embeddable":true,"href":"https:\/\/www.ecommerceupdate.com.br\/sk\/wp-json\/wp\/v2\/product_cat?post=93372"},{"taxonomy":"product_tag","embeddable":true,"href":"https:\/\/www.ecommerceupdate.com.br\/sk\/wp-json\/wp\/v2\/product_tag?post=93372"}],"curies":[{"name":"wp","href":"https:\/\/api.w.org\/{rel}","templated":true}]}}