{"id":93398,"date":"2026-03-04T08:04:15","date_gmt":"2026-03-04T11:04:15","guid":{"rendered":"https:\/\/www.ecommerceupdate.com.br\/produto\/aspectos-juridicos-do-e-commerce\/"},"modified":"2026-03-13T15:29:29","modified_gmt":"2026-03-13T18:29:29","slug":"aspectos-juridicos-do-e-commerce","status":"publish","type":"product","link":"https:\/\/www.ecommerceupdate.com.br\/sk\/produto\/aspectos-juridicos-do-e-commerce\/","title":{"rendered":"Pr\u00e1vne aspekty elektronick\u00e9ho obchodu"},"content":{"rendered":"<div class=\"woocommerce-product-details\">\n<div id=\"aplus_feature_div\" class=\"celwidget\" data-feature-name=\"aplus\" data-csa-c-type=\"widget\" data-csa-c-content-id=\"aplus\" data-csa-c-slot-id=\"aplus_feature_div\" data-csa-c-asin=\"\" data-csa-c-is-in-initial-active-row=\"false\">\n<div id=\"aplus\" class=\"a-section a-spacing-large bucket\">\n<h3 class=\"\">Od vydavate\u013ea<\/h3>\n<div lang=\"pt_BR\">\n<div class=\"aplus-v2 desktop celwidget\">\n<div class=\"celwidget aplus-module module-2 aplus-standard\">\n<div class=\"aplus-module-wrapper apm-floatnone apm-fixed-width\">\n<div class=\"apm-sidemodule apm-spacing\">\n<div class=\"apm-sidemodule-imageleft\"> <img decoding=\"async\" alt=\"RT\" src=\"https:\/\/m.media-amazon.com\/images\/S\/aplus-media\/vc\/156b09d9-7747-4258-ab5a-4d6ed3868375.__CR0,0,300,300_PT0_SX300_V1___.png\" \/> <\/div>\n<div class=\"apm-sidemodule-textright\">\n<h3 class=\"a-spacing-mini\"> Spustite pr\u00e1vne aspekty elektronick\u00e9ho obchodu <\/h3>\n<p> T\u00e1to \u0161t\u00fadia sa zaober\u00e1 aktu\u00e1lnymi probl\u00e9mami, ako je ochrana \u00fadajov, nov\u00fd platobn\u00fd syst\u00e9m PIX, aplik\u00e1cia vizu\u00e1lneho pr\u00e1va v podmienkach pou\u017e\u00edvania a z\u00e1sad\u00e1ch ochrany osobn\u00fdch \u00fadajov, naj\u00edmanie digit\u00e1lnych ovplyv\u0148ovate\u013eov, nov\u00e9 sp\u00f4soby elektronick\u00fdch podvodov a legislat\u00edvne pokroky s\u00favisiace s t\u00e9mou, Existuje 16 \u010dl\u00e1nkov nap\u00edsan\u00fdch jasne a objekt\u00edvne, zalo\u017een\u00fdch na doktr\u00edne a judikat\u00fare, so zameran\u00edm na podnikate\u013eov a pr\u00e1vnikov, ktor\u00ed h\u013eadaj\u00fa integrovan\u00fd pr\u00e1vny poh\u013ead na elektronick\u00fd obchod. V\u0161etky kapitoly maj\u00fa k dispoz\u00edcii infografiku a vysvet\u013euj\u00face vide\u00e1 prostredn\u00edctvom QR k\u00f3du. <\/p>\n<\/p>\n<\/div>\n<\/div>\n<\/div>\n<\/div>\n<div class=\"celwidget aplus-module module-3 aplus-standard\">\n<div class=\"aplus-module-wrapper apm-floatnone apm-fixed-width\">\n<div class=\"apm-sidemodule apm-spacing\">\n<div class=\"apm-sidemodule-imageright\"> <img decoding=\"async\" alt=\"RT\" src=\"https:\/\/m.media-amazon.com\/images\/S\/aplus-media\/vc\/cc9903b8-d12b-4e8e-9d2a-465a9e79626a.__CR0,0,300,300_PT0_SX300_V1___.png\" \/> <\/div>\n<div class=\"apm-sidemodule-textleft\">\n<h3 class=\"a-spacing-mini\"> O autorovi <\/h3>\n<p> Nadia je pr\u00e1vni\u010dka vy\u0161tudovan\u00e1 na Mackenzie Presbyterian University; Postgradu\u00e1lny v odbore zmluvy a digit\u00e1lne pr\u00e1vo a dodr\u017eiavanie predpisov, bol \u0161tudentom Letn\u00e9ho in\u0161tit\u00fatu du\u0161evn\u00e9ho vlastn\u00edctva vo Franklin Pierce Law Center &amp; New Hampshire, USA a \u0161koliaceho kurzu pre pr\u00e1vnikov v oblasti ochrany du\u0161evn\u00e9ho vlastn\u00edctva Japonsk\u00fdm patentov\u00fdm \u00faradom a Japonskom Japonskom. <\/p>\n<\/p>\n<\/div>\n<\/div>\n<\/div>\n<\/div>\n<div class=\"celwidget aplus-module module-9 aplus-standard\">\n<div class=\"aplus-module-wrapper apm-fixed-width apm-spacing\">\n<div class=\"apm-flex\">\n<div class=\"apm-flex-item-third-width\">\n<p class=\"apm-text-center\"> <img decoding=\"async\" alt=\"RT\" src=\"https:\/\/m.media-amazon.com\/images\/S\/aplus-media\/vc\/61b37029-f4cb-4cec-8f67-5901287f38d9.__CR0,0,300,300_PT0_SX300_V1___.png\" \/> <\/p>\n<\/p>\n<\/div>\n<\/div>\n<\/div>\n<\/div>\n<div class=\"celwidget aplus-module launchpad-company-logo aplus-standard\">\n<div class=\"a-section a-text-center launchpad-module launchpad-module-company-logo\"> <img decoding=\"async\" alt=\"RT\" src=\"https:\/\/m.media-amazon.com\/images\/S\/aplus-media\/vc\/14cf220d-8680-4753-bb84-8e7272d597a8.__CR0,0,600,180_PT0_SX600_V1___.png\" \/> <\/div>\n<\/p>\n<\/div>\n<\/div>\n<\/div>\n<\/div>\n<\/div>\n<h3>Podrobnosti o produkte<\/h3>\n<ul>\n<li>Vydavate\u013e: Revista dos Tribunais<\/li>\n<li>D\u00e1tum zverejnenia: 2 Apr\u00edla 2021<\/li>\n<li>Vydanie: Nov\u00e9 vydaniea<\/li>\n<li>Jazyk: portugal\u010dina<\/li>\n<li>Po\u010det str\u00e1n : 352 str\u00e1n<\/li>\n<li>ISBN-10:6556148237<\/li>\n<li>ISBN-13:978-6556148236<\/li>\n<li>Hmotnos\u0165 produktu: 440g<\/li>\n<li>Rozmery: 22,6 x 15,8 x 1,8 cm<\/li>\n<li>Rebr\u00ed\u010dek najpred\u00e1vanej\u0161\u00edch: 273 974 v knih\u00e1ch (kateg\u00f3ria Stretnite sa s 100 najlep\u0161\u00edmi v knih\u00e1ch) 309. miesto v obchodnej administrat\u00edve 18 646. miesto v sviatkoch a festivaloch pre deti, deti a ml\u00e1de\u017e<\/li>\n<li>309 V Obchodnej spr\u00e1ve<\/li>\n<li>18 646 v Sviatky a festivaly Deti a deti a ml\u00e1de\u017e<\/li>\n<li>Z\u00e1kazn\u00edcke recenzie: 4,3 4,3 z 5 hviezdi\u010diek (11)<\/li>\n<\/ul><\/div>","protected":false},"excerpt":{"rendered":"<p>T\u00e9my boli \u0161trukt\u00farovan\u00e9 systematick\u00fdm sp\u00f4sobom, po\u010dn\u00fac historick\u00fdm v\u00fdvojom elektronick\u00e9ho obchodu, cez podnikov\u00e9 a da\u0148ov\u00e9 pl\u00e1novanie. D\u00f4kladn\u00fdm a aktu\u00e1lnym sp\u00f4sobom odha\u013euje zaobch\u00e1dzanie s osobn\u00fdmi \u00fadajmi, podmienky pou\u017e\u00edvania str\u00e1nky, n\u00e1borov\u00e9 platobn\u00e9 prostriedky, konkuren\u010dn\u00e9 a pracovn\u00e9 aspekty, naj\u00edmanie digit\u00e1lnych influencerov, komer\u010dn\u00e9 propag\u00e1cie, elektronick\u00e9 podvody a in\u00e9. Venuje sa aj prevent\u00edvnym ot\u00e1zkam elektronick\u00e9ho obchodu, ktor\u00e9 zah\u0155\u0148aj\u00fa vz\u0165ah s dod\u00e1vate\u013emi a z\u00e1kazn\u00edkmi, a to ako v samotnom elektronickom obchode, tak aj v zdie\u013ean\u00fdch platform\u00e1ch \u201eTrhy\u201c a sp\u00f4soby rie\u0161enia konfliktov a prevencie prostredn\u00edctvom Compliance.\u00a0<\/p>","protected":false},"featured_media":93398,"comment_status":"open","ping_status":"closed","template":"","meta":[],"product_cat":[1609,1657,1595],"product_tag":[],"class_list":{"0":"post-93398","1":"product","2":"type-product","3":"status-publish","4":"has-post-thumbnail","6":"product_brand-edicao-portugus-por-nadia-andreotti-tchumantel-hackerott-autor","7":"product_cat-direito","8":"product_cat-direito-empresarial","9":"product_cat-livros","11":"first","12":"instock","13":"sale","14":"shipping-taxable","15":"purchasable","16":"product-type-simple"},"aioseo_notices":[],"_links":{"self":[{"href":"https:\/\/www.ecommerceupdate.com.br\/sk\/wp-json\/wp\/v2\/product\/93398","targetHints":{"allow":["GET"]}}],"collection":[{"href":"https:\/\/www.ecommerceupdate.com.br\/sk\/wp-json\/wp\/v2\/product"}],"about":[{"href":"https:\/\/www.ecommerceupdate.com.br\/sk\/wp-json\/wp\/v2\/types\/product"}],"replies":[{"embeddable":true,"href":"https:\/\/www.ecommerceupdate.com.br\/sk\/wp-json\/wp\/v2\/comments?post=93398"}],"wp:featuredmedia":[{"embeddable":true,"href":"https:\/\/www.ecommerceupdate.com.br\/sk\/wp-json\/wp\/v2\/product\/93398"}],"wp:attachment":[{"href":"https:\/\/www.ecommerceupdate.com.br\/sk\/wp-json\/wp\/v2\/media?parent=93398"}],"wp:term":[{"taxonomy":"product_cat","embeddable":true,"href":"https:\/\/www.ecommerceupdate.com.br\/sk\/wp-json\/wp\/v2\/product_cat?post=93398"},{"taxonomy":"product_tag","embeddable":true,"href":"https:\/\/www.ecommerceupdate.com.br\/sk\/wp-json\/wp\/v2\/product_tag?post=93398"}],"curies":[{"name":"wp","href":"https:\/\/api.w.org\/{rel}","templated":true}]}}