{"id":93418,"date":"2026-03-04T08:50:17","date_gmt":"2026-03-04T11:50:17","guid":{"rendered":"https:\/\/www.ecommerceupdate.com.br\/produto\/understanding-the-marketplace-create-a-customer-centric-marketing-strategy\/"},"modified":"2026-03-08T20:16:20","modified_gmt":"2026-03-08T23:16:20","slug":"understanding-the-marketplace-create-a-customer-centric-marketing-strategy","status":"publish","type":"product","link":"https:\/\/www.ecommerceupdate.com.br\/sk\/produto\/understanding-the-marketplace-create-a-customer-centric-marketing-strategy\/","title":{"rendered":"Pochopenie trhu: Vytvorte marketingov\u00fa strat\u00e9giu zameran\u00fa na z\u00e1kazn\u00edka"},"content":{"rendered":"<div class=\"woocommerce-product-details\">\n<h3>Podrobnosti o produkte<\/h3>\n<ul>\n<li>ASIN: B0B14JB4FV<\/li>\n<li>Vydavate\u013e: Nez\u00e1visle publikovan\u00e9<\/li>\n<li>D\u00e1tum zverejnenia: 11 M\u00e1j 2022<\/li>\n<li>Jazyk: angli\u010dtina<\/li>\n<li>Po\u010det str\u00e1n : 210 str\u00e1n<\/li>\n<li>ISBN-13:979-8824395051<\/li>\n<li>Hmotnos\u0165 produktu: 376g<\/li>\n<li>Rozmery: 15,24 x 1,35 x 22,86 cm<\/li>\n<\/ul><\/div>","protected":false},"excerpt":{"rendered":"<p>\u017diadosti kupuj\u00facich napreduj\u00fa tak r\u00fdchlo a mnoh\u00ed inzerenti bud\u00fa demon\u0161trova\u0165 na z\u00e1klade sk\u00fasenost\u00ed, aby zostali vpredu. T\u00e1to met\u00f3da poskytuje inzerentom lep\u0161\u00ed pr\u00edstup k vyu\u017e\u00edvaniu sk\u00fasenost\u00ed z sk\u00famania inform\u00e1ci\u00ed z\u00edskan\u00fdch prostredn\u00edctvom zdru\u017een\u00ed z\u00e1kazn\u00edkov na podporu realiz\u00e1cie podnikania a zefekt\u00edvnenie ich rozsiahlych po\u010d\u00edta\u010dov\u00fdch predv\u00e1dzac\u00edch sn\u00e1h.<br \/>Tie\u017e, aby ste sa dozvedeli o tejto technike a schopnosti aplikova\u0165 t\u00fato strat\u00e9giu na svojich klientov naozaj, t\u00e1to kniha je pre v\u00e1s!<br \/>T\u00e1to kniha je spojen\u00e1 s h\u013eadan\u00edm sp\u00f4sobu, ako spr\u00e1vne a nevyhnutn\u00e9 sp\u00f4soby, ako urobi\u0165 postup propag\u00e1cie riaden\u00fd klientom. \u010cas\u0165 z individu\u00e1lnej exkurzie a \u010das\u0165 exhort\u00e1cie zo zeme, t\u00e1to kniha predstavuje syst\u00e9my na pochopenie sily sk\u00fasenost\u00ed a ich aplikovania na zameranie sa, ozna\u010dovanie, techniku, za\u010dlenen\u00fa reklamu a v\u00fdvoj. V\u010faka mo\u017enosti explicitn\u00fdch podstatn\u00fdch \u010dast\u00ed je zv\u00edja\u0165 sa viac ako hodina, \u010d\u00edm sa o\u010dis\u0165uj\u00fa, vynakladaj\u00fa peniaze, \u010d\u00edm sa st\u00e1vaj\u00fa viac ako telo.<br \/>T\u00e1to kniha je obzvl\u00e1\u0161\u0165 z\u00e1sadn\u00e1 pre:<br \/>- Predv\u00e1dzaj\u00faci vedec mus\u00ed nasmerova\u0165 svojich reklamn\u00fdch komplicov a klientov, aby boli riaden\u00ed klientmi.<br \/>Inzerent potrebuje vyrobi\u0165 techniku, ktor\u00e1 bude spolupracova\u0165 s ich najd\u00f4le\u017eitej\u0161\u00edmi kupuj\u00facimi.<br \/>\u010cerp\u00e1 z poh\u013eadu tvorcu a prezentuje ilustr\u00e1cie z\u00edskan\u00e9 a sledovan\u00e9 z nekone\u010dn\u00e9ho reklamn\u00e9ho v\u00fdskumu v organiz\u00e1ci\u00e1ch Fortune 500 as pravdepodobne najv\u00e4\u010d\u0161\u00edmi zna\u010dkami a nov\u00fdmi predmetmi na plan\u00e9te.<br \/>T\u00e1to kniha pom\u00f4\u017ee propaguj\u00facemu analytikovi, ktor\u00fd potrebuje nasmerova\u0165 svojich predv\u00e1dzaj\u00facich komplicov a klientov, aby boli riaden\u00ed klientmi, a pom\u00f4\u017ee inzerentovi, ktor\u00fd potrebuje zostavi\u0165 metodiku, ktor\u00e1 bude spolupracova\u0165 s ich najd\u00f4le\u017eitej\u0161\u00edmi kupuj\u00facimi.<br \/>Bez oh\u013eadu na to, ak\u00e1 je va\u0161a identita, ako gener\u00e1lny riadite\u013e alebo superv\u00edzor zna\u010dky, by\u0165 riaden\u00fd klientom zaru\u010duje, \u017ee budujete spr\u00e1vne polo\u017eky, ktor\u00e9 sa hodia na trh!<br \/>Tu je preh\u013ead toho, \u010do n\u00e1jdete:<br \/>- Udrie\u0165 klinec po hlave \u0304 PREKONANIE probl\u00e9mu s otravovan\u00edm<br \/>- Milujem prieskum trhu<br \/>Bud\u00facnos\u0165 definuje s\u00fa\u010dasnos\u0165<br \/>-Podobn\u00e9 stvorenia<br \/>- Pol\u00e1rka<br \/>Strat\u00e9gie pri h\u013eadan\u00ed strat\u00e9gie<br \/>- Koordinovan\u00fd marketing je marketing. Ba \u010do viac, Vice Versa.<br \/>\u010ealej e\u0161te nejak\u00e9!<\/p>","protected":false},"featured_media":93418,"comment_status":"open","ping_status":"closed","template":"","meta":[],"product_cat":[1611,1595,1610],"product_tag":[],"class_list":{"0":"post-93418","1":"product","2":"type-product","3":"status-publish","4":"has-post-thumbnail","6":"product_brand-edicao-ingls-por-andres-labarbera-autor","7":"product_cat-administracao-negocios-e-economia","8":"product_cat-livros","9":"product_cat-livros-internacionais","11":"first","12":"instock","13":"shipping-taxable","14":"purchasable","15":"product-type-simple"},"aioseo_notices":[],"_links":{"self":[{"href":"https:\/\/www.ecommerceupdate.com.br\/sk\/wp-json\/wp\/v2\/product\/93418","targetHints":{"allow":["GET"]}}],"collection":[{"href":"https:\/\/www.ecommerceupdate.com.br\/sk\/wp-json\/wp\/v2\/product"}],"about":[{"href":"https:\/\/www.ecommerceupdate.com.br\/sk\/wp-json\/wp\/v2\/types\/product"}],"replies":[{"embeddable":true,"href":"https:\/\/www.ecommerceupdate.com.br\/sk\/wp-json\/wp\/v2\/comments?post=93418"}],"wp:featuredmedia":[{"embeddable":true,"href":"https:\/\/www.ecommerceupdate.com.br\/sk\/wp-json\/wp\/v2\/product\/93418"}],"wp:attachment":[{"href":"https:\/\/www.ecommerceupdate.com.br\/sk\/wp-json\/wp\/v2\/media?parent=93418"}],"wp:term":[{"taxonomy":"product_cat","embeddable":true,"href":"https:\/\/www.ecommerceupdate.com.br\/sk\/wp-json\/wp\/v2\/product_cat?post=93418"},{"taxonomy":"product_tag","embeddable":true,"href":"https:\/\/www.ecommerceupdate.com.br\/sk\/wp-json\/wp\/v2\/product_tag?post=93418"}],"curies":[{"name":"wp","href":"https:\/\/api.w.org\/{rel}","templated":true}]}}