{"id":93540,"date":"2026-03-04T20:14:28","date_gmt":"2026-03-04T23:14:28","guid":{"rendered":"https:\/\/www.ecommerceupdate.com.br\/produto\/aspectos-juridicos-do-e-commerce-2o-edicao\/"},"modified":"2026-03-13T15:32:54","modified_gmt":"2026-03-13T18:32:54","slug":"aspectos-juridicos-do-e-commerce-2o-edicao","status":"publish","type":"product","link":"https:\/\/www.ecommerceupdate.com.br\/sk\/produto\/aspectos-juridicos-do-e-commerce-2o-edicao\/","title":{"rendered":"Pr\u00e1vne aspekty elektronick\u00e9ho obchodu 2. vydanie"},"content":{"rendered":"<div class=\"woocommerce-product-details\">\n<div id=\"aplus_feature_div\" class=\"celwidget\" data-feature-name=\"aplus\" data-csa-c-type=\"widget\" data-csa-c-content-id=\"aplus\" data-csa-c-slot-id=\"aplus_feature_div\" data-csa-c-asin=\"\" data-csa-c-is-in-initial-active-row=\"false\">\n<div id=\"aplus\" class=\"a-section a-spacing-large bucket\">\n<h3 class=\"\">Od vydavate\u013ea<\/h3>\n<div lang=\"pt_BR\">\n<div class=\"aplus-v2 desktop celwidget\">\n<div class=\"celwidget aplus-module 3p-module-b aplus-standard\">\n<div class=\"aplus-module-wrapper aplus-3p-fixed-width\"> <img decoding=\"async\" alt=\"RT\" src=\"https:\/\/m.media-amazon.com\/images\/S\/aplus-media-library-service-media\/2e3910f4-c76a-4531-856f-1bd196e0f4c6.__CR58,0,1164,720_PT0_SX970_V1___.png\" \/> <\/div>\n<\/p>\n<\/div>\n<div class=\"celwidget aplus-module 3p-module-b aplus-standard\">\n<div class=\"aplus-module-wrapper aplus-3p-fixed-width\"> <img decoding=\"async\" alt=\"RT\" src=\"https:\/\/m.media-amazon.com\/images\/S\/aplus-media-library-service-media\/c5fc3e9f-3ba2-4354-8300-989bf32708ab.__CR58,0,1164,720_PT0_SX970_V1___.png\" \/> <\/div>\n<\/p>\n<\/div>\n<div class=\"celwidget aplus-module 3p-module-b aplus-standard\">\n<div class=\"aplus-module-wrapper aplus-3p-fixed-width\"> <img decoding=\"async\" alt=\"RT\" src=\"https:\/\/m.media-amazon.com\/images\/S\/aplus-media-library-service-media\/d20d4d5e-3ef5-48b1-a0c6-eaf6df0a2862.__CR58,0,1164,720_PT0_SX970_V1___.png\" \/> <\/div>\n<\/p>\n<\/div>\n<div class=\"celwidget aplus-module 3p-module-b aplus-standard\">\n<div class=\"aplus-module-wrapper aplus-3p-fixed-width\"> <img decoding=\"async\" alt=\"RT\" src=\"https:\/\/m.media-amazon.com\/images\/S\/aplus-media-library-service-media\/9af8c258-5aaa-4019-b318-ec15b48995d1.__CR58,0,1164,720_PT0_SX970_V1___.png\" \/> <\/div>\n<\/p>\n<\/div>\n<\/div>\n<\/div>\n<\/div>\n<\/div>\n<h3>Podrobnosti o produkte<\/h3>\n<ul>\n<li>Vydavate\u013e: Revista dos Tribunais<\/li>\n<li>D\u00e1tum zverejnenia: 1 J\u00fal 2022<\/li>\n<li>Vydanie: \u0160tandardn\u00e9 vydanie<\/li>\n<li>Po\u010det str\u00e1n : 388 str\u00e1n<\/li>\n<li>ISBN-10:6556147443<\/li>\n<li>ISBN-13:978-6556147444<\/li>\n<li>Hmotnos\u0165 produktu: 480g<\/li>\n<li>Rozmery: 2 x 16 x 23 cm<\/li>\n<li>Rebr\u00ed\u010dek najpred\u00e1vanej\u0161\u00edch: 428 120 v knih\u00e1ch (kateg\u00f3ria Stretnite sa s 100 najlep\u0161\u00edmi v knih\u00e1ch) 18 314 v odbornom a technickom pr\u00e1ve<\/li>\n<li>18 314 v odbornom a technickom pr\u00e1ve<\/li>\n<li>Z\u00e1kazn\u00edcke recenzie: 5,0 5,0 z 5 hviezdi\u010diek (1)<\/li>\n<\/ul><\/div>","protected":false},"excerpt":{"rendered":"<p>pr\u00e1ca m\u00e1 pr\u00ednos 23 odborn\u00edkov, ktor\u00ed sa prostredn\u00edctvom \u010dl\u00e1nkov venuj\u00fa r\u00f4znym pr\u00e1vnym aspektom elektronick\u00e9ho obchodu T\u00e9my boli \u0161trukt\u00farovan\u00e9 systematick\u00fdm sp\u00f4sobom, po\u010dn\u00fac historick\u00fdm v\u00fdvojom elektronick\u00e9ho obchodu, cez firemn\u00e9 a da\u0148ov\u00e9 pl\u00e1novanie, v\u00fdvoj webov\u00fdch str\u00e1nok, n\u00e1zov dom\u00e9ny, zna\u010dku, softv\u00e9r, pou\u017e\u00edvanie obr\u00e1zkov a odha\u013euj\u00fa hlbok\u00fdm a aktu\u00e1lnym sp\u00f4sobom zaobch\u00e1dzanie s osobn\u00fdmi \u00fadajmi, podmienky pou\u017e\u00edvania webovej str\u00e1nky, uzatv\u00e1ranie zml\u00fav o platobn\u00fdch prostriedkoch, konkuren\u010dn\u00e9 a pracovn\u00e9 aspekty, naj\u00edmanie digit\u00e1lnych influencerov, komer\u010dn\u00e9 propag\u00e1cie, elektronick\u00e9 podvody, okrem in\u00e9ho Kniha sa zaober\u00e1 aj prevent\u00edvnymi ot\u00e1zkami elektronick\u00e9ho obchodu, ktor\u00e9 zah\u0155\u0148aj\u00fa vz\u0165ah s dod\u00e1vate\u013emi a z\u00e1kazn\u00edkmi, a to ako pri pou\u017e\u00edvan\u00ed z\u00e1kona, tak aj pri pou\u017e\u00edvan\u00ed internetu.<\/p>","protected":false},"featured_media":93540,"comment_status":"open","ping_status":"closed","template":"","meta":[],"product_cat":[1609,1595],"product_tag":[],"class_list":{"0":"post-93540","1":"product","2":"type-product","3":"status-publish","4":"has-post-thumbnail","6":"product_brand-por-ndia-andreotti-tchumantel-hackerott-autor","7":"product_cat-direito","8":"product_cat-livros","10":"first","11":"instock","12":"sale","13":"shipping-taxable","14":"purchasable","15":"product-type-simple"},"aioseo_notices":[],"_links":{"self":[{"href":"https:\/\/www.ecommerceupdate.com.br\/sk\/wp-json\/wp\/v2\/product\/93540","targetHints":{"allow":["GET"]}}],"collection":[{"href":"https:\/\/www.ecommerceupdate.com.br\/sk\/wp-json\/wp\/v2\/product"}],"about":[{"href":"https:\/\/www.ecommerceupdate.com.br\/sk\/wp-json\/wp\/v2\/types\/product"}],"replies":[{"embeddable":true,"href":"https:\/\/www.ecommerceupdate.com.br\/sk\/wp-json\/wp\/v2\/comments?post=93540"}],"wp:featuredmedia":[{"embeddable":true,"href":"https:\/\/www.ecommerceupdate.com.br\/sk\/wp-json\/wp\/v2\/product\/93540"}],"wp:attachment":[{"href":"https:\/\/www.ecommerceupdate.com.br\/sk\/wp-json\/wp\/v2\/media?parent=93540"}],"wp:term":[{"taxonomy":"product_cat","embeddable":true,"href":"https:\/\/www.ecommerceupdate.com.br\/sk\/wp-json\/wp\/v2\/product_cat?post=93540"},{"taxonomy":"product_tag","embeddable":true,"href":"https:\/\/www.ecommerceupdate.com.br\/sk\/wp-json\/wp\/v2\/product_tag?post=93540"}],"curies":[{"name":"wp","href":"https:\/\/api.w.org\/{rel}","templated":true}]}}