{"id":93546,"date":"2026-03-04T20:15:56","date_gmt":"2026-03-04T23:15:56","guid":{"rendered":"https:\/\/www.ecommerceupdate.com.br\/produto\/ai-best-practices-for-commerce-proven-use-cases-of-artificial-intelligence\/"},"modified":"2026-03-08T20:18:23","modified_gmt":"2026-03-08T23:18:23","slug":"ai-best-practices-for-commerce-proven-use-cases-of-artificial-intelligence","status":"publish","type":"product","link":"https:\/\/www.ecommerceupdate.com.br\/sk\/produto\/ai-best-practices-for-commerce-proven-use-cases-of-artificial-intelligence\/","title":{"rendered":"Osved\u010den\u00e9 postupy AI pre obchod: Osved\u010den\u00e9 pr\u00edpady pou\u017eitia umelej inteligencie"},"content":{"rendered":"<div class=\"woocommerce-product-details\">\n<h3>Podrobnosti o produkte<\/h3>\n<ul>\n<li>Vydavate\u013e: McFadyen Digital<\/li>\n<li>D\u00e1tum zverejnenia: 12 janu\u00e1ra 2026<\/li>\n<li>Jazyk: angli\u010dtina<\/li>\n<li>Po\u010det str\u00e1n : 524 str\u00e1n<\/li>\n<li>ISBN-10:0981595111<\/li>\n<li>ISBN-13:978-0981595115<\/li>\n<li>Hmotnos\u0165 produktu: 1,43 kilogramu<\/li>\n<li>Rozmery: 21,55 x 3,48 x 28,54 cm<\/li>\n<li>Rebr\u00ed\u010dek najpred\u00e1vanej\u0161\u00edch kn\u00edh: \u010d. 533 084 v knih\u00e1ch (kateg\u00f3ria Stretnite sa s 100 najlep\u0161\u00edmi v knih\u00e1ch) \u010d. 55 v importovan\u00fdch datab\u00e1zach Oracle \u010d. 350 v importovanom elektronickom obchode<\/li>\n<li>55 v importovan\u00fdch datab\u00e1zach Oracle<\/li>\n<li>350 In Dovezen\u00e9 na elektronick\u00fd obchod<\/li>\n<li>Z\u00e1kazn\u00edcke recenzie: 5,0 5,0 z 5 hviezdi\u010diek (2)<\/li>\n<\/ul><\/div>","protected":false},"excerpt":{"rendered":"<p>Ak je v\u00e1\u0161 t\u00edm pripraven\u00fd nasadi\u0165 AI nad r\u00e1mec pilotn\u00fdch projektov a poskytn\u00fa\u0165 hmatate\u013en\u00e9 obchodn\u00e9 v\u00fdsledky, t\u00e1to kniha je va\u0161\u00edm pl\u00e1nom.AI Best Practices for Commerce organizations 125+ pou\u017eite\u013en\u00fdch pr\u00edpadov pou\u017eitia AI do obchodn\u00e9ho hodnotov\u00e9ho re\u0165azca a trhu, Pred\u00e1va\u0165, plni\u0165, podporova\u0165 a plus \u017eivotn\u00fd cyklus dodania softv\u00e9ru. Ka\u017ed\u00fd pr\u00edpad pou\u017eitia zah\u0155\u0148a obchodn\u00fa v\u00fdzvu, ako ju AI rie\u0161i v praxi a v\u00fdsledky, ktor\u00e9 m\u00f4\u017eete. Pou\u017eijete \u017eivotn\u00fd cyklus dodania. Ka\u017ed\u00fd pr\u00edpad pou\u017eitia zah\u0155\u0148a obchodn\u00fa v\u00fdzvu, ko\u013eko sa priemysel nau\u010d\u00ed nau\u010di\u0165<\/p>\n<p><span>Prisp\u00f4sobte si cesty z\u00e1kazn\u00edkov<\/span><\/p>\n<p>Prisp\u00f4sobte si cesty z\u00e1kazn\u00edkov<\/p>\n<p><span>Zlep\u0161i\u0165 progn\u00f3zovanie a pl\u00e1novanie z\u00e1sob<\/span><\/p>\n<p>Zlep\u0161i\u0165 progn\u00f3zovanie a pl\u00e1novanie z\u00e1sob<\/p>\n<p><span>Automatizujte podporu pomocou konverza\u010dn\u00fdch syst\u00e9mov<\/span><\/p>\n<p>Automatizujte podporu pomocou konverza\u010dn\u00fdch syst\u00e9mov<\/p>\n<p><span>Ur\u00fdchlite v\u00fdvoj pomocou asistentov AI<\/span><\/p>\n<p>Ur\u00fdchlite v\u00fdvoj s generat\u00edvnymi asistentmi AI T\u00e1to kniha, jasn\u00e1, \u0161trukt\u00farovan\u00e1 a zameran\u00e1 na podnikanie, pom\u00e1ha t\u00edmom identifikova\u0165 pr\u00edle\u017eitosti AI s vysok\u00fdm dopadom a s istotou ich osvoji\u0165.<\/p>","protected":false},"featured_media":93546,"comment_status":"open","ping_status":"closed","template":"","meta":[],"product_cat":[1641,1595,1610],"product_tag":[],"class_list":{"0":"post-93546","1":"product","2":"type-product","3":"status-publish","4":"has-post-thumbnail","6":"product_brand-edicao-ingls-por-tom-mcfadyen-autor","7":"product_cat-computacao-informatica-e-midias-digitais","8":"product_cat-livros","9":"product_cat-livros-internacionais","11":"first","12":"instock","13":"shipping-taxable","14":"purchasable","15":"product-type-simple"},"aioseo_notices":[],"_links":{"self":[{"href":"https:\/\/www.ecommerceupdate.com.br\/sk\/wp-json\/wp\/v2\/product\/93546","targetHints":{"allow":["GET"]}}],"collection":[{"href":"https:\/\/www.ecommerceupdate.com.br\/sk\/wp-json\/wp\/v2\/product"}],"about":[{"href":"https:\/\/www.ecommerceupdate.com.br\/sk\/wp-json\/wp\/v2\/types\/product"}],"replies":[{"embeddable":true,"href":"https:\/\/www.ecommerceupdate.com.br\/sk\/wp-json\/wp\/v2\/comments?post=93546"}],"wp:featuredmedia":[{"embeddable":true,"href":"https:\/\/www.ecommerceupdate.com.br\/sk\/wp-json\/wp\/v2\/product\/93546"}],"wp:attachment":[{"href":"https:\/\/www.ecommerceupdate.com.br\/sk\/wp-json\/wp\/v2\/media?parent=93546"}],"wp:term":[{"taxonomy":"product_cat","embeddable":true,"href":"https:\/\/www.ecommerceupdate.com.br\/sk\/wp-json\/wp\/v2\/product_cat?post=93546"},{"taxonomy":"product_tag","embeddable":true,"href":"https:\/\/www.ecommerceupdate.com.br\/sk\/wp-json\/wp\/v2\/product_tag?post=93546"}],"curies":[{"name":"wp","href":"https:\/\/api.w.org\/{rel}","templated":true}]}}