{"id":93561,"date":"2026-03-04T20:18:42","date_gmt":"2026-03-04T23:18:42","guid":{"rendered":"https:\/\/www.ecommerceupdate.com.br\/produto\/como-ter-um-e-commerce-de-sucesso-na-shopee\/"},"modified":"2026-04-13T23:02:11","modified_gmt":"2026-04-14T02:02:11","slug":"como-ter-um-e-commerce-de-sucesso-na-shopee","status":"publish","type":"product","link":"https:\/\/www.ecommerceupdate.com.br\/sk\/produto\/como-ter-um-e-commerce-de-sucesso-na-shopee\/","title":{"rendered":"Ako ma\u0165 \u00faspe\u0161n\u00fd elektronick\u00fd obchod v Shopee"},"content":{"rendered":"<div class=\"woocommerce-product-details\"><\/div>","protected":false},"excerpt":{"rendered":"<p>Objavte cestu k \u00faspechu v elektronickom obchode s \u201cAko ma\u0165 \u00faspe\u0161n\u00fd elektronick\u00fd obchod v Shopee\u201d, nepostr\u00e1date\u013en\u00fd sprievodca pre t\u00fdch, ktor\u00ed chc\u00fa doby\u0165 svoj priestor v Shopee, jednej z najv\u00e4\u010d\u0161\u00edch platforiem elektronick\u00e9ho obchodu na svete. S 54 str\u00e1n pln\u00fdmi praktick\u00fdch poznatkov a overen\u00fdch strat\u00e9gi\u00ed je t\u00e1to ebook va\u0161ou vstupenkou do fascinuj\u00faceho a lukrat\u00edvneho sveta online obchodu.S veden\u00edm odborn\u00fdch znalost\u00ed Guilherme Ribeiro, mlad\u00e9ho podnikate\u013ea a odborn\u00edka na digit\u00e1lny trh, sa nau\u010d\u00edte:<span>Vyberte si ten spr\u00e1vny medzeru na trhu pre v\u00e1\u0161 elektronick\u00fd obchod.<\/span>Vyberte si ten spr\u00e1vny medzeru na trhu pre v\u00e1\u0161 elektronick\u00fd obchod.<span>Rozv\u00edja\u0165 siln\u00fa a atrakt\u00edvnu zna\u010dku.<\/span>Rozv\u00edja\u0165 siln\u00fa a atrakt\u00edvnu zna\u010dku.<span>Vytvorte zoznamy produktov, ktor\u00e9 pred\u00e1vaj\u00fa.<\/span>Vytvorte zoznamy produktov, ktor\u00e9 pred\u00e1vaj\u00fa.<span>Implementujte digit\u00e1lny marketing a SEO strat\u00e9gie na zv\u00fd\u0161enie vidite\u013enosti a dosahu.<\/span>Implementujte digit\u00e1lny marketing a SEO strat\u00e9gie na zv\u00fd\u0161enie vidite\u013enosti a dosahu.<span>Efekt\u00edvne riadi\u0165 logistiku a z\u00e1kazn\u00edcky servis na budovanie lojality z\u00e1kazn\u00edkov.<\/span>Efekt\u00edvne riadi\u0165 logistiku a z\u00e1kazn\u00edcky servis budova\u0165 lojalitu z\u00e1kazn\u00edkov, T\u00e1to ebook nie je len manu\u00e1l, ale digit\u00e1lny mentor pon\u00faka skuto\u010dn\u00e9 pr\u00edpadov\u00e9 \u0161t\u00fadie, praktick\u00e9 tipy a rady, ktor\u00e9 m\u00f4\u017eete za\u010da\u0165 uplat\u0148ova\u0165 hne\u010f.\u010ci ste za\u010d\u00ednaj\u00faci podnikate\u013e alebo sk\u00fasen\u00fd predajca, ktor\u00fd chce roz\u0161\u00edri\u0165 svoju online pr\u00edtomnos\u0165, \u201cAko ma\u0165 \u00faspe\u0161n\u00fd elektronick\u00fd obchod v Shopee\u201d je ide\u00e1lnou vo\u013ebou na podporu svojho podnikania. K dispoz\u00edcii teraz na Amazon.Preme\u0148te svoju podnikate\u013esk\u00fa v\u00edziu na skuto\u010dnos\u0165!<\/p>","protected":false},"featured_media":93561,"comment_status":"open","ping_status":"closed","template":"","meta":[],"product_cat":[1611,1613,1595],"product_tag":[],"class_list":{"0":"post-93561","1":"product","2":"type-product","3":"status-publish","4":"has-post-thumbnail","6":"product_brand-por-guilherme-ribeiro-autor-formato-ebook-kindle","7":"product_cat-administracao-negocios-e-economia","8":"product_cat-industrias-e-profissoes","9":"product_cat-livros","11":"first","12":"instock","13":"shipping-taxable","14":"purchasable","15":"product-type-simple"},"aioseo_notices":[],"_links":{"self":[{"href":"https:\/\/www.ecommerceupdate.com.br\/sk\/wp-json\/wp\/v2\/product\/93561","targetHints":{"allow":["GET"]}}],"collection":[{"href":"https:\/\/www.ecommerceupdate.com.br\/sk\/wp-json\/wp\/v2\/product"}],"about":[{"href":"https:\/\/www.ecommerceupdate.com.br\/sk\/wp-json\/wp\/v2\/types\/product"}],"replies":[{"embeddable":true,"href":"https:\/\/www.ecommerceupdate.com.br\/sk\/wp-json\/wp\/v2\/comments?post=93561"}],"wp:featuredmedia":[{"embeddable":true,"href":"https:\/\/www.ecommerceupdate.com.br\/sk\/wp-json\/wp\/v2\/product\/93561"}],"wp:attachment":[{"href":"https:\/\/www.ecommerceupdate.com.br\/sk\/wp-json\/wp\/v2\/media?parent=93561"}],"wp:term":[{"taxonomy":"product_cat","embeddable":true,"href":"https:\/\/www.ecommerceupdate.com.br\/sk\/wp-json\/wp\/v2\/product_cat?post=93561"},{"taxonomy":"product_tag","embeddable":true,"href":"https:\/\/www.ecommerceupdate.com.br\/sk\/wp-json\/wp\/v2\/product_tag?post=93561"}],"curies":[{"name":"wp","href":"https:\/\/api.w.org\/{rel}","templated":true}]}}