{"id":94354,"date":"2026-03-12T13:40:08","date_gmt":"2026-03-12T16:40:08","guid":{"rendered":"https:\/\/www.ecommerceupdate.com.br\/produto\/e-commerce-conceitos-implementacao-e-gestao\/"},"modified":"2026-03-13T15:57:10","modified_gmt":"2026-03-13T18:57:10","slug":"e-commerce-conceitos-implementacao-e-gestao","status":"publish","type":"product","link":"https:\/\/www.ecommerceupdate.com.br\/sk\/produto\/e-commerce-conceitos-implementacao-e-gestao\/","title":{"rendered":"Elektronick\u00fd obchod: koncepcie, implement\u00e1cia a riadenie"},"content":{"rendered":"<div class=\"woocommerce-product-details\">\n<h3>Podrobnosti o produkte<\/h3>\n<ul>\n<li>Vydavate\u013e: InterSaberes<\/li>\n<li>D\u00e1tum zverejnenia: 1 Augusta 2016<\/li>\n<li>Vydanie: 1a<\/li>\n<li>Jazyk: portugal\u010dina<\/li>\n<li>Po\u010det str\u00e1n : 310 str\u00e1n<\/li>\n<li>ISBN-10:8559722084<\/li>\n<li>ISBN-13:978-8559722086<\/li>\n<li>Hmotnos\u0165 produktu: 350g<\/li>\n<li>Vek \u010d\u00edtania: 12 rokov a viac<\/li>\n<li>Rozmery: 20,8 x 14,2 x 1,6 cm<\/li>\n<li>Rebr\u00ed\u010dek najpred\u00e1vanej\u0161\u00edch kn\u00edh: 157 849 v kateg\u00f3rii Knihy (zozn\u00e1mte sa s 100 najlep\u0161\u00edmi v kateg\u00f3rii Knihy) 3 428 v kateg\u00f3rii Mana\u017ement a vedenie<\/li>\n<li>3 428 v oblasti mana\u017ementu a vedenia<\/li>\n<li>Z\u00e1kazn\u00edcke recenzie: 4,7 4,7 z 5 hviezdi\u010diek (34)<\/li>\n<\/ul><\/div>","protected":false},"excerpt":{"rendered":"<p>So zr\u00fdchlen\u00fdm pokrokom informa\u010dn\u00fdch a komunika\u010dn\u00fdch technol\u00f3gi\u00ed sa osvojenie si konceptov, strat\u00e9gi\u00ed a n\u00e1strojov, ktor\u00e9 tvoria vesm\u00edr elektronick\u00e9ho obchodu, stalo z\u00e1kladom pre v\u0161etk\u00fdch, ktor\u00ed chc\u00fa dosiahnu\u0165 \u00faspech v podnikate\u013eskom prostred\u00ed., Pr\u00ed\u010fte sa s nami zamyslie\u0165 nad v\u00fdhodami a v\u00fdzvami, ktor\u00e9 sa zvy\u010dajne vyskytuj\u00fa v elektronickom obchode, a lep\u0161ie pozna\u0165 fungovanie technol\u00f3gi\u00ed zapojen\u00fdch do tejto \u010dinnosti Na konci tohto \u010d\u00edtania budete m\u00f4c\u0165 vn\u00edma\u0165 aspekty, ktor\u00e9 odli\u0161uj\u00fa digit\u00e1lny trh od tradi\u010dn\u00e9ho a m\u00f4\u017eete tieto poznatky uplatni\u0165 v praxi svojej ka\u017edodennej pr\u00e1ce.<\/p>","protected":false},"featured_media":94354,"comment_status":"open","ping_status":"closed","template":"","meta":[],"product_cat":[1611,1621,1595],"product_tag":[],"class_list":{"0":"post-94354","1":"product","2":"type-product","3":"status-publish","4":"has-post-thumbnail","6":"product_brand-edicao-portugus-por-nara-stefano-autor-izabel-cristina-zattar-autor","7":"product_cat-administracao-negocios-e-economia","8":"product_cat-gestao-e-lideranca","9":"product_cat-livros","11":"first","12":"instock","13":"sale","14":"shipping-taxable","15":"purchasable","16":"product-type-simple"},"aioseo_notices":[],"_links":{"self":[{"href":"https:\/\/www.ecommerceupdate.com.br\/sk\/wp-json\/wp\/v2\/product\/94354","targetHints":{"allow":["GET"]}}],"collection":[{"href":"https:\/\/www.ecommerceupdate.com.br\/sk\/wp-json\/wp\/v2\/product"}],"about":[{"href":"https:\/\/www.ecommerceupdate.com.br\/sk\/wp-json\/wp\/v2\/types\/product"}],"replies":[{"embeddable":true,"href":"https:\/\/www.ecommerceupdate.com.br\/sk\/wp-json\/wp\/v2\/comments?post=94354"}],"wp:featuredmedia":[{"embeddable":true,"href":"https:\/\/www.ecommerceupdate.com.br\/sk\/wp-json\/wp\/v2\/product\/94354"}],"wp:attachment":[{"href":"https:\/\/www.ecommerceupdate.com.br\/sk\/wp-json\/wp\/v2\/media?parent=94354"}],"wp:term":[{"taxonomy":"product_cat","embeddable":true,"href":"https:\/\/www.ecommerceupdate.com.br\/sk\/wp-json\/wp\/v2\/product_cat?post=94354"},{"taxonomy":"product_tag","embeddable":true,"href":"https:\/\/www.ecommerceupdate.com.br\/sk\/wp-json\/wp\/v2\/product_tag?post=94354"}],"curies":[{"name":"wp","href":"https:\/\/api.w.org\/{rel}","templated":true}]}}