{"id":91274,"date":"2026-02-05T07:17:48","date_gmt":"2026-02-05T10:17:48","guid":{"rendered":"https:\/\/www.ecommerceupdate.org\/produto\/marketplace-teoria-e-pratica\/"},"modified":"2026-03-20T23:39:35","modified_gmt":"2026-03-21T02:39:35","slug":"marketplace-teoria-e-pratica","status":"publish","type":"product","link":"https:\/\/www.ecommerceupdate.com.br\/sl\/produto\/marketplace-teoria-e-pratica\/","title":{"rendered":"Tr\u017enica: teorija in praksa"},"content":{"rendered":"<div class=\"woocommerce-product-details\">\n<h3>Podrobnosti izdelka<\/h3>\n<ul>\n<li>ASIN: B08YN21JDC<\/li>\n<li>Zalo\u017eba: Soul Publisher<\/li>\n<li>Dostopnost: Ve\u010d o tem<\/li>\n<li>Datum objave: 10. marec 2021<\/li>\n<li>Izdaja: 1a<\/li>\n<li>Jezik: portugal\u0161\u010dina<\/li>\n<li>Velikost datoteke: 4.9 MB<\/li>\n<li>Konfiguracija pisave: omogo\u010deno<\/li>\n<li>Nasveti za besedi\u0161\u010de: ni omogo\u010deno<\/li>\n<li>\u0160tevilo strani: 188 strani<\/li>\n<li>ISBN-13:978-6586178906<\/li>\n<li>Obra\u010danje strani: omogo\u010deno<\/li>\n<li>Razvrstitev najbolje prodajanih: \u0161t. 144.760 v trgovini Kindle (izpolnite 100 najbolj\u0161ih v kategoriji trgovin Kindle) \u0161t. 59 v spletni trgovini \u0161t. 5.346 v poslovanju in ekonomiji<\/li>\n<li>59 V spletni trgovini<\/li>\n<li>5.346 v gospodarstvu in ekonomiji<\/li>\n<li>Ocene strank: 4,1 4,1 od 5 zvezdic (15)<\/li>\n<\/ul><\/div>","protected":false},"excerpt":{"rendered":"<p>Soo\u010dena s svetom, polnim inovacij in maloprodajnim trgom, ki i\u0161\u010de nove smeri za svojo prodajo, je prodaja na trgu postala zelo zanimiva pot za tiso\u010de podjetij.  <br \/>Izkori\u0161\u010danje prepoznavnosti, ki jo imajo veliki portali za pridobivanje strank, vstop na ta inovativni trg ima svoje podvige in tveganja V tej knjigi lahko najdete re\u0161itev za ve\u010d njih in postanete uspe\u0161en podjetnik.<\/p>","protected":false},"featured_media":0,"comment_status":"open","ping_status":"closed","template":"","meta":[],"product_cat":[1611,1613,1595],"product_tag":[],"class_list":{"0":"post-91274","1":"product","2":"type-product","3":"status-publish","5":"product_brand-por-alexandre-villar-autor-alexandre-vilar-autor-chris-donizete-editor-0-mais-formato-ebook-kindle","6":"product_cat-administracao-negocios-e-economia","7":"product_cat-industrias-e-profissoes","8":"product_cat-livros","10":"first","11":"instock","12":"shipping-taxable","13":"purchasable","14":"product-type-simple"},"aioseo_notices":[],"_links":{"self":[{"href":"https:\/\/www.ecommerceupdate.com.br\/sl\/wp-json\/wp\/v2\/product\/91274","targetHints":{"allow":["GET"]}}],"collection":[{"href":"https:\/\/www.ecommerceupdate.com.br\/sl\/wp-json\/wp\/v2\/product"}],"about":[{"href":"https:\/\/www.ecommerceupdate.com.br\/sl\/wp-json\/wp\/v2\/types\/product"}],"replies":[{"embeddable":true,"href":"https:\/\/www.ecommerceupdate.com.br\/sl\/wp-json\/wp\/v2\/comments?post=91274"}],"wp:attachment":[{"href":"https:\/\/www.ecommerceupdate.com.br\/sl\/wp-json\/wp\/v2\/media?parent=91274"}],"wp:term":[{"taxonomy":"product_cat","embeddable":true,"href":"https:\/\/www.ecommerceupdate.com.br\/sl\/wp-json\/wp\/v2\/product_cat?post=91274"},{"taxonomy":"product_tag","embeddable":true,"href":"https:\/\/www.ecommerceupdate.com.br\/sl\/wp-json\/wp\/v2\/product_tag?post=91274"}],"curies":[{"name":"wp","href":"https:\/\/api.w.org\/{rel}","templated":true}]}}