{"id":93225,"date":"2026-03-01T09:31:52","date_gmt":"2026-03-01T12:31:52","guid":{"rendered":"https:\/\/www.ecommerceupdate.com.br\/produto\/dominando-a-ia\/"},"modified":"2026-04-13T22:44:49","modified_gmt":"2026-04-14T01:44:49","slug":"dominando-a-ia","status":"publish","type":"product","link":"https:\/\/www.ecommerceupdate.com.br\/sl\/produto\/dominando-a-ia\/","title":{"rendered":"Obvladovanje AI"},"content":{"rendered":"<div class=\"woocommerce-product-details\"><\/div>","protected":false},"excerpt":{"rendered":"<p>\u201cKAKO UMETNA INTELIGENCA OGRO\u017dA DEMOKRACIJO IN SPREMINJA NA\u0160 NA\u010cIN RAZMI\u0160LJANJA\u201d<\/p>\n<p>Novinar revije Fortune Jeremy Kahn se opira na vse svoje strokovno znanje in \u0161iroko mre\u017eo stikov med podjetji in znanstveniki, ki so v ospredju umetne inteligence, da bi naredil vplivne napovedi o u\u010dinku te tehnologije v naslednjem desetletju.<\/p>\n<p>Avtor napoveduje, da bo v naslednjih petih letih umetna inteligenca vplivala na vse gospodarske sektorje in podjetja ter dramati\u010dno pove\u010dala u\u010dinkovitost in produktivnost. \u010ceprav projekcije ka\u017eejo na svetlo prihodnost, umetna inteligenca s seboj prina\u0161a tudi senco strahu in negotovosti.<\/p>\n<p>S prednostjo privilegiranega dostopa do voditeljev, znanstvenikov, futuristov in drugih protagonistov te nove realnosti Kahn trdi, da \u010de umetna inteligenca ni skrbno zasnovana in strogo regulirana, bo povzro\u010dila zni\u017eanje pla\u010d in ve\u010djo dohodkovno neenakost, kar bo v ve\u010djem delu povzro\u010dilo monopolizirane trge. gospodarstva.<br \/>Obvladovanje umetne inteligence slu\u017ei kot pomemben vodnik za vsakogar, ki \u017eeli razumeti eksploziven napredek umetne inteligence in kaj nas \u010daka naprej.<\/p>","protected":false},"featured_media":93225,"comment_status":"open","ping_status":"closed","template":"","meta":{"_aipt_faq_data":""},"product_cat":[1615,1608,1607],"product_tag":[],"class_list":{"0":"post-93225","1":"product","2":"type-product","3":"status-publish","4":"has-post-thumbnail","6":"product_brand-por-jeremy-kahn-autor-formato-ebook-kindle","7":"product_cat-ciencias","8":"product_cat-ebooks-kindle","9":"product_cat-loja-kindle","11":"first","12":"instock","13":"sale","14":"shipping-taxable","15":"purchasable","16":"product-type-simple"},"aioseo_notices":[],"_links":{"self":[{"href":"https:\/\/www.ecommerceupdate.com.br\/sl\/wp-json\/wp\/v2\/product\/93225","targetHints":{"allow":["GET"]}}],"collection":[{"href":"https:\/\/www.ecommerceupdate.com.br\/sl\/wp-json\/wp\/v2\/product"}],"about":[{"href":"https:\/\/www.ecommerceupdate.com.br\/sl\/wp-json\/wp\/v2\/types\/product"}],"replies":[{"embeddable":true,"href":"https:\/\/www.ecommerceupdate.com.br\/sl\/wp-json\/wp\/v2\/comments?post=93225"}],"wp:featuredmedia":[{"embeddable":true,"href":"https:\/\/www.ecommerceupdate.com.br\/sl\/wp-json\/wp\/v2\/product\/93225"}],"wp:attachment":[{"href":"https:\/\/www.ecommerceupdate.com.br\/sl\/wp-json\/wp\/v2\/media?parent=93225"}],"wp:term":[{"taxonomy":"product_cat","embeddable":true,"href":"https:\/\/www.ecommerceupdate.com.br\/sl\/wp-json\/wp\/v2\/product_cat?post=93225"},{"taxonomy":"product_tag","embeddable":true,"href":"https:\/\/www.ecommerceupdate.com.br\/sl\/wp-json\/wp\/v2\/product_tag?post=93225"}],"curies":[{"name":"wp","href":"https:\/\/api.w.org\/{rel}","templated":true}]}}