{"id":93569,"date":"2026-03-04T20:20:50","date_gmt":"2026-03-04T23:20:50","guid":{"rendered":"https:\/\/www.ecommerceupdate.com.br\/produto\/tiktok-para-e-commerce-como-transformar-conteudo-em-resultados-reais\/"},"modified":"2026-03-13T15:37:38","modified_gmt":"2026-03-13T18:37:38","slug":"tiktok-para-e-commerce-como-transformar-conteudo-em-resultados-reais","status":"publish","type":"product","link":"https:\/\/www.ecommerceupdate.com.br\/sl\/produto\/tiktok-para-e-commerce-como-transformar-conteudo-em-resultados-reais\/","title":{"rendered":"TikTok za e-trgovino: Kako spremeniti vsebino v resni\u010dne rezultate"},"content":{"rendered":"<div class=\"woocommerce-product-details\">\n<h3>Podrobnosti izdelka<\/h3>\n<ul>\n<li>ASIN: B0FR9TTP7S<\/li>\n<li>Dostopnost: Ve\u010d o tem<\/li>\n<li>Datum objave: 15. september 2025<\/li>\n<li>Jezik: portugal\u0161\u010dina<\/li>\n<li>Velikost datoteke: 199 KB<\/li>\n<li>Konfiguracija pisave: omogo\u010deno<\/li>\n<li>Nasveti za besedi\u0161\u010de: ni omogo\u010deno<\/li>\n<li>\u0160tevilo strani: 64 strani<\/li>\n<li>Obra\u010danje strani: omogo\u010deno<\/li>\n<li>Razvrstitev najbolje prodajanih: \u0161t. 170.401 v trgovini Kindle (izpolnite 100 najbolj\u0161ih v kategoriji trgovin Kindle) \u0161t. 6.259 v poslovanju in gospodarstvu<\/li>\n<li>6.259 iz poslovanja in ekonomije<\/li>\n<li>Ocene strank: 4,1 4,1 od 5 zvezdic (5)<\/li>\n<\/ul><\/div>","protected":false},"excerpt":{"rendered":"<p>Prakti\u010dni vodnik za trgovce na drobno, ustvarjalce in blagovne znamke, ki se \u017eelijo raz\u0161iriti s platformo, ki se leta 2025 najbolj spremeni.<\/p>","protected":false},"featured_media":93569,"comment_status":"open","ping_status":"closed","template":"","meta":[],"product_cat":[1611,1608,1607],"product_tag":[],"class_list":{"0":"post-93569","1":"product","2":"type-product","3":"status-publish","4":"has-post-thumbnail","6":"product_brand-por-diego-santana-autor-formato-ebook-kindle","7":"product_cat-administracao-negocios-e-economia","8":"product_cat-ebooks-kindle","9":"product_cat-loja-kindle","11":"first","12":"instock","13":"shipping-taxable","14":"purchasable","15":"product-type-simple"},"aioseo_notices":[],"_links":{"self":[{"href":"https:\/\/www.ecommerceupdate.com.br\/sl\/wp-json\/wp\/v2\/product\/93569","targetHints":{"allow":["GET"]}}],"collection":[{"href":"https:\/\/www.ecommerceupdate.com.br\/sl\/wp-json\/wp\/v2\/product"}],"about":[{"href":"https:\/\/www.ecommerceupdate.com.br\/sl\/wp-json\/wp\/v2\/types\/product"}],"replies":[{"embeddable":true,"href":"https:\/\/www.ecommerceupdate.com.br\/sl\/wp-json\/wp\/v2\/comments?post=93569"}],"wp:featuredmedia":[{"embeddable":true,"href":"https:\/\/www.ecommerceupdate.com.br\/sl\/wp-json\/wp\/v2\/product\/93569"}],"wp:attachment":[{"href":"https:\/\/www.ecommerceupdate.com.br\/sl\/wp-json\/wp\/v2\/media?parent=93569"}],"wp:term":[{"taxonomy":"product_cat","embeddable":true,"href":"https:\/\/www.ecommerceupdate.com.br\/sl\/wp-json\/wp\/v2\/product_cat?post=93569"},{"taxonomy":"product_tag","embeddable":true,"href":"https:\/\/www.ecommerceupdate.com.br\/sl\/wp-json\/wp\/v2\/product_tag?post=93569"}],"curies":[{"name":"wp","href":"https:\/\/api.w.org\/{rel}","templated":true}]}}