{"id":93661,"date":"2026-03-05T14:04:31","date_gmt":"2026-03-05T17:04:31","guid":{"rendered":"https:\/\/www.ecommerceupdate.com.br\/produto\/mercado-livre-afiliado-o-manual-do-afiliado-livro-4\/"},"modified":"2026-03-13T15:42:10","modified_gmt":"2026-03-13T18:42:10","slug":"mercado-livre-afiliado-o-manual-do-afiliado-livro-4","status":"publish","type":"product","link":"https:\/\/www.ecommerceupdate.com.br\/sl\/produto\/mercado-livre-afiliado-o-manual-do-afiliado-livro-4\/","title":{"rendered":"Mercado Livre Affiliate (Priro\u010dnik podru\u017enice Book 4)"},"content":{"rendered":"<div class=\"woocommerce-product-details\">\n<h3>Podrobnosti izdelka<\/h3>\n<ul>\n<li>ASIN: B0FT62M8CB<\/li>\n<li>Dostopnost: Ve\u010d o tem<\/li>\n<li>Datum objave: 1. oktober 2025<\/li>\n<li>Izdaja: 1a<\/li>\n<li>Jezik: portugal\u0161\u010dina<\/li>\n<li>Velikost datoteke: 90 KB<\/li>\n<li>Konfiguracija pisave: omogo\u010deno<\/li>\n<li>Nasveti za besedi\u0161\u010de: ni omogo\u010deno<\/li>\n<li>\u0160tevilo strani: 36 strani<\/li>\n<li>Obra\u010danje strani: omogo\u010deno<\/li>\n<li>Knjiga 4 od 6: Priro\u010dnik za pridru\u017eene osebe<\/li>\n<li>Lestvica najbolje prodajanih: \u0161t. 143.241 v trgovini Kindle (izpolnite 100 najbolj\u0161ih v kategoriji trgovin Kindle) \u0161t. 92 v potro\u0161ni\u0161tvu \u0161t. 291 v prodaji in prodajalcih \u0161t. 602 v tr\u017eenju<\/li>\n<li>92 V Potro\u0161ni\u0161tvo<\/li>\n<li>291 V prodaji in prodajalcih<\/li>\n<li>602 V marketingu<\/li>\n<li>Ocene strank: 4,6 4,6 od 5 zvezdic (3)<\/li>\n<\/ul><\/div>","protected":false},"excerpt":{"rendered":"<p>Ste kdaj razmi\u0161ljali o ustvarjanju dobi\u010dka z napotitvijo izdelkov z najve\u010djega trga v Latinski Ameriki?<br \/>Partnerski program Mercado Livre ponuja neverjetno prilo\u017enost za tiste, ki \u017eelijo preprosto in v celoti ustvariti dodaten dohodek na spletu. Ta e-knjiga je idealen vodnik za za\u010detnike, ki \u017eelijo za\u010deti iz ni\u010d in se korak za korakom nau\u010diti, kako spremeniti priporo\u010dila v provizijo, pri \u010demer izkoristijo ogromen doseg Mercado Livre. \u030bKaj se boste nau\u010dili v tem priro\u010dniku<\/p>\n<p><span>Kako deluje pridru\u017eeni program Mercado Livre.<\/span><\/p>\n<p>Kako deluje pridru\u017eeni program Mercado Livre.<\/p>\n<p><span>Korak za korakom, da ustvarite svoj ra\u010dun in za\u010dnete promovirati izdelke.<\/span><\/p>\n<p>Korak za korakom, da ustvarite svoj ra\u010dun in za\u010dnete promovirati izdelke.<\/p>\n<p><span>Prakti\u010dne strategije za dosledno pove\u010danje va\u0161ih provizij.<\/span><\/p>\n<p>Prakti\u010dne strategije za dosledno pove\u010danje va\u0161ih provizij.<\/p>\n<p><span>Najpogostej\u0161e napake, zaradi katerih za\u010detniki izgubijo prodajo (in kako se jim izogniti).<\/span><\/p>\n<p>Najpogostej\u0161e napake, zaradi katerih za\u010detniki izgubijo prodajo (in kako se jim izogniti).<\/p>\n<p><span>Nasveti za pove\u010danje va\u0161ih rezultatov in izstopanje med podru\u017enicami.<\/span><\/p>\n<p>Nasveti za pove\u010danje va\u0161ih rezultatov in izstopanje med podru\u017enicami S preprostim in objektivnim jezikom gre ta e-knjiga naravnost k bistvu, ki prikazuje, kako lahko vsakdo naredi prve korake v affiliate marketingu z uporabo mo\u010di Mercado Livre. \u25cf \u010ce i\u0161\u010dete cenovno ugoden in prakti\u010den na\u010din za zaslu\u017eek na spletu, je ta vodnik idealen na\u010din za varen za\u010detek affiliate programa Mercado Livre.<\/p>","protected":false},"featured_media":93661,"comment_status":"open","ping_status":"closed","template":"","meta":[],"product_cat":[1611,1595,1618],"product_tag":[],"class_list":{"0":"post-93661","1":"product","2":"type-product","3":"status-publish","4":"has-post-thumbnail","6":"product_brand-por-igor-assis-autor-formato-ebook-kindle","7":"product_cat-administracao-negocios-e-economia","8":"product_cat-livros","9":"product_cat-marketing-e-vendas","11":"first","12":"instock","13":"shipping-taxable","14":"purchasable","15":"product-type-simple"},"aioseo_notices":[],"_links":{"self":[{"href":"https:\/\/www.ecommerceupdate.com.br\/sl\/wp-json\/wp\/v2\/product\/93661","targetHints":{"allow":["GET"]}}],"collection":[{"href":"https:\/\/www.ecommerceupdate.com.br\/sl\/wp-json\/wp\/v2\/product"}],"about":[{"href":"https:\/\/www.ecommerceupdate.com.br\/sl\/wp-json\/wp\/v2\/types\/product"}],"replies":[{"embeddable":true,"href":"https:\/\/www.ecommerceupdate.com.br\/sl\/wp-json\/wp\/v2\/comments?post=93661"}],"wp:featuredmedia":[{"embeddable":true,"href":"https:\/\/www.ecommerceupdate.com.br\/sl\/wp-json\/wp\/v2\/product\/93661"}],"wp:attachment":[{"href":"https:\/\/www.ecommerceupdate.com.br\/sl\/wp-json\/wp\/v2\/media?parent=93661"}],"wp:term":[{"taxonomy":"product_cat","embeddable":true,"href":"https:\/\/www.ecommerceupdate.com.br\/sl\/wp-json\/wp\/v2\/product_cat?post=93661"},{"taxonomy":"product_tag","embeddable":true,"href":"https:\/\/www.ecommerceupdate.com.br\/sl\/wp-json\/wp\/v2\/product_tag?post=93661"}],"curies":[{"name":"wp","href":"https:\/\/api.w.org\/{rel}","templated":true}]}}