{"id":93672,"date":"2026-03-05T14:06:47","date_gmt":"2026-03-05T17:06:47","guid":{"rendered":"https:\/\/www.ecommerceupdate.com.br\/produto\/guia-afiliados-mercado-livre\/"},"modified":"2026-03-13T15:43:52","modified_gmt":"2026-03-13T18:43:52","slug":"guia-afiliados-mercado-livre","status":"publish","type":"product","link":"https:\/\/www.ecommerceupdate.com.br\/sl\/produto\/guia-afiliados-mercado-livre\/","title":{"rendered":"Priro\u010dnik za pridru\u017eene dru\u017ebe prostega trga"},"content":{"rendered":"<div class=\"woocommerce-product-details\">\n<h3>Podrobnosti izdelka<\/h3>\n<ul>\n<li>ASIN: B0F9LP64RX<\/li>\n<li>Dostopnost: Ve\u010d o tem<\/li>\n<li>Datum objave: 21. maj 2025<\/li>\n<li>Izdaja: 1a<\/li>\n<li>Jezik: portugal\u0161\u010dina<\/li>\n<li>Velikost datoteke: 317 KB<\/li>\n<li>Bralnik zaslona: Zdru\u017eljiv<\/li>\n<li>Konfiguracija pisave: omogo\u010deno<\/li>\n<li>Nasveti za besedi\u0161\u010de: ni omogo\u010deno<\/li>\n<li>\u0160tevilo strani: 2 strani<\/li>\n<li>Obra\u010danje strani: omogo\u010deno<\/li>\n<li>Starost branja: 10 18 let<\/li>\n<\/ul><\/div>","protected":false},"excerpt":{"rendered":"<p>Vodnik za podru\u017enice Mercado Livre<br \/>Kako izbrati idealen izdelek in uspe\u0161no prodajati<br \/>Avtor EuEmEvolution2.0 io@euemevolution2.0<\/p>\n<p>Ali \u017eelite zaslu\u017eiti denar za promocijo izdelkov, ne da bi morali vlagati v zaloge ali logistiko? Mercado Livre affiliate program ponuja odli\u010dno prilo\u017enost za ustvarjanje dohodka na spletu, in ta vodnik je prvi korak k va\u0161emu uspehu!<\/p>\n<p>V tej e-knjigi se boste nau\u010dili:<\/p>\n<p>kaj je pridru\u017eeni program Mercado Livre in kako deluje<br \/>kako izbrati prave izdelke za promocijo, ki temeljijo na povpra\u0161evanju in ugledu<br \/>u\u010dinkovite strategije za pove\u010danje va\u0161e prodaje kot podru\u017enice<br \/>bistvena orodja za izbolj\u0161anje njegovega raz\u0161irjanja in spremljanje rezultatov<br \/>Uspe\u0161ni nasveti za izstopanje na trgu in ustvarjanje doslednih provizij<\/p>\n<p>Idealen za za\u010detnike ali kogarkoli, ki je \u017ee v pridru\u017eenem svetu, ta vodnik ponuja vse, kar potrebujete za za\u010detek u\u010dinkovite prodaje. \u010ce \u017eelite svojo strategijo digitalnega tr\u017eenja spremeniti v stalen vir dobi\u010dka, je ta e-knjiga za vas!<\/p>\n<p>Za\u010dnite zdaj in se nau\u010dite, kako izbrati najbolj\u0161e izdelke in uspe\u0161no promovirati.Pojdimo skupaj na to digitalno prodajno pot!<\/p>","protected":false},"featured_media":93672,"comment_status":"open","ping_status":"closed","template":"","meta":[],"product_cat":[1611,1595,1618],"product_tag":[],"class_list":{"0":"post-93672","1":"product","2":"type-product","3":"status-publish","4":"has-post-thumbnail","6":"product_brand-por-euem-evoluo2-0-autor-formato-ebook-kindle","7":"product_cat-administracao-negocios-e-economia","8":"product_cat-livros","9":"product_cat-marketing-e-vendas","11":"first","12":"instock","13":"shipping-taxable","14":"purchasable","15":"product-type-simple"},"aioseo_notices":[],"_links":{"self":[{"href":"https:\/\/www.ecommerceupdate.com.br\/sl\/wp-json\/wp\/v2\/product\/93672","targetHints":{"allow":["GET"]}}],"collection":[{"href":"https:\/\/www.ecommerceupdate.com.br\/sl\/wp-json\/wp\/v2\/product"}],"about":[{"href":"https:\/\/www.ecommerceupdate.com.br\/sl\/wp-json\/wp\/v2\/types\/product"}],"replies":[{"embeddable":true,"href":"https:\/\/www.ecommerceupdate.com.br\/sl\/wp-json\/wp\/v2\/comments?post=93672"}],"wp:featuredmedia":[{"embeddable":true,"href":"https:\/\/www.ecommerceupdate.com.br\/sl\/wp-json\/wp\/v2\/product\/93672"}],"wp:attachment":[{"href":"https:\/\/www.ecommerceupdate.com.br\/sl\/wp-json\/wp\/v2\/media?parent=93672"}],"wp:term":[{"taxonomy":"product_cat","embeddable":true,"href":"https:\/\/www.ecommerceupdate.com.br\/sl\/wp-json\/wp\/v2\/product_cat?post=93672"},{"taxonomy":"product_tag","embeddable":true,"href":"https:\/\/www.ecommerceupdate.com.br\/sl\/wp-json\/wp\/v2\/product_tag?post=93672"}],"curies":[{"name":"wp","href":"https:\/\/api.w.org\/{rel}","templated":true}]}}