{"id":93857,"date":"2026-03-05T21:55:38","date_gmt":"2026-03-06T00:55:38","guid":{"rendered":"https:\/\/www.ecommerceupdate.com.br\/produto\/marketing-de-varejo\/"},"modified":"2026-03-13T15:46:41","modified_gmt":"2026-03-13T18:46:41","slug":"marketing-de-varejo","status":"publish","type":"product","link":"https:\/\/www.ecommerceupdate.com.br\/sl\/produto\/marketing-de-varejo\/","title":{"rendered":"Maloprodajno tr\u017eenje"},"content":{"rendered":"<div class=\"woocommerce-product-details\">\n<h3>Podrobnosti izdelka<\/h3>\n<ul>\n<li>Zalo\u017eba: Atlas<\/li>\n<li>Datum objave: 17. november 2006<\/li>\n<li>Izdaja: 4a<\/li>\n<li>Jezik: portugal\u0161\u010dina<\/li>\n<li>\u0160tevilo strani: 376 strani<\/li>\n<li>ISBN-10:8522445524<\/li>\n<li>ISBN-13:978-8522445523<\/li>\n<li>Te\u017ea izdelka: 640g<\/li>\n<li>Dimenzije: 23,8 x 17 x 2 cm<\/li>\n<li>Lestvica najbolje prodajanih knjig: \u0161t. 555.767 v knjigah (Spoznajte 100 najbolj\u0161ih v kategoriji knjig) \u0161t. 1.953 v tr\u017eenju \u0161t. 9.889 v upravljanju in vodenju \u0161t. 34.992 v praznikih in festivalih Otroci in otroci<\/li>\n<li>1.953 v marketingu<\/li>\n<li>9.889 v upravljanju in vodenju<\/li>\n<li>34.992 v Po\u010ditnice in festivali Otroci in otroci in mladina<\/li>\n<li>Ocene strank: 5.0 5.0 od 5 zvezdic (1)<\/li>\n<\/ul><\/div>","protected":false},"excerpt":{"rendered":"<p>V ponudbi storitev je maloprodajna dejavnost, ki ustvarja delovna mesta za velik del brazilskega prebivalstva. Kljub pomembnosti za gospodarstvo in dru\u017ebo je malo knjig, specializiranih za to temo. Da bi zapolnil to vrzel v brazilski tr\u017eni literaturi, je avtor raziskoval tuja in nacionalna dela, ki so poleg njegovih izku\u0161enj kot u\u010ditelj tr\u017eenja na drobno zagotovila pripravo prakti\u010dne in aktualne knjige, prilagojene brazilskim potrebam. Delo, napisano v objektivnem in preprostem jeziku, bralcu omogo\u010da uporabo marketin\u0161kih tehnik v njegovem maloprodajnem podjetju, bodisi velikem, srednjem, majhnem ali mikro, in se sre\u010dajo z lastno razpravo o nenehnih vpra\u0161anjih in gospodarskem pre\u017eemanju problematike.<\/p>","protected":false},"featured_media":93857,"comment_status":"open","ping_status":"closed","template":"","meta":[],"product_cat":[1611,1595,1618],"product_tag":[],"class_list":{"0":"post-93857","1":"product","2":"type-product","3":"status-publish","4":"has-post-thumbnail","6":"product_brand-edicao-portugus-por-alexandre-l-las-casas-autor","7":"product_cat-administracao-negocios-e-economia","8":"product_cat-livros","9":"product_cat-marketing-e-vendas","11":"first","12":"instock","13":"shipping-taxable","14":"purchasable","15":"product-type-simple"},"aioseo_notices":[],"_links":{"self":[{"href":"https:\/\/www.ecommerceupdate.com.br\/sl\/wp-json\/wp\/v2\/product\/93857","targetHints":{"allow":["GET"]}}],"collection":[{"href":"https:\/\/www.ecommerceupdate.com.br\/sl\/wp-json\/wp\/v2\/product"}],"about":[{"href":"https:\/\/www.ecommerceupdate.com.br\/sl\/wp-json\/wp\/v2\/types\/product"}],"replies":[{"embeddable":true,"href":"https:\/\/www.ecommerceupdate.com.br\/sl\/wp-json\/wp\/v2\/comments?post=93857"}],"wp:featuredmedia":[{"embeddable":true,"href":"https:\/\/www.ecommerceupdate.com.br\/sl\/wp-json\/wp\/v2\/product\/93857"}],"wp:attachment":[{"href":"https:\/\/www.ecommerceupdate.com.br\/sl\/wp-json\/wp\/v2\/media?parent=93857"}],"wp:term":[{"taxonomy":"product_cat","embeddable":true,"href":"https:\/\/www.ecommerceupdate.com.br\/sl\/wp-json\/wp\/v2\/product_cat?post=93857"},{"taxonomy":"product_tag","embeddable":true,"href":"https:\/\/www.ecommerceupdate.com.br\/sl\/wp-json\/wp\/v2\/product_tag?post=93857"}],"curies":[{"name":"wp","href":"https:\/\/api.w.org\/{rel}","templated":true}]}}