{"id":93859,"date":"2026-03-05T21:56:04","date_gmt":"2026-03-06T00:56:04","guid":{"rendered":"https:\/\/www.ecommerceupdate.com.br\/produto\/crm-no-varejo-do-seu-ze-a-era-das-ias\/"},"modified":"2026-04-13T23:21:31","modified_gmt":"2026-04-14T02:21:31","slug":"crm-no-varejo-do-seu-ze-a-era-das-ias","status":"publish","type":"product","link":"https:\/\/www.ecommerceupdate.com.br\/sl\/produto\/crm-no-varejo-do-seu-ze-a-era-das-ias\/","title":{"rendered":"CRM v maloprodaji: od va\u0161ega Ze do obdobja AI"},"content":{"rendered":"<div class=\"woocommerce-product-details\">\n<h3>Podrobnosti izdelka<\/h3>\n<ul>\n<li>ASIN: B0FNXBXWRL<\/li>\n<li>Zalo\u017eba: Dialectical Publisher<\/li>\n<li>Dostopnost: Ve\u010d o tem<\/li>\n<li>Datum objave: 27. avgust 2025<\/li>\n<li>Jezik: portugal\u0161\u010dina<\/li>\n<li>Velikost datoteke: 4.2 MB<\/li>\n<li>Bralnik zaslona: Zdru\u017eljiv<\/li>\n<li>Konfiguracija pisave: omogo\u010deno<\/li>\n<li>Nasveti za besedi\u0161\u010de: ni omogo\u010deno<\/li>\n<li>\u0160tevilo strani: 171 strani<\/li>\n<li>ISBN-13:978-6527076681<\/li>\n<li>Obra\u010danje strani: omogo\u010deno<\/li>\n<li>Razvrstitev najbolje prodajanih: \u0161t. 183.724 v trgovini Kindle (izpolnite 100 najbolj\u0161ih v kategoriji trgovine Kindle) \u0161t. 84 v slu\u017ebi za stranke \u0161t. 752 v tr\u017eenju \u0161t. 6.784 v poslovanju in ekonomiji<\/li>\n<li>84 V slu\u017ebi za stranke<\/li>\n<li>752 V marketingu<\/li>\n<li>6.784 iz poslovanja in ekonomije<\/li>\n<li>Ocene strank: 5,0 5,0 od 5 zvezdic (2)<\/li>\n<\/ul><\/div>","protected":false},"excerpt":{"rendered":"<p>\u201cCRM v maloprodaji: Od va\u0161ega Ze do ERA of\u0439 AI je prakti\u010dno, strate\u0161ko in privla\u010dno branje o tem, kako resni\u010dno zgraditi odnose s strankami; v digitalni obliki, v trgovini in na vsaki sti\u010dni to\u010dki.<\/p>\n<p>S trdnimi temelji in dostopnim jezikom knjiga zdru\u017euje teorijo, resni\u010dne primere in prakti\u010dne okvire, da poka\u017ee, da CRM dale\u010d presega orodje: je kultura, je proces in so ljudje.<\/p>\n<p>Ta knjiga, od sosedske komercialne knji\u017eice do aplikacij umetne inteligence, sledi razvoju maloprodajnih odnosov in razkriva, kako se podatki, tehnologija in aktivno poslu\u0161anje zdru\u017eujejo, da ustvarijo dosledno prodajo, zvestobo in vrednost blagovne znamke.<\/p>\n<p>Vsebina, ki so jo napisali tisti, ki imajo prakti\u010dne izku\u0161nje s predmetom, ponuja varnost za tiste, ki \u017eelijo strukturirati ali izbolj\u0161ati svoje strategije CRM.<\/p>\n<p>Brez modnih muh in zapletov je obvezno branje za tiste, ki \u017eelijo jasno razumeti novo maloprodajo, se odgovorno prijaviti in po\u017eeti prave rezultate.<\/p>\n<p>Dobro izdelan CRM ne avtomatizira samo procesov. U\u017eiva, pretvarja in gradi odnose, ki trajajo.<\/p>","protected":false},"featured_media":93859,"comment_status":"open","ping_status":"closed","template":"","meta":[],"product_cat":[1611,1613,1595],"product_tag":[],"class_list":{"0":"post-93859","1":"product","2":"type-product","3":"status-publish","4":"has-post-thumbnail","6":"product_brand-por-jholy-a-mello-autor-formato-ebook-kindle","7":"product_cat-administracao-negocios-e-economia","8":"product_cat-industrias-e-profissoes","9":"product_cat-livros","11":"first","12":"instock","13":"sale","14":"shipping-taxable","15":"purchasable","16":"product-type-simple"},"aioseo_notices":[],"_links":{"self":[{"href":"https:\/\/www.ecommerceupdate.com.br\/sl\/wp-json\/wp\/v2\/product\/93859","targetHints":{"allow":["GET"]}}],"collection":[{"href":"https:\/\/www.ecommerceupdate.com.br\/sl\/wp-json\/wp\/v2\/product"}],"about":[{"href":"https:\/\/www.ecommerceupdate.com.br\/sl\/wp-json\/wp\/v2\/types\/product"}],"replies":[{"embeddable":true,"href":"https:\/\/www.ecommerceupdate.com.br\/sl\/wp-json\/wp\/v2\/comments?post=93859"}],"wp:featuredmedia":[{"embeddable":true,"href":"https:\/\/www.ecommerceupdate.com.br\/sl\/wp-json\/wp\/v2\/product\/93859"}],"wp:attachment":[{"href":"https:\/\/www.ecommerceupdate.com.br\/sl\/wp-json\/wp\/v2\/media?parent=93859"}],"wp:term":[{"taxonomy":"product_cat","embeddable":true,"href":"https:\/\/www.ecommerceupdate.com.br\/sl\/wp-json\/wp\/v2\/product_cat?post=93859"},{"taxonomy":"product_tag","embeddable":true,"href":"https:\/\/www.ecommerceupdate.com.br\/sl\/wp-json\/wp\/v2\/product_tag?post=93859"}],"curies":[{"name":"wp","href":"https:\/\/api.w.org\/{rel}","templated":true}]}}