{"id":93880,"date":"2026-03-06T03:30:35","date_gmt":"2026-03-06T06:30:35","guid":{"rendered":"https:\/\/www.ecommerceupdate.com.br\/produto\/guia-completo-como-comecar-a-vender-na-amazon\/"},"modified":"2026-03-13T15:48:32","modified_gmt":"2026-03-13T18:48:32","slug":"guia-completo-como-comecar-a-vender-na-amazon","status":"publish","type":"product","link":"https:\/\/www.ecommerceupdate.com.br\/sl\/produto\/guia-completo-como-comecar-a-vender-na-amazon\/","title":{"rendered":"Popoln vodnik Kako za\u010deti prodajati na Amazonu"},"content":{"rendered":"<div class=\"woocommerce-product-details\">\n<h3>Podrobnosti izdelka<\/h3>\n<ul>\n<li>ASIN: B0DZZC7M54<\/li>\n<li>Dostopnost: Ve\u010d o tem<\/li>\n<li>Datum objave: 10. marec 2025<\/li>\n<li>Izdaja: 1a<\/li>\n<li>Jezik: portugal\u0161\u010dina<\/li>\n<li>Velikost datoteke: 825 KB<\/li>\n<li>Konfiguracija pisave: Ni omogo\u010deno<\/li>\n<li>Nasveti za besedi\u0161\u010de: ni omogo\u010deno<\/li>\n<li>Format: Replika tiskanja<\/li>\n<li>Obra\u010danje strani: Ni omogo\u010deno<\/li>\n<li>Starost branja: 17 18 let<\/li>\n<li>Razvrstitev najbolje prodajanih: \u0161t. 424.161 v trgovini Kindle (izpolnite 100 najbolj\u0161ih v kategoriji trgovin Kindle) \u0161t. 15.624 v poslovanju in gospodarstvu<\/li>\n<li>15.624 v gospodarstvu in ekonomiji<\/li>\n<li>Ocene strank: 5.0 5.0 od 5 zvezdic (1)<\/li>\n<\/ul><\/div>","protected":false},"excerpt":{"rendered":"<p>Prodaja na Amazonu je eden najbolj donosnih na\u010dinov za za\u010detek spletnega poslovanja, ki vsakomur omogo\u010da ustanovitev podjetja z nizkimi nalo\u017ebami in velikim potencialom rasti. Tr\u017enica ponuja robustno strukturo, globalni doseg in milijone dnevno aktivnih strank.<\/p>\n<p>S to e-knjigo lahko vsakdo spremeni Amazon v raz\u0161irljiv in trajnosten vir dohodka, tako da prevladuje na trgu in dose\u017ee finan\u010dno svobodo<\/p>","protected":false},"featured_media":93880,"comment_status":"open","ping_status":"closed","template":"","meta":[],"product_cat":[1611,1608,1607],"product_tag":[],"class_list":{"0":"post-93880","1":"product","2":"type-product","3":"status-publish","4":"has-post-thumbnail","6":"product_brand-por-allan-paixo-autor-formato-ebook-kindle","7":"product_cat-administracao-negocios-e-economia","8":"product_cat-ebooks-kindle","9":"product_cat-loja-kindle","11":"first","12":"instock","13":"shipping-taxable","14":"purchasable","15":"product-type-simple"},"aioseo_notices":[],"_links":{"self":[{"href":"https:\/\/www.ecommerceupdate.com.br\/sl\/wp-json\/wp\/v2\/product\/93880","targetHints":{"allow":["GET"]}}],"collection":[{"href":"https:\/\/www.ecommerceupdate.com.br\/sl\/wp-json\/wp\/v2\/product"}],"about":[{"href":"https:\/\/www.ecommerceupdate.com.br\/sl\/wp-json\/wp\/v2\/types\/product"}],"replies":[{"embeddable":true,"href":"https:\/\/www.ecommerceupdate.com.br\/sl\/wp-json\/wp\/v2\/comments?post=93880"}],"wp:featuredmedia":[{"embeddable":true,"href":"https:\/\/www.ecommerceupdate.com.br\/sl\/wp-json\/wp\/v2\/product\/93880"}],"wp:attachment":[{"href":"https:\/\/www.ecommerceupdate.com.br\/sl\/wp-json\/wp\/v2\/media?parent=93880"}],"wp:term":[{"taxonomy":"product_cat","embeddable":true,"href":"https:\/\/www.ecommerceupdate.com.br\/sl\/wp-json\/wp\/v2\/product_cat?post=93880"},{"taxonomy":"product_tag","embeddable":true,"href":"https:\/\/www.ecommerceupdate.com.br\/sl\/wp-json\/wp\/v2\/product_tag?post=93880"}],"curies":[{"name":"wp","href":"https:\/\/api.w.org\/{rel}","templated":true}]}}