{"id":93884,"date":"2026-03-06T03:32:27","date_gmt":"2026-03-06T06:32:27","guid":{"rendered":"https:\/\/www.ecommerceupdate.com.br\/produto\/amazon-para-ti-guia-pratico-de-como-comecar-a-vender-na-amazon\/"},"modified":"2026-03-13T15:49:05","modified_gmt":"2026-03-13T18:49:05","slug":"amazon-para-ti-guia-pratico-de-como-comecar-a-vender-na-amazon","status":"publish","type":"product","link":"https:\/\/www.ecommerceupdate.com.br\/sl\/produto\/amazon-para-ti-guia-pratico-de-como-comecar-a-vender-na-amazon\/","title":{"rendered":"Amazon For You: Prakti\u010dni vodnik o tem, kako za\u010deti prodajati na Amazonu"},"content":{"rendered":"<div class=\"woocommerce-product-details\">\n<h3>Podrobnosti izdelka<\/h3>\n<ul>\n<li>ASIN: B0GPP3PN2W<\/li>\n<li>Zalo\u017enik: Francisco Joao Barros Matos<\/li>\n<li>Dostopnost: Ve\u010d o tem<\/li>\n<li>Datum objave: 23. februar 2026<\/li>\n<li>Izdaja: 1a<\/li>\n<li>Jezik: portugal\u0161\u010dina<\/li>\n<li>Velikost datoteke: 1.2 MB<\/li>\n<li>Konfiguracija pisave: Ni omogo\u010deno<\/li>\n<li>Nasveti za besedi\u0161\u010de: ni omogo\u010deno<\/li>\n<li>\u0160tevilo strani: 24 strani<\/li>\n<li>Format: Replika tiskanja<\/li>\n<li>Obra\u010danje strani: Ni omogo\u010deno<\/li>\n<li>Del serije: Prodaja na Amazonu<\/li>\n<\/ul><\/div>","protected":false},"excerpt":{"rendered":"<p>Ste \u017ee razmi\u0161ljali o tem, da bi svoje izdelke postavili v najve\u010djo prodajalno na svetu, vendar ne veste, kje za\u010deti? Prodaja na Amazonu je danes ena najbolj donosnih poslovnih prilo\u017enosti, vendar za\u010detna birokracija in kompleksnost platforme odganjata \u0161tevilne podjetnike.Ta vodnik je bil ustvarjen za odpravo hrupa in vam daje jasen, neposreden in osredoto\u010den zemljevid realnosti evropskega trga. V tej knjigi boste izvedeli, kako samozavestno krmariti po ekosistemu Amazonije, pri \u010demer se boste izognili pogostim napakam, ki vodijo do ustavitve ra\u010dunov in izgube kapitala. Kaj boste na\u0161li v tem vodniku:<\/p>\n<p><span class=\"a-text-bold\">Pravna in dav\u010dna osnova:<\/span><span> Kaj morate zagotoviti, preden odprete svoj ra\u010dun, da deluje v popolni skladnosti.<\/span><\/p>\n<p>Pravna in dav\u010dna osnova: Kaj morate zagotoviti, preden odprete svoj ra\u010dun, da bo deloval v popolni skladnosti.<\/p>\n<p><span class=\"a-text-bold\">Strate\u0161ka logistika:<\/span><span> Kriti\u010dna razlika med modeli upravljanja in kako izbrati tistega, ki najbolj ustreza va\u0161emu prora\u010dunu in \u017eivljenjskemu slogu.<\/span><\/p>\n<p>Strate\u0161ka logistika: kriti\u010dna razlika med modeli upravljanja in tem, kako izbrati tistega, ki najbolj ustreza va\u0161emu prora\u010dunu in \u017eivljenjskemu slogu.<\/p>\n<p><span class=\"a-text-bold\">Poslovni modeli:<\/span><span> Poglobljena analiza razli\u010dnih na\u010dinov prodaje \u00a1n vsega od preprodaje znanih blagovnih znamk do ustvarjanja lastne ekskluzivne blagovne znamke.<\/span><\/p>\n<p>Poslovni modeli: Poglobljena analiza razli\u010dnih na\u010dinov prodaje \u00a1 \u0304 od preprodaje znanih blagovnih znamk do ustvarjanja lastne ekskluzivne blagovne znamke.<\/p>\n<p><span class=\"a-text-bold\">Mo\u010d algoritma:<\/span><span> Razume, kaj naredi izdelek prodati in kako zaslu\u017eiti zaupanje Amazon in strank.<\/span><\/p>\n<p>Mo\u010d algoritma: razume, kaj naredi izdelek prodati in kako pridobiti zaupanje Amazona in strank.<\/p>\n<p><span class=\"a-text-bold\">Raz\u0161irljivost:<\/span><span> Kako spremeniti lokalno operacijo v mednarodno podjetje, ki dose\u017ee stranke po vsej Evropi.<\/span><\/p>\n<p>Raz\u0161irljivost: Kako spremeniti lokalno operacijo v mednarodno podjetje, ki dose\u017ee stranke po vsej Evropi. Za koga je ta knjiga? Ta priro\u010dnik je idealen tako za za\u010detnike, ki za\u010dnejo od absolutne ni\u010dle, kot za trgovce na drobno, ki \u017ee imajo zaloge in \u017eelijo digitalizirati svoje poslovanje prek najnaprednej\u0161a logisti\u010dna infrastruktura na planetu. Uspeh pri Amazonu ni odvisen od sre\u010de, ampak od metode. Pri\u0161el je \u010das, da prenehate biti le potro\u0161nik in postanete uspe\u0161en poslovni partner. Pripravite se na svojo prvo prodajo.<\/p>","protected":false},"featured_media":93884,"comment_status":"open","ping_status":"closed","template":"","meta":[],"product_cat":[1608,1607],"product_tag":[],"class_list":{"0":"post-93884","1":"product","2":"type-product","3":"status-publish","4":"has-post-thumbnail","6":"product_brand-por-francisco-matos-autor-formato-ebook-kindle","7":"product_cat-ebooks-kindle","8":"product_cat-loja-kindle","10":"first","11":"instock","12":"shipping-taxable","13":"purchasable","14":"product-type-simple"},"aioseo_notices":[],"_links":{"self":[{"href":"https:\/\/www.ecommerceupdate.com.br\/sl\/wp-json\/wp\/v2\/product\/93884","targetHints":{"allow":["GET"]}}],"collection":[{"href":"https:\/\/www.ecommerceupdate.com.br\/sl\/wp-json\/wp\/v2\/product"}],"about":[{"href":"https:\/\/www.ecommerceupdate.com.br\/sl\/wp-json\/wp\/v2\/types\/product"}],"replies":[{"embeddable":true,"href":"https:\/\/www.ecommerceupdate.com.br\/sl\/wp-json\/wp\/v2\/comments?post=93884"}],"wp:featuredmedia":[{"embeddable":true,"href":"https:\/\/www.ecommerceupdate.com.br\/sl\/wp-json\/wp\/v2\/product\/93884"}],"wp:attachment":[{"href":"https:\/\/www.ecommerceupdate.com.br\/sl\/wp-json\/wp\/v2\/media?parent=93884"}],"wp:term":[{"taxonomy":"product_cat","embeddable":true,"href":"https:\/\/www.ecommerceupdate.com.br\/sl\/wp-json\/wp\/v2\/product_cat?post=93884"},{"taxonomy":"product_tag","embeddable":true,"href":"https:\/\/www.ecommerceupdate.com.br\/sl\/wp-json\/wp\/v2\/product_tag?post=93884"}],"curies":[{"name":"wp","href":"https:\/\/api.w.org\/{rel}","templated":true}]}}