{"id":93898,"date":"2026-03-06T07:21:58","date_gmt":"2026-03-06T10:21:58","guid":{"rendered":"https:\/\/www.ecommerceupdate.com.br\/produto\/aspectos-de-operacoes-multicanais-e-omnichannel\/"},"modified":"2026-03-13T15:49:55","modified_gmt":"2026-03-13T18:49:55","slug":"aspectos-de-operacoes-multicanais-e-omnichannel","status":"publish","type":"product","link":"https:\/\/www.ecommerceupdate.com.br\/sl\/produto\/aspectos-de-operacoes-multicanais-e-omnichannel\/","title":{"rendered":"Vidiki ve\u010dkanalnih in ve\u010dkanalnih operacij"},"content":{"rendered":"<div class=\"woocommerce-product-details\">\n<h3>Podrobnosti izdelka<\/h3>\n<ul>\n<li>Zalo\u017eba: InterSaberes<\/li>\n<li>Datum objave: 28. februar 2022<\/li>\n<li>Izdaja: 1a<\/li>\n<li>Jezik: portugal\u0161\u010dina<\/li>\n<li>\u0160tevilo strani: 266 strani<\/li>\n<li>ISBN-10:655517367X<\/li>\n<li>ISBN-13:978-6555173673<\/li>\n<li>Te\u017ea izdelka: 300g<\/li>\n<li>Dimenzije: 14 x 1,4 x 21 cm<\/li>\n<li>Razvrstitev najbolje prodajanih knjig: \u0161t. 483.474 v knjigah (Spoznajte 100 najbolj\u0161ih v kategoriji knjig) \u0161t. 316 v spletnem tr\u017eenju \u0161t. 1.221 v tr\u017eenju \u0161t. 9.004 v upravljanju in vodenju<\/li>\n<li>316 V spletnem marketingu<\/li>\n<li>1.221 v marketingu<\/li>\n<li>9.004 v upravljanju in vodenju<\/li>\n<li>Ocene strank: 5.0 5.0 od 5 zvezdic (4)<\/li>\n<\/ul><\/div>","protected":false},"excerpt":{"rendered":"<p>Predstavljajte si naslednjo situacijo: ste v trgovini, izdelek vas privla\u010di, preu\u010dite lastnosti in se na koncu odlo\u010dite, da ga ne boste kupili Kasneje, ko pridete domov, ob\u017ealujete, da izdelka niste kupili, vendar ne pozabite, da ima tista trgovina, v kateri ste bili, spletno prodajno aplikacijo.Easy, kajne? Iz udobja va\u0161ega doma kupite tisti izdelek, ki je \u017ee imel u\u017eitek \u201cver z hands\u0439 in ga lahko \u0161e vedno prejmete, ne da bi zapustili dom. To potro\u0161ni\u0161ko izku\u0161njo lahko do\u017eivite le v podjetjih, ki delujejo na ve\u010d platformah (multichanalize), kar je lahko virtualni nakup ali pa je lahko medij.<\/p>","protected":false},"featured_media":93898,"comment_status":"open","ping_status":"closed","template":"","meta":[],"product_cat":[1611,1595,1618],"product_tag":[],"class_list":{"0":"post-93898","1":"product","2":"type-product","3":"status-publish","4":"has-post-thumbnail","6":"product_brand-por-las-ribeiro-autor-dayanna-dos-santos-costa-maciel-autor","7":"product_cat-administracao-negocios-e-economia","8":"product_cat-livros","9":"product_cat-marketing-e-vendas","11":"first","12":"instock","13":"sale","14":"shipping-taxable","15":"purchasable","16":"product-type-simple"},"aioseo_notices":[],"_links":{"self":[{"href":"https:\/\/www.ecommerceupdate.com.br\/sl\/wp-json\/wp\/v2\/product\/93898","targetHints":{"allow":["GET"]}}],"collection":[{"href":"https:\/\/www.ecommerceupdate.com.br\/sl\/wp-json\/wp\/v2\/product"}],"about":[{"href":"https:\/\/www.ecommerceupdate.com.br\/sl\/wp-json\/wp\/v2\/types\/product"}],"replies":[{"embeddable":true,"href":"https:\/\/www.ecommerceupdate.com.br\/sl\/wp-json\/wp\/v2\/comments?post=93898"}],"wp:featuredmedia":[{"embeddable":true,"href":"https:\/\/www.ecommerceupdate.com.br\/sl\/wp-json\/wp\/v2\/product\/93898"}],"wp:attachment":[{"href":"https:\/\/www.ecommerceupdate.com.br\/sl\/wp-json\/wp\/v2\/media?parent=93898"}],"wp:term":[{"taxonomy":"product_cat","embeddable":true,"href":"https:\/\/www.ecommerceupdate.com.br\/sl\/wp-json\/wp\/v2\/product_cat?post=93898"},{"taxonomy":"product_tag","embeddable":true,"href":"https:\/\/www.ecommerceupdate.com.br\/sl\/wp-json\/wp\/v2\/product_tag?post=93898"}],"curies":[{"name":"wp","href":"https:\/\/api.w.org\/{rel}","templated":true}]}}