{"id":94173,"date":"2026-03-09T04:16:10","date_gmt":"2026-03-09T07:16:10","guid":{"rendered":"https:\/\/www.ecommerceupdate.com.br\/produto\/como-ser-afiliado-shopee-seja-um-afiliado-da-shopee-e-faca-renda-extra\/"},"modified":"2026-03-13T15:52:44","modified_gmt":"2026-03-13T18:52:44","slug":"como-ser-afiliado-shopee-seja-um-afiliado-da-shopee-e-faca-renda-extra","status":"publish","type":"product","link":"https:\/\/www.ecommerceupdate.com.br\/sl\/produto\/como-ser-afiliado-shopee-seja-um-afiliado-da-shopee-e-faca-renda-extra\/","title":{"rendered":"Kako biti Shopee Affiliate: Bodite Shopee Affiliate in ustvarite dodaten dohodek"},"content":{"rendered":"<div class=\"woocommerce-product-details\">\n<h3>Podrobnosti izdelka<\/h3>\n<ul>\n<li>ASIN: B0C2QKL4GJ<\/li>\n<li>Dostopnost: Ve\u010d o tem<\/li>\n<li>Datum objave: 16. april 2023<\/li>\n<li>Jezik: portugal\u0161\u010dina<\/li>\n<li>Velikost datoteke: 508 KB<\/li>\n<li>Bralnik zaslona: Zdru\u017eljiv<\/li>\n<li>Konfiguracija pisave: omogo\u010deno<\/li>\n<li>Nasveti za besedi\u0161\u010de: ni omogo\u010deno<\/li>\n<li>\u0160tevilo strani: 30 strani<\/li>\n<li>Obra\u010danje strani: omogo\u010deno<\/li>\n<li>Razvrstitev najbolje prodajanih: \u0161t. 36.233 v trgovini Kindle (izpolnite 100 najbolj\u0161ih v kategoriji trgovin Kindle) \u0161t. 66 v spletnem tr\u017eenju \u0161t. 348 v motivacijskem \u0161t. 1.266 v poslovanju in ekonomiji<\/li>\n<li>66 V spletnem marketingu<\/li>\n<li>348 V Motivacijski<\/li>\n<li>1.266 v gospodarstvu in ekonomiji<\/li>\n<li>Ocene strank: 3,8 3,8 od 5 zvezdic (22)<\/li>\n<\/ul><\/div>","protected":false},"excerpt":{"rendered":"<p>\u010ce i\u0161\u010dete na\u010din za dopolnitev va\u0161ega spletnega dohodka, je morda re\u0161itev, ki jo potrebujete, biti Shopee affiliate! In da bi vam pomagal za\u010deti na tej poti, sem pravkar predstavil e-knjigo na Amazonu s prakti\u010dnimi in u\u010dinkovitimi nasveti, da postanete uspe\u0161en affiliate.V moji knjigi boste na\u0161li strategije za izbiro najbolj\u0161ih izdelkov za promocijo na Shopee, kako ustvariti in pritegniti zvesto ob\u010dinstvo in kako pove\u010dati svoje provizije, ne da bi pri tem ogrozili kakovost va\u0161e vsebine. \u010ce \u017eelite zgraditi trdno in donosno spletno podjetje, je moja e-knjiga prava izbira. Ne izgubljajte ve\u010d \u010dasa in pridobite mojo e-knjigo o tem, kako biti podru\u017enica iz Amazona.<\/p>","protected":false},"featured_media":0,"comment_status":"open","ping_status":"closed","template":"","meta":{"_aipt_faq_data":""},"product_cat":[1611,1621,1595],"product_tag":[],"class_list":{"0":"post-94173","1":"product","2":"type-product","3":"status-publish","5":"product_brand-por-marcelo-consorte-autor-formato-ebook-kindle","6":"product_cat-administracao-negocios-e-economia","7":"product_cat-gestao-e-lideranca","8":"product_cat-livros","10":"first","11":"instock","12":"shipping-taxable","13":"purchasable","14":"product-type-simple"},"aioseo_notices":[],"_links":{"self":[{"href":"https:\/\/www.ecommerceupdate.com.br\/sl\/wp-json\/wp\/v2\/product\/94173","targetHints":{"allow":["GET"]}}],"collection":[{"href":"https:\/\/www.ecommerceupdate.com.br\/sl\/wp-json\/wp\/v2\/product"}],"about":[{"href":"https:\/\/www.ecommerceupdate.com.br\/sl\/wp-json\/wp\/v2\/types\/product"}],"replies":[{"embeddable":true,"href":"https:\/\/www.ecommerceupdate.com.br\/sl\/wp-json\/wp\/v2\/comments?post=94173"}],"wp:attachment":[{"href":"https:\/\/www.ecommerceupdate.com.br\/sl\/wp-json\/wp\/v2\/media?parent=94173"}],"wp:term":[{"taxonomy":"product_cat","embeddable":true,"href":"https:\/\/www.ecommerceupdate.com.br\/sl\/wp-json\/wp\/v2\/product_cat?post=94173"},{"taxonomy":"product_tag","embeddable":true,"href":"https:\/\/www.ecommerceupdate.com.br\/sl\/wp-json\/wp\/v2\/product_tag?post=94173"}],"curies":[{"name":"wp","href":"https:\/\/api.w.org\/{rel}","templated":true}]}}