{"id":94283,"date":"2026-03-11T13:13:03","date_gmt":"2026-03-11T16:13:03","guid":{"rendered":"https:\/\/www.ecommerceupdate.com.br\/produto\/a-psicologia-da-midia-social\/"},"modified":"2026-03-13T15:55:35","modified_gmt":"2026-03-13T18:55:35","slug":"a-psicologia-da-midia-social","status":"publish","type":"product","link":"https:\/\/www.ecommerceupdate.com.br\/sl\/produto\/a-psicologia-da-midia-social\/","title":{"rendered":"Psihologija dru\u017ebenih medijev"},"content":{"rendered":"<div class=\"woocommerce-product-details\"><\/div>","protected":false},"excerpt":{"rendered":"<p>Ali smo res sami na dru\u017ebenih omre\u017ejih? Ali je povezovanje z ljudmi, ki jih komaj poznamo, koristno? Zakaj nekateri ljudje preve\u010d delijo na dru\u017ebenih medijih?<br \/> Psihologija dru\u017ebenih medijev raziskuje, kako se na\u0161e vsakdanje \u017eivljenje dogaja na spletu in kako lahko vpliva na na\u0161o identiteto, na\u0161e dobro po\u010dutje in na\u0161e storitve. Ta knjiga preu\u010duje, kako so lahko na\u0161i profili, na\u0161i stiki, na\u0161e posodobitve statusa in kako lahko fotografije, ki jih delimo na spletu, na\u010din, da se izrazimo in raz\u0161irimo na\u0161o mre\u017eo stikov, hkrati pa poudarja, kako medijske pasti<br \/> socialna vpra\u0161anja, vklju\u010dno z vpra\u0161anji zasebnosti.<br \/> FOMO do frapinga, subtvitanja do selfijev, psihologija dru\u017ebenih medijev ka\u017ee, kako so omre\u017eja razvila popolnoma nov svet komunikacije in v dobrem ali slabem bodo verjetno \u0161e naprej bistveni del tega, kako se razumemo kot \u010dlove\u0161ka bitja.<\/p>","protected":false},"featured_media":94283,"comment_status":"open","ping_status":"closed","template":"","meta":[],"product_cat":[1638,1595,1637],"product_tag":[],"class_list":{"0":"post-94283","1":"product","2":"type-product","3":"status-publish","4":"has-post-thumbnail","6":"product_brand-edicao-portugus-por-ciarn-mc-mahon-autor","7":"product_cat-ciencias-sociais","8":"product_cat-livros","9":"product_cat-politica-filosofia-e-ciencias-sociais","11":"first","12":"instock","13":"sale","14":"shipping-taxable","15":"purchasable","16":"product-type-simple"},"aioseo_notices":[],"_links":{"self":[{"href":"https:\/\/www.ecommerceupdate.com.br\/sl\/wp-json\/wp\/v2\/product\/94283","targetHints":{"allow":["GET"]}}],"collection":[{"href":"https:\/\/www.ecommerceupdate.com.br\/sl\/wp-json\/wp\/v2\/product"}],"about":[{"href":"https:\/\/www.ecommerceupdate.com.br\/sl\/wp-json\/wp\/v2\/types\/product"}],"replies":[{"embeddable":true,"href":"https:\/\/www.ecommerceupdate.com.br\/sl\/wp-json\/wp\/v2\/comments?post=94283"}],"wp:featuredmedia":[{"embeddable":true,"href":"https:\/\/www.ecommerceupdate.com.br\/sl\/wp-json\/wp\/v2\/product\/94283"}],"wp:attachment":[{"href":"https:\/\/www.ecommerceupdate.com.br\/sl\/wp-json\/wp\/v2\/media?parent=94283"}],"wp:term":[{"taxonomy":"product_cat","embeddable":true,"href":"https:\/\/www.ecommerceupdate.com.br\/sl\/wp-json\/wp\/v2\/product_cat?post=94283"},{"taxonomy":"product_tag","embeddable":true,"href":"https:\/\/www.ecommerceupdate.com.br\/sl\/wp-json\/wp\/v2\/product_tag?post=94283"}],"curies":[{"name":"wp","href":"https:\/\/api.w.org\/{rel}","templated":true}]}}