{"id":94287,"date":"2026-03-11T13:14:31","date_gmt":"2026-03-11T16:14:31","guid":{"rendered":"https:\/\/www.ecommerceupdate.com.br\/produto\/o-jornalismo-e-a-midia-social\/"},"modified":"2026-03-11T13:14:33","modified_gmt":"2026-03-11T16:14:33","slug":"o-jornalismo-e-a-midia-social","status":"publish","type":"product","link":"https:\/\/www.ecommerceupdate.com.br\/sl\/produto\/o-jornalismo-e-a-midia-social\/","title":{"rendered":"Novinarstvo in dru\u017ebeni mediji"},"content":{"rendered":"<div class=\"woocommerce-product-details\">\n<h3>Podrobnosti izdelka<\/h3>\n<ul>\n<li>Zalo\u017eba: EDIFURB<\/li>\n<li>Datum objave: 1. januar 2009<\/li>\n<li>Jezik: portugal\u0161\u010dina<\/li>\n<li>\u0160tevilo strani: 88 strani<\/li>\n<li>ISBN-10:8571142556<\/li>\n<li>ISBN-13:978-8571142558<\/li>\n<li>Te\u017ea izdelka: 200g<\/li>\n<li>Dimenzije: 16,76 x 11,68 x 0,76 cm<\/li>\n<li>Najbolje prodajana lestvica: \u0161t. 768.777 v knjigah (Spoznajte 100 najbolj\u0161ih v kategoriji knjig) \u0161t. 896 v vodnikih za pisanje novinarstva \u0161t. 24.494 v dru\u017eboslovju Politika in dru\u017ebene vede \u0161t. 42.659 v praznikih in festivalih Otroci in otroci in mladina<\/li>\n<li>896 V novinarskih vodnikih za pisanje<\/li>\n<li>24.494 v dru\u017eboslovju Politika in dru\u017eboslovje<\/li>\n<li>42.659 v Po\u010ditnice in festivali Otroci in otroci in mladina<\/li>\n<\/ul><\/div>","protected":false},"excerpt":{"rendered":"<p>POZOR, PRAVILNO LETO IZVODA: 2009. Knjiga v dobrem stanju, brez grifonov in izbrisov.Pokrivala in stranice z rahlimi znaki umazanije zaradi rokovanja.V popolnih pogojih uporabe in branja.<\/p>","protected":false},"featured_media":94287,"comment_status":"open","ping_status":"closed","template":"","meta":[],"product_cat":[1653,1796,1595],"product_tag":[],"class_list":{"0":"post-94287","1":"product","2":"type-product","3":"status-publish","4":"has-post-thumbnail","6":"product_brand-edicao-portugus-por-machado-assis-autor","7":"product_cat-educacao-referencia-e-didaticos","8":"product_cat-guias-de-escrita-pesquisa-e-publicacao","9":"product_cat-livros","11":"first","12":"instock","13":"sale","14":"shipping-taxable","15":"purchasable","16":"product-type-simple"},"aioseo_notices":[],"_links":{"self":[{"href":"https:\/\/www.ecommerceupdate.com.br\/sl\/wp-json\/wp\/v2\/product\/94287","targetHints":{"allow":["GET"]}}],"collection":[{"href":"https:\/\/www.ecommerceupdate.com.br\/sl\/wp-json\/wp\/v2\/product"}],"about":[{"href":"https:\/\/www.ecommerceupdate.com.br\/sl\/wp-json\/wp\/v2\/types\/product"}],"replies":[{"embeddable":true,"href":"https:\/\/www.ecommerceupdate.com.br\/sl\/wp-json\/wp\/v2\/comments?post=94287"}],"wp:featuredmedia":[{"embeddable":true,"href":"https:\/\/www.ecommerceupdate.com.br\/sl\/wp-json\/wp\/v2\/product\/94287"}],"wp:attachment":[{"href":"https:\/\/www.ecommerceupdate.com.br\/sl\/wp-json\/wp\/v2\/media?parent=94287"}],"wp:term":[{"taxonomy":"product_cat","embeddable":true,"href":"https:\/\/www.ecommerceupdate.com.br\/sl\/wp-json\/wp\/v2\/product_cat?post=94287"},{"taxonomy":"product_tag","embeddable":true,"href":"https:\/\/www.ecommerceupdate.com.br\/sl\/wp-json\/wp\/v2\/product_tag?post=94287"}],"curies":[{"name":"wp","href":"https:\/\/api.w.org\/{rel}","templated":true}]}}