{"id":94356,"date":"2026-03-12T13:40:36","date_gmt":"2026-03-12T16:40:36","guid":{"rendered":"https:\/\/www.ecommerceupdate.com.br\/produto\/vantagens-competitivas-no-e-commerce-atravea-da-logistica\/"},"modified":"2026-03-13T15:57:27","modified_gmt":"2026-03-13T18:57:27","slug":"vantagens-competitivas-no-e-commerce-atravea-da-logistica","status":"publish","type":"product","link":"https:\/\/www.ecommerceupdate.com.br\/sl\/produto\/vantagens-competitivas-no-e-commerce-atravea-da-logistica\/","title":{"rendered":"Konkuren\u010dna prednost v e-trgovini Atravea da Logistica"},"content":{"rendered":"<div class=\"woocommerce-product-details\">\n<h3>Podrobnosti izdelka<\/h3>\n<ul>\n<li>Zalo\u017eba: Lexia<\/li>\n<li>Datum objave: 1. januar 2010<\/li>\n<li>Jezik: portugal\u0161\u010dina<\/li>\n<li>\u0160tevilo strani: 91 strani<\/li>\n<li>ISBN-10:8563557246<\/li>\n<li>ISBN-13:978-8563557247<\/li>\n<li>Te\u017ea izdelka: 171g<\/li>\n<\/ul><\/div>","protected":false},"excerpt":{"rendered":"<p>Podrobnosti o izdelku Zalo\u017enik: Lexia Datum objave: 1. januar 2010 Jezik: angle\u0161\u010dina \u0160tevilo strani: 91 strani ISBN-10 : 8563557246 ISBN-13 : 978-8563557247 Te\u017ea izdelka: 171g<\/p>","protected":false},"featured_media":0,"comment_status":"open","ping_status":"closed","template":"","meta":[],"product_cat":[1641,1642,1595],"product_tag":[],"class_list":{"0":"post-94356","1":"product","2":"type-product","3":"status-publish","5":"product_brand-edicao-portugus-por-felippi-perez-autor","6":"product_cat-computacao-informatica-e-midias-digitais","7":"product_cat-internet-e-redes-sociais","8":"product_cat-livros","10":"first","11":"instock","12":"shipping-taxable","13":"purchasable","14":"product-type-simple"},"aioseo_notices":[],"_links":{"self":[{"href":"https:\/\/www.ecommerceupdate.com.br\/sl\/wp-json\/wp\/v2\/product\/94356","targetHints":{"allow":["GET"]}}],"collection":[{"href":"https:\/\/www.ecommerceupdate.com.br\/sl\/wp-json\/wp\/v2\/product"}],"about":[{"href":"https:\/\/www.ecommerceupdate.com.br\/sl\/wp-json\/wp\/v2\/types\/product"}],"replies":[{"embeddable":true,"href":"https:\/\/www.ecommerceupdate.com.br\/sl\/wp-json\/wp\/v2\/comments?post=94356"}],"wp:attachment":[{"href":"https:\/\/www.ecommerceupdate.com.br\/sl\/wp-json\/wp\/v2\/media?parent=94356"}],"wp:term":[{"taxonomy":"product_cat","embeddable":true,"href":"https:\/\/www.ecommerceupdate.com.br\/sl\/wp-json\/wp\/v2\/product_cat?post=94356"},{"taxonomy":"product_tag","embeddable":true,"href":"https:\/\/www.ecommerceupdate.com.br\/sl\/wp-json\/wp\/v2\/product_tag?post=94356"}],"curies":[{"name":"wp","href":"https:\/\/api.w.org\/{rel}","templated":true}]}}