{"id":94368,"date":"2026-03-12T13:43:31","date_gmt":"2026-03-12T16:43:31","guid":{"rendered":"https:\/\/www.ecommerceupdate.com.br\/produto\/nos-bastidores-da-entrega-a-logistica-dos-gigantes-do-e-commerce-no-brasil\/"},"modified":"2026-03-12T13:43:32","modified_gmt":"2026-03-12T16:43:32","slug":"nos-bastidores-da-entrega-a-logistica-dos-gigantes-do-e-commerce-no-brasil","status":"publish","type":"product","link":"https:\/\/www.ecommerceupdate.com.br\/sl\/produto\/nos-bastidores-da-entrega-a-logistica-dos-gigantes-do-e-commerce-no-brasil\/","title":{"rendered":"V zakulisju Dostave: Logistika velikanov e-trgovine v Braziliji"},"content":{"rendered":"<div class=\"woocommerce-product-details\">\n<h3>Podrobnosti izdelka<\/h3>\n<ul>\n<li>ASIN: B0FF3R6HLK<\/li>\n<li>Dostopnost: Ve\u010d o tem<\/li>\n<li>Datum objave: 22. junij 2025<\/li>\n<li>Jezik: portugal\u0161\u010dina<\/li>\n<li>Velikost datoteke: 1.5 MB<\/li>\n<li>Konfiguracija pisave: omogo\u010deno<\/li>\n<li>Nasveti za besedi\u0161\u010de: ni omogo\u010deno<\/li>\n<li>\u0160tevilo strani: 20 strani<\/li>\n<li>Obra\u010danje strani: omogo\u010deno<\/li>\n<\/ul><\/div>","protected":false},"excerpt":{"rendered":"<p>Odkrijte, kako najve\u010dja spletna mesta za e-trgovino v Braziliji, Mercado Livre, Amazon, Magalu, Shopee in druga strukturirajo svoje logisti\u010dne operacije tako, da zagotavljajo hitro, u\u010dinkovito in inteligentno na enem najzahtevnej\u0161ih trgov na svetu.<\/p>","protected":false},"featured_media":0,"comment_status":"open","ping_status":"closed","template":"","meta":[],"product_cat":[1611,1621,1595],"product_tag":[],"class_list":{"0":"post-94368","1":"product","2":"type-product","3":"status-publish","5":"product_brand-por-lucas-santana-autor-formato-ebook-kindle","6":"product_cat-administracao-negocios-e-economia","7":"product_cat-gestao-e-lideranca","8":"product_cat-livros","10":"first","11":"instock","12":"shipping-taxable","13":"purchasable","14":"product-type-simple"},"aioseo_notices":[],"_links":{"self":[{"href":"https:\/\/www.ecommerceupdate.com.br\/sl\/wp-json\/wp\/v2\/product\/94368","targetHints":{"allow":["GET"]}}],"collection":[{"href":"https:\/\/www.ecommerceupdate.com.br\/sl\/wp-json\/wp\/v2\/product"}],"about":[{"href":"https:\/\/www.ecommerceupdate.com.br\/sl\/wp-json\/wp\/v2\/types\/product"}],"replies":[{"embeddable":true,"href":"https:\/\/www.ecommerceupdate.com.br\/sl\/wp-json\/wp\/v2\/comments?post=94368"}],"wp:attachment":[{"href":"https:\/\/www.ecommerceupdate.com.br\/sl\/wp-json\/wp\/v2\/media?parent=94368"}],"wp:term":[{"taxonomy":"product_cat","embeddable":true,"href":"https:\/\/www.ecommerceupdate.com.br\/sl\/wp-json\/wp\/v2\/product_cat?post=94368"},{"taxonomy":"product_tag","embeddable":true,"href":"https:\/\/www.ecommerceupdate.com.br\/sl\/wp-json\/wp\/v2\/product_tag?post=94368"}],"curies":[{"name":"wp","href":"https:\/\/api.w.org\/{rel}","templated":true}]}}