{"id":94371,"date":"2026-03-12T13:46:47","date_gmt":"2026-03-12T16:46:47","guid":{"rendered":"https:\/\/www.ecommerceupdate.com.br\/produto\/manual-do-ecommerce-para-lojas-fisicas\/"},"modified":"2026-03-12T13:46:48","modified_gmt":"2026-03-12T16:46:48","slug":"manual-do-ecommerce-para-lojas-fisicas","status":"publish","type":"product","link":"https:\/\/www.ecommerceupdate.com.br\/sl\/produto\/manual-do-ecommerce-para-lojas-fisicas\/","title":{"rendered":"Priro\u010dnik za e-trgovino za fizi\u010dne trgovine"},"content":{"rendered":"<div class=\"woocommerce-product-details\">\n<h3>Podrobnosti izdelka<\/h3>\n<ul>\n<li>ASIN: B0DNBQV438<\/li>\n<li>Dostopnost: Ve\u010d o tem<\/li>\n<li>Datum objave: 31. januar 2025<\/li>\n<li>Izdaja: 1a<\/li>\n<li>Jezik: portugal\u0161\u010dina<\/li>\n<li>Velikost datoteke: 2.8 MB<\/li>\n<li>Bralnik zaslona: Zdru\u017eljiv<\/li>\n<li>Konfiguracija pisave: omogo\u010deno<\/li>\n<li>Nasveti za besedi\u0161\u010de: ni omogo\u010deno<\/li>\n<li>\u0160tevilo strani: 154 strani<\/li>\n<li>Obra\u010danje strani: omogo\u010deno<\/li>\n<li>Najbolje prodajana lestvica: \u0161t. 390.394 v trgovini Kindle Store (izpolnite 100 najbolj\u0161ih v kategoriji trgovine Kindle) \u0161t. 5.111 v ra\u010dunalni\u0161tvu, internetu in digitalnih medijih \u0161t. 14.583 v poslovanju in ekonomiji<\/li>\n<li>5.111 v ra\u010dunalni\u0161tvu, internetu in digitalnih medijih<\/li>\n<li>14.583 v gospodarstvu in ekonomiji<\/li>\n<\/ul><\/div>","protected":false},"excerpt":{"rendered":"<p>Priro\u010dnik za e-trgovino za fizi\u010dne trgovine<br \/>Avtor: Emerson Duarte<\/p>\n<p>\u201cZ neizmernim ponosom in veseljem predstavljam Priro\u010dnik za e-trgovino za fizi\u010dne trgovine, delo, ki ga je napisal sijajni Emerson Duarte, strokovnjak, ki sem ga imel \u010dast spremljati na njegovi poti kot \u0161tudent na usposabljanju svetovalcev za e-trgovino in kasneje kot partnerski svetovalec pri zahtevnih projektih. Ta odnos medsebojnega zaupanja je zgradila Emersonova odli\u010dnost v vseh podrobnostih njegovega dela, zdaj pa tukaj deli malo tega znanja, nabranega v letih predanosti elektronskemu poslovanju.\u0439\u201d<br \/>Svetovalec za e-trgovino Babi Tonhela<\/p>\n<p>Odkrijte, kako svojo fizi\u010dno trgovino spremeniti v uspe\u0161no spletno delovanje s Priro\u010dnikom za e-trgovino za fizi\u010dne trgovine. Ta knjiga je svetovalno podjetje v formatu branja, polno prakti\u010dnih strategij in podrobnih smernic, ki trgovcem na drobno pomagajo raz\u0161iriti svoje poslovanje v digitalni svet, ne da bi zanemarili, kaj naredi njihove trgovine edinstvene.<\/p>\n<p>Na podlagi dolgoletnih izku\u0161enj kot svetovalec za e-trgovino Emerson Duarte deli dragocene vpoglede v to, kako strukturirati operacije, prepoznati tr\u017ene prilo\u017enosti in pove\u010dati prodajo. Priro\u010dnik pokriva klju\u010dne teme, kot so<span>Izbira in integracija platform za e-trgovino in ERP.<\/span>Izbira in integracija platform za e-trgovino in ERP.<span>Strategije digitalnega tr\u017eenja in ustvarjanje spletnih skupnosti.<\/span>Strategije digitalnega tr\u017eenja in ustvarjanje spletnih skupnosti.<span>Optimizacija me\u0161anice izdelkov in cene.<\/span>Optimizacija me\u0161anice izdelkov in cene.<span>Logisti\u010dne operacije in storitve za stranke.<\/span>Logisti\u010dne operacije in storitve za stranke.<span>Prilagajanje novemu nakupovalnemu vedenju potro\u0161nikov in novim tehnologijam.<\/span>Prilagajanje novemu nakupovalnemu vedenju potro\u0161nikov in novim tehnologijam.Prizadevanje za podjetnike, ki \u017eelijo biti odli\u010dni v e-trgovini, ta vodnik ponuja nepogre\u0161ljiva orodja za doseganje pozitivnih rezultatov na digitalnem trgu. Vsebina vklju\u010duje tudi \u0161tudije primerov, kontrolne sezname in dragocene nasvete, ki branje spremenijo v prakti\u010dno in privla\u010dno izku\u0161njo.<\/p>\n<p>Ne glede na to, ali ste za\u010detnik v e-trgovini ali izku\u0161en podjetnik, ki i\u0161\u010de rast, je ta knjiga izhodi\u0161\u010de za doseganje naslednje ravni va\u0161e spletne prodaje.<\/p>\n<p>Pripravite se na klju\u010dni preobrat v va\u0161em podjetju in osvojite nova obzorja v digitalni maloprodaji.<\/p>\n<p>Pridobite ga zdaj in za\u010dnite preoblikovati svoje podjetje!<\/p>","protected":false},"featured_media":94371,"comment_status":"open","ping_status":"closed","template":"","meta":[],"product_cat":[1611,1608,1607],"product_tag":[],"class_list":{"0":"post-94371","1":"product","2":"type-product","3":"status-publish","4":"has-post-thumbnail","6":"product_brand-por-emerson-duarte-autor-formato-ebook-kindle","7":"product_cat-administracao-negocios-e-economia","8":"product_cat-ebooks-kindle","9":"product_cat-loja-kindle","11":"first","12":"instock","13":"shipping-taxable","14":"purchasable","15":"product-type-simple"},"aioseo_notices":[],"_links":{"self":[{"href":"https:\/\/www.ecommerceupdate.com.br\/sl\/wp-json\/wp\/v2\/product\/94371","targetHints":{"allow":["GET"]}}],"collection":[{"href":"https:\/\/www.ecommerceupdate.com.br\/sl\/wp-json\/wp\/v2\/product"}],"about":[{"href":"https:\/\/www.ecommerceupdate.com.br\/sl\/wp-json\/wp\/v2\/types\/product"}],"replies":[{"embeddable":true,"href":"https:\/\/www.ecommerceupdate.com.br\/sl\/wp-json\/wp\/v2\/comments?post=94371"}],"wp:featuredmedia":[{"embeddable":true,"href":"https:\/\/www.ecommerceupdate.com.br\/sl\/wp-json\/wp\/v2\/product\/94371"}],"wp:attachment":[{"href":"https:\/\/www.ecommerceupdate.com.br\/sl\/wp-json\/wp\/v2\/media?parent=94371"}],"wp:term":[{"taxonomy":"product_cat","embeddable":true,"href":"https:\/\/www.ecommerceupdate.com.br\/sl\/wp-json\/wp\/v2\/product_cat?post=94371"},{"taxonomy":"product_tag","embeddable":true,"href":"https:\/\/www.ecommerceupdate.com.br\/sl\/wp-json\/wp\/v2\/product_tag?post=94371"}],"curies":[{"name":"wp","href":"https:\/\/api.w.org\/{rel}","templated":true}]}}