{"id":94502,"date":"2026-03-15T14:19:10","date_gmt":"2026-03-15T17:19:10","guid":{"rendered":"https:\/\/www.ecommerceupdate.com.br\/produto\/os-10-pecados-mortais-do-marketing-sintomas-e-solucoes\/"},"modified":"2026-03-15T14:19:12","modified_gmt":"2026-03-15T17:19:12","slug":"os-10-pecados-mortais-do-marketing-sintomas-e-solucoes","status":"publish","type":"product","link":"https:\/\/www.ecommerceupdate.com.br\/sl\/produto\/os-10-pecados-mortais-do-marketing-sintomas-e-solucoes\/","title":{"rendered":"10 smrtnih grehov tr\u017eenja: simptomi in re\u0161itve"},"content":{"rendered":"<div class=\"woocommerce-product-details\"><\/div>","protected":false},"excerpt":{"rendered":"<p>&#8220;Provavelmente o guia de marketing mais \u00fatil e aplic\u00e1vel dos \u00faltimos anos.&#8221; \u2013 Internetworks&#8221;Recomend\u00e1vel tanto para o profissional de marketing quanto para gestores de outras \u00e1reas.&#8221; \u2013 Journal of Consumer Marketing&#8221;Um livro indispens\u00e1vel para quem quer se manter competitivo no mercado.&#8221; \u2013 Publishing News<br \/>Por que 75% dos novos produtos, servi\u00e7os e neg\u00f3cios fracassam? E por que as campanhas de marketing j\u00e1 n\u00e3o entregam os mesmos resultados?Philip Kotler, uma das maiores autoridades no tema, apresenta as respostas nesse livro que \u00e9 um dos guias mais claros e pr\u00e1ticos sobre o que fazer (e o que n\u00e3o fazer) quando o assunto \u00e9 marketing.A partir de exemplos e insights, ele explica como identificar os sinais de que uma empresa est\u00e1 cometendo um dos 10 pecados mortais do marketing e compartilha as melhores solu\u00e7\u00f5es para superar o problema.Voc\u00ea vai aprender a manter o foco no mercado e no cliente, acompanhar a concorr\u00eancia, gerenciar relacionamentos, desenvolver planos de marketing eficazes, construir marcas fortes e aproveitar ao m\u00e1ximo a tecnologia dispon\u00edvel.E, o mais importante, entender\u00e1 que o verdadeiro papel do marketing \u00e9 identificar oportunidades e criar estrat\u00e9gias de neg\u00f3cios com foco em resultados.<\/p>","protected":false},"featured_media":94502,"comment_status":"open","ping_status":"closed","template":"","meta":[],"product_cat":[1701,1700,1595],"product_tag":[],"class_list":{"0":"post-94502","1":"product","2":"type-product","3":"status-publish","4":"has-post-thumbnail","6":"product_brand-edicao-portugus-por-philip-kotler-autor-ivo-korytowski-tradutor","7":"product_cat-drama","8":"product_cat-literatura-e-ficcao","9":"product_cat-livros","11":"first","12":"instock","13":"sale","14":"shipping-taxable","15":"purchasable","16":"product-type-simple"},"aioseo_notices":[],"_links":{"self":[{"href":"https:\/\/www.ecommerceupdate.com.br\/sl\/wp-json\/wp\/v2\/product\/94502","targetHints":{"allow":["GET"]}}],"collection":[{"href":"https:\/\/www.ecommerceupdate.com.br\/sl\/wp-json\/wp\/v2\/product"}],"about":[{"href":"https:\/\/www.ecommerceupdate.com.br\/sl\/wp-json\/wp\/v2\/types\/product"}],"replies":[{"embeddable":true,"href":"https:\/\/www.ecommerceupdate.com.br\/sl\/wp-json\/wp\/v2\/comments?post=94502"}],"wp:featuredmedia":[{"embeddable":true,"href":"https:\/\/www.ecommerceupdate.com.br\/sl\/wp-json\/wp\/v2\/product\/94502"}],"wp:attachment":[{"href":"https:\/\/www.ecommerceupdate.com.br\/sl\/wp-json\/wp\/v2\/media?parent=94502"}],"wp:term":[{"taxonomy":"product_cat","embeddable":true,"href":"https:\/\/www.ecommerceupdate.com.br\/sl\/wp-json\/wp\/v2\/product_cat?post=94502"},{"taxonomy":"product_tag","embeddable":true,"href":"https:\/\/www.ecommerceupdate.com.br\/sl\/wp-json\/wp\/v2\/product_tag?post=94502"}],"curies":[{"name":"wp","href":"https:\/\/api.w.org\/{rel}","templated":true}]}}