{"id":94507,"date":"2026-03-15T14:34:50","date_gmt":"2026-03-15T17:34:50","guid":{"rendered":"https:\/\/www.ecommerceupdate.com.br\/produto\/do-fisico-ao-digital-um-guia-pratico-e-consciente-para-estruturar-seu-e-commerce\/"},"modified":"2026-03-31T01:25:43","modified_gmt":"2026-03-31T04:25:43","slug":"do-fisico-ao-digital-um-guia-pratico-e-consciente-para-estruturar-seu-e-commerce","status":"publish","type":"product","link":"https:\/\/www.ecommerceupdate.com.br\/sl\/produto\/do-fisico-ao-digital-um-guia-pratico-e-consciente-para-estruturar-seu-e-commerce\/","title":{"rendered":"Od fizi\u010dnega do digitalnega: prakti\u010den in zavesten vodnik za strukturiranje va\u0161e e-trgovine"},"content":{"rendered":"<div class=\"woocommerce-product-details\">\n<h3>Podrobnosti izdelka<\/h3>\n<ul>\n<li>ASIN: B0GMCTC2ML<\/li>\n<li>Dostopnost: Ve\u010d o tem<\/li>\n<li>Datum objave: 8. februar 2026<\/li>\n<li>Jezik: portugal\u0161\u010dina<\/li>\n<li>Velikost datoteke: 735 KB<\/li>\n<li>Bralnik zaslona: Zdru\u017eljiv<\/li>\n<li>Konfiguracija pisave: omogo\u010deno<\/li>\n<li>Nasveti za besedi\u0161\u010de: ni omogo\u010deno<\/li>\n<li>\u0160tevilo strani: 116 strani<\/li>\n<li>Obra\u010danje strani: omogo\u010deno<\/li>\n<li>Razvrstitev najbolje prodajanih: \u0161t. 343.746 v trgovini Kindle (izpolnite 100 najbolj\u0161ih v kategoriji trgovin Kindle) \u0161t. 12.957 v poslovanju in gospodarstvu<\/li>\n<li>12.957 v gospodarstvu in ekonomiji<\/li>\n<li>Ocene strank: 5.0 5.0 od 5 zvezdic (1)<\/li>\n<\/ul><\/div>","protected":false},"excerpt":{"rendered":"<p>In tam, bodo\u010di (a) podjetnik (a)!<br \/>Kako lepo, da ste tukaj Pravzaprav, odpiranje te knjige je kot vle\u010denje stola, postre\u017eba kave in za\u010deti tisti iskren pogovor, ki bi ga radi imeli, preden naredimo velik korak v \u017eivljenju Od fizi\u010dnega do digitalnega ne gre samo za prodajo preko interneta Gre za razumevanje igre, spo\u0161tovanje procesa in izgradnjo ne\u010desa trdnega tudi, ko nastopi tesnoba, volja do za\u010detka je ogromna in sanje o neodvisnosti govorijo glasnejeTukaj ne boste na\u0161li \u010dude\u017enih obljub ali praznih bli\u017enjic.Na\u0161li boste prakti\u010dne napotke, strate\u0161ko vizijo in resni\u010dna razmi\u0161ljanja o prehodu iz fizi\u010dnega sveta v digitalno.Knjiga vas vodi z umirjenostjo, jasnostjo in po\u0161tenostjo prav tako ka\u017ee, da ste vi posel, da, je vodnik, ampak raje, gre v posel, gre v desno.<br \/>Pri digitalnem ne gre le za klikanje in prodajo, temve\u010d za gradnjo ne\u010desa, kar je smiselno za vas in va\u0161o prihodnost.<\/p>","protected":false},"featured_media":94507,"comment_status":"open","ping_status":"closed","template":"","meta":[],"product_cat":[1611,1608,1607],"product_tag":[],"class_list":{"0":"post-94507","1":"product","2":"type-product","3":"status-publish","4":"has-post-thumbnail","6":"product_brand-por-herbert-felipe-pereira-costa-autor-formato-ebook-kindle","7":"product_cat-administracao-negocios-e-economia","8":"product_cat-ebooks-kindle","9":"product_cat-loja-kindle","11":"first","12":"instock","13":"shipping-taxable","14":"purchasable","15":"product-type-simple"},"aioseo_notices":[],"_links":{"self":[{"href":"https:\/\/www.ecommerceupdate.com.br\/sl\/wp-json\/wp\/v2\/product\/94507","targetHints":{"allow":["GET"]}}],"collection":[{"href":"https:\/\/www.ecommerceupdate.com.br\/sl\/wp-json\/wp\/v2\/product"}],"about":[{"href":"https:\/\/www.ecommerceupdate.com.br\/sl\/wp-json\/wp\/v2\/types\/product"}],"replies":[{"embeddable":true,"href":"https:\/\/www.ecommerceupdate.com.br\/sl\/wp-json\/wp\/v2\/comments?post=94507"}],"wp:featuredmedia":[{"embeddable":true,"href":"https:\/\/www.ecommerceupdate.com.br\/sl\/wp-json\/wp\/v2\/product\/94507"}],"wp:attachment":[{"href":"https:\/\/www.ecommerceupdate.com.br\/sl\/wp-json\/wp\/v2\/media?parent=94507"}],"wp:term":[{"taxonomy":"product_cat","embeddable":true,"href":"https:\/\/www.ecommerceupdate.com.br\/sl\/wp-json\/wp\/v2\/product_cat?post=94507"},{"taxonomy":"product_tag","embeddable":true,"href":"https:\/\/www.ecommerceupdate.com.br\/sl\/wp-json\/wp\/v2\/product_tag?post=94507"}],"curies":[{"name":"wp","href":"https:\/\/api.w.org\/{rel}","templated":true}]}}