{"id":91236,"date":"2026-02-04T23:03:55","date_gmt":"2026-02-05T02:03:55","guid":{"rendered":"https:\/\/www.ecommerceupdate.org\/produto\/curso-amazon-fba-acelerador-e-commerce-dropshipping-business-spanish-edition\/"},"modified":"2026-04-07T23:30:27","modified_gmt":"2026-04-08T02:30:27","slug":"curso-amazon-fba-acelerador-e-commerce-dropshipping-business-spanish-edition","status":"publish","type":"product","link":"https:\/\/www.ecommerceupdate.com.br\/sq\/produto\/curso-amazon-fba-acelerador-e-commerce-dropshipping-business-spanish-edition\/","title":{"rendered":"Kursi FBA i Amazon: E-Commerce Accelerator &amp; Dropshipping Business (Edicioni spanjoll)"},"content":{"rendered":"<div class=\"woocommerce-product-details\">\n<h3>Detajet e produktit<\/h3>\n<ul>\n<li>ASIN: B07R4PP53L<\/li>\n<li>Aksesueshm\u00ebria: M\u00ebsoni m\u00eb shum\u00eb<\/li>\n<li>Data e publikimit: 28 Prill 2019<\/li>\n<li>Gjuha: spanjisht<\/li>\n<li>Madh\u00ebsia e skedarit: 1.4 MB<\/li>\n<li>Lexuesi i ekranit: I pajtuesh\u00ebm<\/li>\n<li>Konfigurimi i shkronjave: Aktivizohet<\/li>\n<li>K\u00ebshilla p\u00ebr fjalorin: Nuk \u00ebsht\u00eb aktivizuar<\/li>\n<li>Numri i faqeve: 43 faqe<\/li>\n<li>Flip i faqes: Aktivizohet<\/li>\n<li>Renditja e shit\u00ebsve m\u00eb t\u00eb mir\u00eb: Nr 535,793 n\u00eb Kindle Store (Takoni 100 m\u00eb t\u00eb mir\u00ebt n\u00eb kategorin\u00eb Kindle Store) Nr 109 n\u00eb Financat e Importuara n\u00eb Teorin\u00eb e Arsimit Nr 598 n\u00eb Biznes dhe Ekonomi n\u00eb Spanjisht Nr 13,500 n\u00eb Biznes, Biznes dhe Ekonomi n\u00eb Gjuh\u00ebt e Huaja<\/li>\n<li>109 N\u00eb Importuar mbi Financat n\u00eb Teorin\u00eb e Arsimit<\/li>\n<li>598 N\u00eb Biznes dhe Ekonomi n\u00eb Spanjisht<\/li>\n<li>13,500 n\u00eb Biznes, Biznes dhe Ekonomi n\u00eb Gjuh\u00ebt e Huaja<\/li>\n<li>Vler\u00ebsimet e klient\u00ebve: 4.1 4.1 nga 5 yje (15)<\/li>\n<\/ul><\/div>","protected":false},"excerpt":{"rendered":"<p>E-lib\u00ebr kushtuar Kursit Amazon FBA, nga ku nga ahora podrias empezar p\u00ebr t\u00eb krijuar nj\u00eb fuente de ingresos pasivos q\u00eb shitet nga Amazon, m\u00ebson sekretet se si ta realizojm\u00eb at\u00eb me k\u00ebt\u00eb E-lib\u00ebr.<\/p>","protected":false},"featured_media":0,"comment_status":"open","ping_status":"closed","template":"","meta":[],"product_cat":[1608,1628,1607],"product_tag":[],"class_list":{"0":"post-91236","1":"product","2":"type-product","3":"status-publish","5":"product_brand-edicao-espanhol-por-ricardo-rivas-autor-formato-ebook-kindle","6":"product_cat-ebooks-kindle","7":"product_cat-ingles-e-outras-linguas","8":"product_cat-loja-kindle","10":"first","11":"instock","12":"shipping-taxable","13":"purchasable","14":"product-type-simple"},"aioseo_notices":[],"_links":{"self":[{"href":"https:\/\/www.ecommerceupdate.com.br\/sq\/wp-json\/wp\/v2\/product\/91236","targetHints":{"allow":["GET"]}}],"collection":[{"href":"https:\/\/www.ecommerceupdate.com.br\/sq\/wp-json\/wp\/v2\/product"}],"about":[{"href":"https:\/\/www.ecommerceupdate.com.br\/sq\/wp-json\/wp\/v2\/types\/product"}],"replies":[{"embeddable":true,"href":"https:\/\/www.ecommerceupdate.com.br\/sq\/wp-json\/wp\/v2\/comments?post=91236"}],"wp:attachment":[{"href":"https:\/\/www.ecommerceupdate.com.br\/sq\/wp-json\/wp\/v2\/media?parent=91236"}],"wp:term":[{"taxonomy":"product_cat","embeddable":true,"href":"https:\/\/www.ecommerceupdate.com.br\/sq\/wp-json\/wp\/v2\/product_cat?post=91236"},{"taxonomy":"product_tag","embeddable":true,"href":"https:\/\/www.ecommerceupdate.com.br\/sq\/wp-json\/wp\/v2\/product_tag?post=91236"}],"curies":[{"name":"wp","href":"https:\/\/api.w.org\/{rel}","templated":true}]}}