{"id":91649,"date":"2026-02-07T11:38:51","date_gmt":"2026-02-07T14:38:51","guid":{"rendered":"https:\/\/www.ecommerceupdate.org\/produto\/a-loja-de-tudo-jeff-bezos-e-a-era-da-amazon\/"},"modified":"2026-03-08T20:06:12","modified_gmt":"2026-03-08T23:06:12","slug":"a-loja-de-tudo-jeff-bezos-e-a-era-da-amazon","status":"publish","type":"product","link":"https:\/\/www.ecommerceupdate.com.br\/sq\/produto\/a-loja-de-tudo-jeff-bezos-e-a-era-da-amazon\/","title":{"rendered":"Dyqani i gjith\u00e7kaje: Jeff Bezos dhe epoka e Amazon"},"content":{"rendered":"<div class=\"woocommerce-product-details\">\n<div id=\"aplus_feature_div\" class=\"celwidget\" data-feature-name=\"aplus\" data-csa-c-type=\"widget\" data-csa-c-content-id=\"aplus\" data-csa-c-slot-id=\"aplus_feature_div\" data-csa-c-asin=\"\" data-csa-c-is-in-initial-active-row=\"false\">\n<div id=\"aplus\" class=\"a-section a-spacing-large bucket\">\n<h3 class=\"\">Nga botuesi<\/h3>\n<div lang=\"pt_BR\">\n<div class=\"aplus-v2 desktop celwidget\">\n<div class=\"celwidget aplus-module module-12 aplus-standard\">\n<div class=\"aplus-module-wrapper apm-spacing apm-floatnone apm-fixed-width\">\n<div class=\"apm-sidemodule aplus-module-content\">\n<div class=\"apm-hero-image\"> <img decoding=\"async\" alt=\"amazon, dyqani i gjith\u00e7kaje, jeff bezos, guri brad, dyqani, pazari, biznesi\" src=\"https:\/\/m.media-amazon.com\/images\/S\/aplus-media\/vc\/7efa9976-3ab8-4a1f-aeea-0cfb612008a4._CR0,0,1347,417_PT0_SX970__.jpg\" \/> <\/div>\n<\/p>\n<\/div>\n<\/div>\n<\/div>\n<div class=\"celwidget aplus-module module-3 aplus-standard\">\n<div class=\"aplus-module-wrapper apm-floatnone apm-fixed-width\">\n<div class=\"apm-sidemodule apm-spacing\">\n<div class=\"apm-sidemodule-imageright\"> <img decoding=\"async\" alt=\"amazon, dyqani i gjith\u00e7kaje, jeff bezos, guri brad, dyqani, pazari, biznesi\" src=\"https:\/\/m.media-amazon.com\/images\/S\/aplus-media\/vc\/002cae37-e348-4a96-9d59-f3fbedb8fb60._CR0,0,417,417_PT0_SX300__.jpg\" \/> <\/div>\n<div class=\"apm-sidemodule-textleft\">\n<h3 class=\"a-spacing-mini\"> Kush \u00ebsht\u00eb Jeff Bezos? <\/h3>\n<p> <span class=\"a-text-bold\">Jeff Bezos<\/span> sip\u00ebrmarr\u00ebs, themelues, president dhe CEO i Amazon. Ai ka lindur n\u00eb Shtetet e Bashkuara dhe \u00ebsht\u00eb diplomuar p\u00ebr inxhinieri elektrike dhe kompjuterike n\u00eb Universitetin Princeton. Aktualisht, kompania m\u00eb e madhe e shitjeve t\u00eb internetit n\u00eb internet n\u00eb bot\u00eb, Amazon u themelua n\u00eb vitin 1994. Fal\u00eb dyqanit dhe investimet e ndryshme, Bezos \u00ebsht\u00eb b\u00ebr\u00eb nj\u00eb nga njer\u00ebzit m\u00eb t\u00eb pasur n\u00eb histori, me nj\u00eb pasuri t\u00eb vler\u00ebsuar prej $ 113.5 miliard\u00eb dollar\u00eb. <\/p>\n<\/p>\n<\/div>\n<\/div>\n<\/div>\n<\/div>\n<div class=\"celwidget aplus-module module-4 aplus-standard\">\n<div class=\"aplus-module-wrapper apm-fixed-width apm-spacing\">\n<h3 class=\"a-spacing-small\"> Kuriozitete rreth Amazon <\/h3>\n<div class=\"apm-flex\">\n<div class=\"apm-flex-item-fourth-width\">\n<p class=\"apm-text-center\"> <img decoding=\"async\" alt=\"amazon, dyqani i gjith\u00e7kaje, jeff bezos, guri brad, dyqani, pazari, biznesi\" src=\"https:\/\/m.media-amazon.com\/images\/S\/aplus-media\/vc\/e5c5dd2c-6181-4de0-b0a7-1f1d603c7f33._CR0,0,306,306_PT0_SX220__.jpg\" \/> <\/p>\n<h4 class=\"a-spacing-mini\"> Mij\u00ebra porosi <\/h4>\n<p class=\"a-size-small\"> Selia e par\u00eb e kompanis\u00eb ishte sht\u00ebpia e themeluesit t\u00eb saj, Jeff Bezos. P\u00ebr t\u00eb akomoduar sasin\u00eb e madhe t\u00eb post\u00ebs s\u00eb marr\u00eb n\u00eb at\u00eb koh\u00eb, ajo kishte nj\u00eb kuti postare shum\u00eb m\u00eb t\u00eb madhe se zakonisht. <\/p>\n<\/p>\n<\/div>\n<div class=\"apm-flex-item-fourth-width\">\n<p class=\"apm-text-center\"> <img decoding=\"async\" alt=\"amazon, dyqani i gjith\u00e7kaje, jeff bezos, guri brad, dyqani, pazari, biznesi\" src=\"https:\/\/m.media-amazon.com\/images\/S\/aplus-media\/vc\/a88a3ea9-5860-4817-b12c-48f02dc5398a._CR0,0,306,306_PT0_SX220__.jpg\" \/> <\/p>\n<h4 class=\"a-spacing-mini\"> Zgjedhja e emrit <\/h4>\n<p class=\"a-size-small\"> Nd\u00ebrsa vendosi emrin e kompanis\u00eb, Bezos mori parasysh <span class=\"a-text-bold\">Kadabrat<\/span> (n\u00eb lidhje me Abracadabra) dhe Relentless (p\u00ebrkthyer lirisht si t\u00eb pam\u00ebshirsh\u00ebm ose k\u00ebmb\u00ebngul\u00ebs) <span class=\"a-text-italic\">i pam\u00ebshirsh\u00ebm<\/span>, ai ridrejtohet automatikisht n\u00eb Amazon. <\/p>\n<\/p>\n<\/div>\n<div class=\"apm-flex-item-fourth-width\">\n<p class=\"apm-text-center\"> <img decoding=\"async\" alt=\"amazon, dyqani i gjith\u00e7kaje, jeff bezos, guri brad, dyqani, pazari, biznesi\" src=\"https:\/\/m.media-amazon.com\/images\/S\/aplus-media\/vc\/15ae2382-c098-49e3-ab39-69ada746c762._CR0,0,306,306_PT0_SX220__.jpg\" \/> <\/p>\n<h4 class=\"a-spacing-mini\"> K\u00ebmbana e shitjeve <\/h4>\n<p class=\"a-size-small\"> N\u00eb fillim kompania kishte nj\u00eb zile q\u00eb binte sa her\u00eb q\u00eb b\u00ebhej nj\u00eb shitje. Me kalimin e koh\u00ebs, shitjet u b\u00ebn\u00eb aq t\u00eb shpeshta sa u t\u00ebrhoq. <\/p>\n<\/p>\n<\/div>\n<div class=\"apm-flex-item-fourth-width\">\n<p class=\"apm-text-center\"> <img decoding=\"async\" alt=\"amazon, dyqani i gjith\u00e7kaje, jeff bezos, guri brad, dyqani, pazari, biznesi\" src=\"https:\/\/m.media-amazon.com\/images\/S\/aplus-media\/vc\/a9cb10f2-b884-46ec-8b3e-7b97635aa106._CR0,0,306,306_PT0_SX220__.jpg\" \/> <\/p>\n<h4 class=\"a-spacing-mini\"> Shum\u00eb d\u00ebrgesa <\/h4>\n<p class=\"a-size-small\"> Amazon b\u00ebn rreth 1.6 milion\u00eb d\u00ebrgesa n\u00eb dit\u00eb. Sasia e kartonit n\u00eb k\u00ebto kuti do t\u00eb mjaftonte p\u00ebr t\u00eb mbuluar nj\u00eb sip\u00ebrfaqe m\u00eb t\u00eb madhe se Kosta Rika. <\/p>\n<\/p>\n<\/div>\n<\/div>\n<\/div>\n<\/div>\n<div class=\"celwidget aplus-module module-9 aplus-standard\">\n<div class=\"aplus-module-wrapper apm-fixed-width apm-spacing\">\n<h3 class=\"a-spacing-small\"> Libra t\u00eb tjer\u00eb q\u00eb mund t'ju p\u00eblqejn\u00eb <\/h3>\n<div class=\"apm-flex\">\n<div class=\"apm-flex-item-third-width\">\n<p class=\"apm-text-center\"> <img decoding=\"async\" alt=\"amazon, dyqani i gjith\u00e7kaje, jeff bezos, guri brad, dyqani, pazari, biznesi, myshku elon\" src=\"https:\/\/m.media-amazon.com\/images\/S\/aplus-media\/vc\/37f5ff55-9b2d-471c-bbe0-f6db9b765a9c._CR0,0,417,417_PT0_SX300__.jpg\" \/> <\/p>\n<\/p>\n<\/div>\n<div class=\"apm-flex-item-third-width\">\n<p class=\"apm-text-center\"> <img decoding=\"async\" alt=\"amazon, dyqani i gjith\u00e7kaje, jeff bezos, brad stone, dyqan, pazar, biznes, sprint, google\" src=\"https:\/\/m.media-amazon.com\/images\/S\/aplus-media\/vc\/88c01a54-6448-4280-832e-aabd3f9986ba._CR0,0,417,417_PT0_SX300__.jpg\" \/> <\/p>\n<\/p>\n<\/div>\n<div class=\"apm-flex-item-third-width\">\n<p class=\"apm-text-center\"> <img decoding=\"async\" alt=\"amazon, dyqani i gjith\u00e7kaje, jeff bezos, guri brad, dyqani, pazari, biznesi, parimet\" src=\"https:\/\/m.media-amazon.com\/images\/S\/aplus-media\/vc\/ed2f48bd-d056-450d-8c30-268021a0e687._CR0,0,417,417_PT0_SX300__.jpg\" \/> <\/p>\n<\/p>\n<\/div>\n<\/div>\n<\/div>\n<\/div>\n<div class=\"celwidget aplus-module module-11 aplus-standard\">\n<div class=\"aplus-module-wrapper apm-spacing apm-floatnone apm-fixed-width\">\n<div class=\"apm-sidemodule aplus-module-content\">\n<div class=\"apm-hero-image\"> <img decoding=\"async\" alt=\"amazon, dyqani i gjith\u00e7kaje, jeff bezos, guri brad, dyqani, pazari, biznesi\" src=\"https:\/\/m.media-amazon.com\/images\/S\/aplus-media\/vc\/4e4bb8a5-cad5-44db-aa4f-2f6cf4606584._CR0,0,1347,417_PT0_SX970__.jpg\" \/> <\/div>\n<\/p>\n<\/div>\n<\/div>\n<\/div>\n<\/div>\n<\/div>\n<\/div>\n<\/div>\n<h3>Detajet e produktit<\/h3>\n<ul>\n<li>ASIN: B00JAJX8OW<\/li>\n<li>Botuesi: Intrinsic<\/li>\n<li>Aksesueshm\u00ebria: M\u00ebsoni m\u00eb shum\u00eb<\/li>\n<li>Data e publikimit: 1 Prill 2014<\/li>\n<li>Gjuha: portugalisht<\/li>\n<li>Madh\u00ebsia e skedarit: 13,6 MB<\/li>\n<li>Lexuesi i ekranit: I pajtuesh\u00ebm<\/li>\n<li>Konfigurimi i shkronjave: Aktivizohet<\/li>\n<li>K\u00ebshilla p\u00ebr fjalorin: Nuk \u00ebsht\u00eb aktivizuar<\/li>\n<li>Numri i faqeve: 484 faqe<\/li>\n<li>ISBN-10:9788580574906<\/li>\n<li>ISBN-13:978-8580574906<\/li>\n<li>Flip i faqes: Aktivizohet<\/li>\n<li>Renditja e shit\u00ebsve m\u00eb t\u00eb mir\u00eb: Nr 68,893 n\u00eb Kindle Store (Takoni 100 m\u00eb t\u00eb mir\u00ebt n\u00eb kategorin\u00eb Kindle Store) Nr 1,363 n\u00eb Biografi dhe Autobiografi<\/li>\n<li>1363 n\u00eb Biografi dhe Autobiografi<\/li>\n<li>Vler\u00ebsimet e klient\u00ebve: 4.6 4.6 nga 5 yje (3606)<\/li>\n<\/ul><\/div>","protected":false},"excerpt":{"rendered":"<p>A Amazon foi uma pioneira no com\u00e9rcio de livros pela internet e esteve \u00e0 frente da primeira grande febre das pontocom. Mas Jeff Bezos, seu vision\u00e1rio criador, n\u00e3o se contentaria com uma livraria virtual descolada: ele queria que sua empresa dispusesse de uma sele\u00e7\u00e3o ilimitada de produtos a pre\u00e7os radicalmente baixos \u2014 e se tornasse \u201ca loja de tudo\u201d.Com o objetivo de descortinar esse universo, o jornalista Brad Stone obteve acesso in\u00e9dito a funcion\u00e1rios e executivos da Amazon, al\u00e9m de familiares e amigos de Bezos, e o resultado \u00e9 um retrato detalhado da vida na gigante do com\u00e9rcio on-line que exp\u00f5e um mundo de competitividade sem limites. Como outros precursores da tecnologia, entre eles Steve Jobs, Bill Gates e Mark Zuckerberg, Bezos n\u00e3o cede em sua incans\u00e1vel busca por novos mercados, transformando o varejo da mesma forma como Henry Ford revolucionou a ind\u00fastria \u2014 com uma impiedade tamanha que s\u00f3 se iguala \u00e0 sua vontade de oferecer a melhor experi\u00eancia poss\u00edvel ao cliente.A loja de tudo \u00e9 a biografia definitiva da start-up que fez uma das primeiras e maiores apostas na internet e mudou para sempre a nossa forma de ler e de comprar. \u00c9 um relato honesto sobre a empresa mais emblem\u00e1tica da nossa era, bem como um olhar profundamente pessoal sobre o ic\u00f4nico personagem que a criou.Agraciado com o pr\u00eamio de \u201cmelhor livro de neg\u00f3cios de 2013\u201d pelo Financial Times\/Goldman Sachs, tamb\u00e9m foi selecionado entre os melhores t\u00edtulos do ano por publica\u00e7\u00f5es como The Washington Post e Forbes. A obra re\u00fane depoimentos in\u00e9ditos de amigos, familiares, colaboradores e ex-funcion\u00e1rios da Amazon, revelando importantes detalhes de todas as jogadas de Jeff Bezos para tornar a Amazon uma das empresas mais poderosas da atualidade. O livro inclui dezenas de imagens in\u00e9ditas de Jeff Bezos desde a inf\u00e2ncia at\u00e9 se tornar um bilion\u00e1rio do Vale do Sil\u00edcio.\u201c\u00c9 uma grande aula de administra\u00e7\u00e3o de empresas e a biografia de um vision\u00e1rio. Conta como Bezos construiu a maior loja virtual do mundo, quantas besteiras fez e como virou um \u00edcone perseguindo uma s\u00f3 ideia: o poder da rede.\u201d Elio Gaspari, colunista de Folha de S.Paulo e O GloboBest-seller da Veja<\/p>","protected":false},"featured_media":91649,"comment_status":"open","ping_status":"closed","template":"","meta":[],"product_cat":[1625,1608,1607],"product_tag":[],"class_list":{"0":"post-91649","1":"product","2":"type-product","3":"status-publish","4":"has-post-thumbnail","6":"product_brand-por-brad-stone-autor-andrea-gottlieb-de-castro-neves-tradutor-formato-ebook-kindle","7":"product_cat-biografias-e-historias-reais","8":"product_cat-ebooks-kindle","9":"product_cat-loja-kindle","11":"first","12":"instock","13":"sale","14":"shipping-taxable","15":"purchasable","16":"product-type-simple"},"aioseo_notices":[],"_links":{"self":[{"href":"https:\/\/www.ecommerceupdate.com.br\/sq\/wp-json\/wp\/v2\/product\/91649","targetHints":{"allow":["GET"]}}],"collection":[{"href":"https:\/\/www.ecommerceupdate.com.br\/sq\/wp-json\/wp\/v2\/product"}],"about":[{"href":"https:\/\/www.ecommerceupdate.com.br\/sq\/wp-json\/wp\/v2\/types\/product"}],"replies":[{"embeddable":true,"href":"https:\/\/www.ecommerceupdate.com.br\/sq\/wp-json\/wp\/v2\/comments?post=91649"}],"wp:featuredmedia":[{"embeddable":true,"href":"https:\/\/www.ecommerceupdate.com.br\/sq\/wp-json\/wp\/v2\/product\/91649"}],"wp:attachment":[{"href":"https:\/\/www.ecommerceupdate.com.br\/sq\/wp-json\/wp\/v2\/media?parent=91649"}],"wp:term":[{"taxonomy":"product_cat","embeddable":true,"href":"https:\/\/www.ecommerceupdate.com.br\/sq\/wp-json\/wp\/v2\/product_cat?post=91649"},{"taxonomy":"product_tag","embeddable":true,"href":"https:\/\/www.ecommerceupdate.com.br\/sq\/wp-json\/wp\/v2\/product_tag?post=91649"}],"curies":[{"name":"wp","href":"https:\/\/api.w.org\/{rel}","templated":true}]}}