{"id":91650,"date":"2026-02-07T11:41:31","date_gmt":"2026-02-07T14:41:31","guid":{"rendered":"https:\/\/www.ecommerceupdate.org\/produto\/elon-musk\/"},"modified":"2026-03-08T20:06:20","modified_gmt":"2026-03-08T23:06:20","slug":"elon-musk","status":"publish","type":"product","link":"https:\/\/www.ecommerceupdate.com.br\/sq\/produto\/elon-musk\/","title":{"rendered":"Elon Musk"},"content":{"rendered":"<div class=\"woocommerce-product-details\">\n<div id=\"aplus_feature_div\" class=\"celwidget\" data-feature-name=\"aplus\" data-csa-c-type=\"widget\" data-csa-c-content-id=\"aplus\" data-csa-c-slot-id=\"aplus_feature_div\" data-csa-c-asin=\"\" data-csa-c-is-in-initial-active-row=\"false\">\n<div id=\"aplus\" class=\"a-section a-spacing-large bucket\">\n<h3 class=\"\">Nga botuesi<\/h3>\n<div lang=\"pt_BR\">\n<div class=\"aplus-v2 desktop celwidget\">\n<div class=\"celwidget aplus-module module-11 aplus-standard\">\n<div class=\"aplus-module-wrapper apm-spacing apm-floatnone apm-fixed-width\">\n<div class=\"apm-sidemodule aplus-module-content\">\n<div class=\"apm-hero-image\"> <img decoding=\"async\" alt=\"Elon Musk, Walter Isaacson, biografi, Steve Jobs, Leonardo da Vinci, Tesla, SpaceX, biznes \" src=\"https:\/\/m.media-amazon.com\/images\/S\/aplus-media-library-service-media\/e710f123-dd17-4e24-b28c-0bd6131908df.__CR0,0,970,300_PT0_SX970_V1___.jpg\" \/> <\/div>\n<\/p>\n<\/div>\n<\/div>\n<\/div>\n<div class=\"celwidget aplus-module 3p-module-b aplus-standard\">\n<div class=\"aplus-module-wrapper aplus-3p-fixed-width\"> <img decoding=\"async\" alt=\"Elon Musk, biografi, biznes, miliarder\u00eb, Walter Isaacson, Tesla, SpaceX, teknologji \" src=\"https:\/\/m.media-amazon.com\/images\/S\/aplus-media-library-service-media\/f527db44-a785-4621-8edf-5b2b2b9db4b7.__CR0,0,970,600_PT0_SX970_V1___.jpg\" \/> <\/div>\n<\/p>\n<\/div>\n<div class=\"celwidget aplus-module 3p-module-b aplus-standard\">\n<div class=\"aplus-module-wrapper aplus-3p-fixed-width\"> <img decoding=\"async\" alt=\"Elon Musk, Walter Isaacson, Steve Jobs, biografi, inovacion, teknologji, biznes, miliarder\u00eb\" src=\"https:\/\/m.media-amazon.com\/images\/S\/aplus-media-library-service-media\/63887060-807f-4979-92c4-29716bd038c3.__CR0,0,970,600_PT0_SX970_V1___.jpg\" \/> <\/div>\n<\/p>\n<\/div>\n<div class=\"celwidget aplus-module module-11 aplus-standard\">\n<div class=\"aplus-module-wrapper apm-spacing apm-floatnone apm-fixed-width\">\n<div class=\"apm-sidemodule aplus-module-content\">\n<div class=\"apm-hero-image\"> <img decoding=\"async\" alt=\"Walter Isaacson, Elon Musk, biografi, biograf, Steve Jobs, Albert Einstein, Leonardo da Vinci\" src=\"https:\/\/m.media-amazon.com\/images\/S\/aplus-media-library-service-media\/21d26771-00c4-4758-b651-489b512c526f.__CR0,0,970,300_PT0_SX970_V1___.jpg\" \/> <\/div>\n<\/p>\n<\/div>\n<\/div>\n<\/div>\n<div class=\"celwidget aplus-module module-5 aplus-standard\">\n<div class=\"aplus-module-wrapper apm-fixed-width\">\n<div class=\"apm-spacing aplus-module-content\">\n<div class=\"apm-tablemodule\">\n<table class=\"apm-tablemodule-table\" cellspacing=\"0\" cellpadding=\"0\">\n<tbody>\n<tr class=\"apm-tablemodule-imagerows\">\n<td class=\"apm-tablemodule-blankkeyhead\" \/>\n<th> <a href='\/sq\/dp\/6555603321\/?ref=emc_s_m_5_i_atc'> <\/p>\n<div class=\"apm-tablemodule-image\"> <img decoding=\"async\" alt=\"\" src=\"https:\/\/m.media-amazon.com\/images\/S\/aplus-media-library-service-media\/fd202e30-f436-47d6-8bd1-75bc4bdf501f.__CR0,0,150,300_PT0_SX150_V1___.jpg\" width=\"150px\" \/> <\/div>\n<div> Steve Jobs <\/div>\n<p> <\/a> <\/th>\n<th> <a href='\/sq\/dp\/8551002570\/?ref=emc_s_m_5_i_atc'> <\/p>\n<div class=\"apm-tablemodule-image\"> <img decoding=\"async\" alt=\"\" src=\"https:\/\/m.media-amazon.com\/images\/S\/aplus-media-library-service-media\/54f312e5-8700-44c7-b33d-5b767ee2122e.__CR0,0,150,300_PT0_SX150_V1___.jpg\" width=\"150px\" \/> <\/div>\n<div> Leonardo da Vin\u00e7it <\/div>\n<p> <\/a> <\/th>\n<th> <a href='\/sq\/dp\/6555601825\/?ref=emc_s_m_5_i_atc'> <\/p>\n<div class=\"apm-tablemodule-image\"> <img decoding=\"async\" alt=\"\" src=\"https:\/\/m.media-amazon.com\/images\/S\/aplus-media-library-service-media\/90115608-49d1-47d0-9179-a81c788580b2.__CR0,0,150,300_PT0_SX150_V1___.jpg\" width=\"150px\" \/> <\/div>\n<div> Dekoderi: Jennifer Doudna <\/div>\n<p> <\/a> <\/th>\n<th> <a href='\/sq\/dp\/6555601361\/?ref=emc_s_m_5_i_atc'> <\/p>\n<div class=\"apm-tablemodule-image\"> <img decoding=\"async\" alt=\"\" src=\"https:\/\/m.media-amazon.com\/images\/S\/aplus-media-library-service-media\/e8087f73-48a8-4f53-9a0a-8c05e5b19c9f.__CR0,0,150,300_PT0_SX150_V1___.jpg\" width=\"150px\" \/> <\/div>\n<div> Inovator\u00ebt <\/div>\n<p> <\/a> <\/th>\n<\/tr>\n<tr class=\"apm-tablemodule-atc\">\n<td class=\"apm-tablemodule-blankkeyhead\" \/>\n<td> <\/td>\n<td> <\/td>\n<td> <\/td>\n<td>\n<div class=\"add-to-cart\"> <span class=\"a-button a-button-base\"><span class=\"a-button-inner\"><a href=\"\/sq\/dp\/6555601361\/?ref=emc_s_m_5_i_atc\" class=\"a-button-text\"> Opsionet e blerjes <\/a><\/span><\/span> <\/div>\n<\/td>\n<\/tr>\n<tr class=\"apm-tablemodule-keyvalue\">\n<th class=\"apm-tablemodule-keyhead\"> <span class=\"a-color-secondary\"> Komentet e klient\u00ebve <\/span> <\/th>\n<td class=\"apm-tablemodule-valuecell apm-checked\" style=\"width:191px\">\n<div class=\"\">\n<div class=\"a-size-base\"> <i class=\"a-icon a-icon-star-small a-star-small-5 a-spacing-none\"><span class=\"a-icon-alt\">4.8 Nga 5 yje<\/span><\/i> <span class=\"a-size-mini a-color-base\">616<\/span> <\/div>\n<\/p>\n<\/div>\n<\/td>\n<td class=\"apm-tablemodule-valuecell apm-checked\" style=\"width:191px\">\n<div class=\"\">\n<div class=\"a-size-base\"> <i class=\"a-icon a-icon-star-small a-star-small-5 a-spacing-none\"><span class=\"a-icon-alt\">4.8 Nga 5 yje<\/span><\/i> <span class=\"a-size-mini a-color-base\">4.513<\/span> <\/div>\n<\/p>\n<\/div>\n<\/td>\n<td class=\"apm-tablemodule-valuecell apm-checked\" style=\"width:191px\">\n<div class=\"\">\n<div class=\"a-size-base\"> <i class=\"a-icon a-icon-star-small a-star-small-5 a-spacing-none\"><span class=\"a-icon-alt\">4.8 Nga 5 yje<\/span><\/i> <span class=\"a-size-mini a-color-base\">880<\/span> <\/div>\n<\/p>\n<\/div>\n<\/td>\n<td class=\"apm-tablemodule-valuecell apm-checked\" style=\"width:191px\">\n<div class=\"\">\n<div class=\"a-size-base\"> <i class=\"a-icon a-icon-star-small a-star-small-4-5 a-spacing-none\"><span class=\"a-icon-alt\">4.7 Nga 5 yje<\/span><\/i> <span class=\"a-size-mini a-color-base\">238<\/span> <\/div>\n<\/p>\n<\/div>\n<\/td>\n<\/tr>\n<tr class=\"apm-tablemodule-keyvalue\">\n<th class=\"apm-tablemodule-keyhead\"> <span class=\"a-color-secondary\"> \u00c7mimi <\/span> <\/th>\n<td class=\"apm-tablemodule-valuecell apm-checked\" style=\"width:191px\"> <span class=\"a-price\" data-a-size=\"medium_plus\" data-a-color=\"base\"><span class=\"a-offscreen\">R$ 88,35<\/span><span aria-hidden=\"true\"><span class=\"a-price-symbol\">R$<\/span><span class=\"a-price-whole\">88<span class=\"a-price-decimal\">,<\/span><\/span><span class=\"a-price-fraction\">35<\/span><\/span><\/span> <\/td>\n<td class=\"apm-tablemodule-valuecell apm-checked\" style=\"width:191px\"> <span class=\"a-price\" data-a-size=\"medium_plus\" data-a-color=\"base\"><span class=\"a-offscreen\">R$ 93,00<\/span><span aria-hidden=\"true\"><span class=\"a-price-symbol\">R$<\/span><span class=\"a-price-whole\">93<span class=\"a-price-decimal\">,<\/span><\/span><span class=\"a-price-fraction\">00<\/span><\/span><\/span> <\/td>\n<td class=\"apm-tablemodule-valuecell apm-checked\" style=\"width:191px\"> <span class=\"a-price\" data-a-size=\"medium_plus\" data-a-color=\"base\"><span class=\"a-offscreen\">R$ 70,32<\/span><span aria-hidden=\"true\"><span class=\"a-price-symbol\">R$<\/span><span class=\"a-price-whole\">70<span class=\"a-price-decimal\">,<\/span><\/span><span class=\"a-price-fraction\">32<\/span><\/span><\/span> <\/td>\n<td class=\"apm-tablemodule-valuecell apm-checked\" style=\"width:191px\"> ''' <span class=\"apm-visually-hidden\">n\u00eb dat\u00ebn<\/span> <\/td>\n<\/tr>\n<tr class=\"apm-tablemodule-keyvalue\">\n<th class=\"apm-tablemodule-keyhead\"> <span class=\"a-color-secondary\"> Libra t\u00eb tjer\u00eb autori <\/span> <\/th>\n<td class=\"apm-tablemodule-valuecell\" style=\"width:191px\"> <span class=\"a-size-base\"> Walter Isaacson <\/span> <\/td>\n<td class=\"apm-tablemodule-valuecell\" style=\"width:191px\"> <span class=\"a-size-base\"> Walter Isaacson <\/span> <\/td>\n<td class=\"apm-tablemodule-valuecell\" style=\"width:191px\"> <span class=\"a-size-base\"> Walter Isaacson <\/span> <\/td>\n<td class=\"apm-tablemodule-valuecell\" style=\"width:191px\"> <span class=\"a-size-base\"> Walter Isaacson <\/span> <\/td>\n<\/tr>\n<\/tbody>\n<\/table>\n<\/div>\n<\/div>\n<\/div>\n<\/div>\n<\/div>\n<\/div>\n<\/div>\n<\/div>\n<h3>Detajet e produktit<\/h3>\n<ul>\n<li>ASIN: B0C5P69GQM<\/li>\n<li>Botuesi: Intrinsic<\/li>\n<li>Aksesueshm\u00ebria: M\u00ebsoni m\u00eb shum\u00eb<\/li>\n<li>Data e publikimit: 12 shtator 2023<\/li>\n<li>Gjuha: portugalisht<\/li>\n<li>Madh\u00ebsia e skedarit: 34,4 MB<\/li>\n<li>Lexuesi i ekranit: I pajtuesh\u00ebm<\/li>\n<li>Konfigurimi i shkronjave: Aktivizohet<\/li>\n<li>K\u00ebshilla p\u00ebr fjalorin: Nuk \u00ebsht\u00eb aktivizuar<\/li>\n<li>Numri i faqeve: 844 faqe<\/li>\n<li>ISBN-13:978-6555606461<\/li>\n<li>Flip i faqes: Aktivizohet<\/li>\n<li>Mosha e leximit: 14 vje\u00e7 e lart<\/li>\n<li>Renditja e shit\u00ebsve m\u00eb t\u00eb mir\u00eb: Nr 14,805 n\u00eb Kindle Store (Takoni 100 m\u00eb t\u00eb mir\u00ebt n\u00eb kategorin\u00eb Kindle Store) Nr 4 n\u00eb Biografit\u00eb e Shkenc\u00ebtar\u00ebve Nr 8 n\u00eb Biografit\u00eb e Biznesit Nr 237 n\u00eb Biografi dhe autobiografi<\/li>\n<li>4 N\u00eb Biografit\u00eb e Shkenc\u00ebtar\u00ebve<\/li>\n<li>8 N\u00eb Biografit\u00eb e Biznesit<\/li>\n<li>237 N\u00eb Biografi dhe Autobiografi<\/li>\n<li>Vler\u00ebsimet e klient\u00ebve: 4,8 4,8 nga 5 yje (2,342)<\/li>\n<\/ul><\/div>","protected":false},"excerpt":{"rendered":"<p>Nga autori i Steve Jobs dhe biografive t\u00eb tjera t\u00eb suksesshme, libri raporton historin\u00eb trondit\u00ebse t\u00eb novatorit m\u00eb magjeps\u00ebs dhe m\u00eb t\u00eb diskutuesh\u00ebm t\u00eb koh\u00ebs son\u00eb Gjat\u00eb f\u00ebmij\u00ebris\u00eb, Elon Musk p\u00ebsoi shum\u00eb ngacmime. Pasi mori nj\u00eb rrahje ve\u00e7an\u00ebrisht t\u00eb dhunshme, ai duhej t\u00eb q\u00ebndronte n\u00eb spital p\u00ebr nj\u00eb jav\u00eb. Plag\u00ebt dhe l\u00ebndimet fizike, megjithat\u00eb, nuk ishin asgj\u00eb n\u00eb krahasim me reagimin e babait t\u00eb tij, nj\u00eb inxhinier delirant dhe karizmatik, por edhe pervers, por edhe pervers. Megjith\u00eb p\u00ebrpjekjet e Musk p\u00ebr t\u00eb d\u00ebbuar robot\u00ebt e vet\u00eb jet\u00ebs fizike dhe psikologjike t\u00eb jet\u00ebs, psikika e tij do t\u00eb vuante ndikimet p\u00ebr nj\u00eb koh\u00eb t\u00eb gjat\u00eb. Jeta e gjat\u00eb, ndjekja e nj\u00eb t\u00eb rrezikshmi, ndjenja e jet\u00ebs s\u00eb huaj, d\u00ebshira p\u00ebr t\u00eb shp\u00ebtuar nj\u00eb \u00ebnd\u00ebrr dhe a. <br \/>n\u00eb fillim t\u00eb vitit 2022, pasi SpaceX vuri tridhjet\u00eb e nj\u00eb raketa n\u00eb orbit\u00eb, Tesla shet miliona makina dhe Musk u b\u00eb njeriu m\u00eb i pasur n\u00eb planet, ai e kuptoi detyrimin e tij p\u00ebr dram\u00eb: \u201cDuhet t\u00eb ndryshoj mentalitetin tim dhe t\u00eb dal nga modaliteti i kriz\u00ebs, n\u00eb t\u00eb cilat un\u00eb kam qen\u00eb p\u00ebr t\u00eb pakt\u00ebn 14 vjet, ose ndoshta p\u00ebr pjes\u00ebn m\u00eb t\u00eb madhe t\u00eb jet\u00ebs sime\u201d, p\u00ebr sa koh\u00eb q\u00eb ai po mendonte p\u00ebr k\u00ebt\u00eb pun\u00eb, megjithat\u00eb, Walter po blinte fshehurazi Twitter. Edhe pse mori ofert\u00ebn p\u00ebr nj\u00eb pozicion drejtues n\u00eb kompani, ai arriti n\u00eb p\u00ebrfundimin se nuk do t\u00eb ishin tmerret e tij p\u00ebr aq koh\u00eb sa t\u00eb d\u00ebshironte kontroll t\u00eb plot\u00eb, pas nj\u00eb pune dyvje\u00e7are, k\u00ebshtu q\u00eb ai luante gjithmon\u00eb <\/p>","protected":false},"featured_media":91650,"comment_status":"open","ping_status":"closed","template":"","meta":[],"product_cat":[1625,1608,1607],"product_tag":[],"class_list":{"0":"post-91650","1":"product","2":"type-product","3":"status-publish","4":"has-post-thumbnail","6":"product_brand-por-walter-isaacson-autor-rogerio-w-galindo-tradutor-rosiane-correia-de-freitas-tradutor-0-mais-formato-ebook-kindle","7":"product_cat-biografias-e-historias-reais","8":"product_cat-ebooks-kindle","9":"product_cat-loja-kindle","11":"first","12":"instock","13":"sale","14":"shipping-taxable","15":"purchasable","16":"product-type-simple"},"aioseo_notices":[],"_links":{"self":[{"href":"https:\/\/www.ecommerceupdate.com.br\/sq\/wp-json\/wp\/v2\/product\/91650","targetHints":{"allow":["GET"]}}],"collection":[{"href":"https:\/\/www.ecommerceupdate.com.br\/sq\/wp-json\/wp\/v2\/product"}],"about":[{"href":"https:\/\/www.ecommerceupdate.com.br\/sq\/wp-json\/wp\/v2\/types\/product"}],"replies":[{"embeddable":true,"href":"https:\/\/www.ecommerceupdate.com.br\/sq\/wp-json\/wp\/v2\/comments?post=91650"}],"wp:featuredmedia":[{"embeddable":true,"href":"https:\/\/www.ecommerceupdate.com.br\/sq\/wp-json\/wp\/v2\/product\/91650"}],"wp:attachment":[{"href":"https:\/\/www.ecommerceupdate.com.br\/sq\/wp-json\/wp\/v2\/media?parent=91650"}],"wp:term":[{"taxonomy":"product_cat","embeddable":true,"href":"https:\/\/www.ecommerceupdate.com.br\/sq\/wp-json\/wp\/v2\/product_cat?post=91650"},{"taxonomy":"product_tag","embeddable":true,"href":"https:\/\/www.ecommerceupdate.com.br\/sq\/wp-json\/wp\/v2\/product_tag?post=91650"}],"curies":[{"name":"wp","href":"https:\/\/api.w.org\/{rel}","templated":true}]}}