{"id":91654,"date":"2026-02-07T11:58:45","date_gmt":"2026-02-07T14:58:45","guid":{"rendered":"https:\/\/www.ecommerceupdate.org\/produto\/steve-jobs\/"},"modified":"2026-03-13T15:23:10","modified_gmt":"2026-03-13T18:23:10","slug":"steve-jobs","status":"publish","type":"product","link":"https:\/\/www.ecommerceupdate.com.br\/sq\/produto\/steve-jobs\/","title":{"rendered":"Steve Jobs"},"content":{"rendered":"<div class=\"woocommerce-product-details\">\n<div id=\"aplus_feature_div\" class=\"celwidget\" data-feature-name=\"aplus\" data-csa-c-type=\"widget\" data-csa-c-content-id=\"aplus\" data-csa-c-slot-id=\"aplus_feature_div\" data-csa-c-asin=\"\" data-csa-c-is-in-initial-active-row=\"false\">\n<div id=\"aplus\" class=\"a-section a-spacing-large bucket\">\n<h3 class=\"\">Nga botuesi<\/h3>\n<div lang=\"pt_BR\">\n<div class=\"aplus-v2 desktop celwidget\">\n<div class=\"celwidget aplus-module module-12 aplus-standard\">\n<div class=\"aplus-module-wrapper apm-spacing apm-floatnone apm-fixed-width\">\n<div class=\"apm-sidemodule aplus-module-content\">\n<div class=\"apm-hero-image\"> <img decoding=\"async\" alt=\"steve jobs\" src=\"https:\/\/m.media-amazon.com\/images\/S\/aplus-media-library-service-media\/efed023c-6914-4994-aaea-5774ccd240c8.__CR0,0,970,300_PT0_SX970_V1___.jpg\" \/> <\/div>\n<\/p>\n<\/div>\n<\/div>\n<\/div>\n<div class=\"celwidget aplus-module 3p-module-b aplus-standard\">\n<div class=\"aplus-module-wrapper aplus-3p-fixed-width\"> <img decoding=\"async\" alt=\"steve jobs\" src=\"https:\/\/m.media-amazon.com\/images\/S\/aplus-media-library-service-media\/5343247a-b760-41e3-9818-0148cb61ec65.__CR0,0,970,600_PT0_SX970_V1___.jpg\" \/> <\/div>\n<\/p>\n<\/div>\n<div class=\"celwidget aplus-module 3p-module-b aplus-standard\">\n<div class=\"aplus-module-wrapper aplus-3p-fixed-width\"> <img decoding=\"async\" alt=\"steve jobs\" src=\"https:\/\/m.media-amazon.com\/images\/S\/aplus-media-library-service-media\/6fc2404e-f3f2-43f3-950a-6553cc80506f.__CR0,0,970,600_PT0_SX970_V1___.jpg\" \/> <\/div>\n<\/p>\n<\/div>\n<div class=\"celwidget aplus-module module-12 aplus-standard\">\n<div class=\"aplus-module-wrapper apm-spacing apm-floatnone apm-fixed-width\">\n<div class=\"apm-sidemodule aplus-module-content\">\n<div class=\"apm-hero-image\"> <img decoding=\"async\" alt=\"steve jobs\" src=\"https:\/\/m.media-amazon.com\/images\/S\/aplus-media-library-service-media\/b4e5cb13-62fe-4d29-96f7-68f8c0bb82c9.__CR0,0,970,300_PT0_SX970_V1___.jpg\" \/> <\/div>\n<\/p>\n<\/div>\n<\/div>\n<\/div>\n<div class=\"celwidget aplus-module module-5 aplus-standard\">\n<div class=\"aplus-module-wrapper apm-fixed-width\">\n<div class=\"apm-spacing aplus-module-content\">\n<div class=\"apm-tablemodule\">\n<table class=\"apm-tablemodule-table\" cellspacing=\"0\" cellpadding=\"0\">\n<tbody>\n<tr class=\"apm-tablemodule-imagerows\">\n<td class=\"apm-tablemodule-blankkeyhead\" \/>\n<th> <a href='\/sq\/dp\/B075CN35WH\/?ref=emc_s_m_5_i_atc'> <\/p>\n<div class=\"apm-tablemodule-image\"> <img decoding=\"async\" alt=\"\" src=\"https:\/\/m.media-amazon.com\/images\/S\/aplus-media-library-service-media\/bf653dba-9860-47a6-a7ef-8757b14b1b36.__CR0,0,150,300_PT0_SX150_V1___.jpg\" width=\"148.0px\" \/> <\/div>\n<div> Leonardo da Vin\u00e7it <\/div>\n<p> <\/a> <\/th>\n<th> <a href='\/sq\/dp\/B08R7ZHTLM\/?ref=emc_s_m_5_i_atc'> <\/p>\n<div class=\"apm-tablemodule-image\"> <img decoding=\"async\" alt=\"\" src=\"https:\/\/m.media-amazon.com\/images\/S\/aplus-media-library-service-media\/cd62543f-694a-4708-a394-d6454a78be32.__CR0,0,150,300_PT0_SX150_V1___.jpg\" width=\"148.0px\" \/> <\/div>\n<div> Inovator\u00ebt <\/div>\n<p> <\/a> <\/th>\n<th> <a href='\/sq\/dp\/B08X192R3Y\/?ref=emc_s_m_5_i_atc'> <\/p>\n<div class=\"apm-tablemodule-image\"> <img decoding=\"async\" alt=\"\" src=\"https:\/\/m.media-amazon.com\/images\/S\/aplus-media-library-service-media\/87d4f507-fb8f-4774-aeb7-f4e4cfcc39f0.__CR0,0,150,300_PT0_SX150_V1___.jpg\" width=\"148.0px\" \/> <\/div>\n<div> Dekoderi <\/div>\n<p> <\/a> <\/th>\n<th> <a href='\/sq\/dp\/B08L9PMZPX\/?ref=emc_s_m_5_i_atc'> <\/p>\n<div class=\"apm-tablemodule-image\"> <img decoding=\"async\" alt=\"\" src=\"https:\/\/m.media-amazon.com\/images\/S\/aplus-media-library-service-media\/750ff88f-62e1-485d-b01f-b47404b2a134.__CR0,0,150,300_PT0_SX150_V1___.jpg\" width=\"148.0px\" \/> <\/div>\n<div> e Alexander Hamilton <\/div>\n<p> <\/a> <\/th>\n<th> <a href='\/sq\/dp\/B01555GJKE\/?ref=emc_s_m_5_i_atc'> <\/p>\n<div class=\"apm-tablemodule-image\"> <img decoding=\"async\" alt=\"\" src=\"https:\/\/m.media-amazon.com\/images\/S\/aplus-media-library-service-media\/9a203d85-5049-4446-9126-60e551d7a606.__CR0,0,150,300_PT0_SX150_V1___.jpg\" width=\"148.0px\" \/> <\/div>\n<div> Elon Musk: Si po form\u00ebson t\u00eb ardhmen ton\u00eb CEO miliarder i SpaceX dhe Tesla <\/div>\n<p> <\/a> <\/th>\n<\/tr>\n<tr class=\"apm-tablemodule-atc\">\n<td class=\"apm-tablemodule-blankkeyhead\" \/>\n<td>\n<div class=\"add-to-cart\"> <span class=\"a-button a-button-base\"><span class=\"a-button-inner\"><a href=\"\/sq\/dp\/B075CN35WH\/?ref=emc_s_m_5_i_atc\" class=\"a-button-text\"> Opsionet e blerjes <\/a><\/span><\/span> <\/div>\n<\/td>\n<td>\n<div class=\"add-to-cart\"> <span class=\"a-button a-button-base\"><span class=\"a-button-inner\"><a href=\"\/sq\/dp\/B08R7ZHTLM\/?ref=emc_s_m_5_i_atc\" class=\"a-button-text\"> Opsionet e blerjes <\/a><\/span><\/span> <\/div>\n<\/td>\n<td>\n<div class=\"add-to-cart\"> <span class=\"a-button a-button-base\"><span class=\"a-button-inner\"><a href=\"\/sq\/dp\/B08X192R3Y\/?ref=emc_s_m_5_i_atc\" class=\"a-button-text\"> Opsionet e blerjes <\/a><\/span><\/span> <\/div>\n<\/td>\n<td>\n<div class=\"add-to-cart\"> <span class=\"a-button a-button-base\"><span class=\"a-button-inner\"><a href=\"\/sq\/dp\/B08L9PMZPX\/?ref=emc_s_m_5_i_atc\" class=\"a-button-text\"> Opsionet e blerjes <\/a><\/span><\/span> <\/div>\n<\/td>\n<td>\n<div class=\"add-to-cart\"> <span class=\"a-button a-button-base\"><span class=\"a-button-inner\"><a href=\"\/sq\/dp\/B01555GJKE\/?ref=emc_s_m_5_i_atc\" class=\"a-button-text\"> Opsionet e blerjes <\/a><\/span><\/span> <\/div>\n<\/td>\n<\/tr>\n<tr class=\"apm-tablemodule-keyvalue\">\n<th class=\"apm-tablemodule-keyhead\"> <span class=\"a-color-secondary\"> Komentet e klient\u00ebve <\/span> <\/th>\n<td class=\"apm-tablemodule-valuecell apm-checked\" style=\"width:191px\">\n<div class=\"\">\n<div class=\"a-size-base\"> <i class=\"a-icon a-icon-star-small a-star-small-5 a-spacing-none\"><span class=\"a-icon-alt\">4.8 Nga 5 yje<\/span><\/i> <span class=\"a-size-mini a-color-base\">4.513<\/span> <\/div>\n<\/p>\n<\/div>\n<\/td>\n<td class=\"apm-tablemodule-valuecell apm-checked\" style=\"width:191px\">\n<div class=\"\">\n<div class=\"a-size-base\"> <i class=\"a-icon a-icon-star-small a-star-small-4-5 a-spacing-none\"><span class=\"a-icon-alt\">4.7 Nga 5 yje<\/span><\/i> <span class=\"a-size-mini a-color-base\">238<\/span> <\/div>\n<\/p>\n<\/div>\n<\/td>\n<td class=\"apm-tablemodule-valuecell apm-checked\" style=\"width:191px\">\n<div class=\"\">\n<div class=\"a-size-base\"> <i class=\"a-icon a-icon-star-small a-star-small-5 a-spacing-none\"><span class=\"a-icon-alt\">4.8 Nga 5 yje<\/span><\/i> <span class=\"a-size-mini a-color-base\">880<\/span> <\/div>\n<\/p>\n<\/div>\n<\/td>\n<td class=\"apm-tablemodule-valuecell apm-checked\" style=\"width:191px\">\n<div class=\"\">\n<div class=\"a-size-base\"> <i class=\"a-icon a-icon-star-small a-star-small-5 a-spacing-none\"><span class=\"a-icon-alt\">4.8 Nga 5 yje<\/span><\/i> <span class=\"a-size-mini a-color-base\">478<\/span> <\/div>\n<\/p>\n<\/div>\n<\/td>\n<td class=\"apm-tablemodule-valuecell apm-checked\" style=\"width:191px\">\n<div class=\"\">\n<div class=\"a-size-base\"> <i class=\"a-icon a-icon-star-small a-star-small-4-5 a-spacing-none\"><span class=\"a-icon-alt\">4.7 Nga 5 yje<\/span><\/i> <span class=\"a-size-mini a-color-base\">5.138<\/span> <\/div>\n<\/p>\n<\/div>\n<\/td>\n<\/tr>\n<tr class=\"apm-tablemodule-keyvalue\">\n<th class=\"apm-tablemodule-keyhead\"> <span class=\"a-color-secondary\"> \u00c7mimi <\/span> <\/th>\n<td class=\"apm-tablemodule-valuecell apm-checked\" style=\"width:191px\"> <span class=\"a-price\" data-a-size=\"medium_plus\" data-a-color=\"base\"><span class=\"a-offscreen\">R$ 65.10<\/span><span aria-hidden=\"true\"><span class=\"a-price-symbol\">R$<\/span><span class=\"a-price-whole\">65<span class=\"a-price-decimal\">,<\/span><\/span><span class=\"a-price-fraction\">10<\/span><\/span><\/span> <\/td>\n<td class=\"apm-tablemodule-valuecell apm-checked\" style=\"width:191px\"> <span class=\"a-price\" data-a-size=\"medium_plus\" data-a-color=\"base\"><span class=\"a-offscreen\">R$ 92,61<\/span><span aria-hidden=\"true\"><span class=\"a-price-symbol\">R$<\/span><span class=\"a-price-whole\">92<span class=\"a-price-decimal\">,<\/span><\/span><span class=\"a-price-fraction\">61<\/span><\/span><\/span> <\/td>\n<td class=\"apm-tablemodule-valuecell apm-checked\" style=\"width:191px\"> <span class=\"a-price\" data-a-size=\"medium_plus\" data-a-color=\"base\"><span class=\"a-offscreen\">R$ 49,41<\/span><span aria-hidden=\"true\"><span class=\"a-price-symbol\">R$<\/span><span class=\"a-price-whole\">49<span class=\"a-price-decimal\">,<\/span><\/span><span class=\"a-price-fraction\">41<\/span><\/span><\/span> <\/td>\n<td class=\"apm-tablemodule-valuecell apm-checked\" style=\"width:191px\"> <span class=\"a-price\" data-a-size=\"medium_plus\" data-a-color=\"base\"><span class=\"a-offscreen\">R$ 74,61<\/span><span aria-hidden=\"true\"><span class=\"a-price-symbol\">R$<\/span><span class=\"a-price-whole\">74<span class=\"a-price-decimal\">,<\/span><\/span><span class=\"a-price-fraction\">61<\/span><\/span><\/span> <\/td>\n<td class=\"apm-tablemodule-valuecell apm-checked\" style=\"width:191px\"> <span class=\"a-price\" data-a-size=\"medium_plus\" data-a-color=\"base\"><span class=\"a-offscreen\">R$ 49,41<\/span><span aria-hidden=\"true\"><span class=\"a-price-symbol\">R$<\/span><span class=\"a-price-whole\">49<span class=\"a-price-decimal\">,<\/span><\/span><span class=\"a-price-fraction\">41<\/span><\/span><\/span> <\/td>\n<\/tr>\n<tr class=\"apm-tablemodule-keyvalue\">\n<th class=\"apm-tablemodule-keyhead\"> <span class=\"a-color-secondary\"> Njihni tituj t\u00eb tjer\u00eb t\u00eb ngjash\u00ebm <\/span> <\/th>\n<td class=\"apm-tablemodule-valuecell\" style=\"width:191px\"> <span class=\"a-size-base\"> T\u00eb brendshme <\/span> <\/td>\n<td class=\"apm-tablemodule-valuecell\" style=\"width:191px\"> <span class=\"a-size-base\"> T\u00eb brendshme <\/span> <\/td>\n<td class=\"apm-tablemodule-valuecell\" style=\"width:191px\"> <span class=\"a-size-base\"> T\u00eb brendshme <\/span> <\/td>\n<td class=\"apm-tablemodule-valuecell\" style=\"width:191px\"> <span class=\"a-size-base\"> T\u00eb brendshme <\/span> <\/td>\n<td class=\"apm-tablemodule-valuecell\" style=\"width:191px\"> <span class=\"a-size-base\"> T\u00eb brendshme <\/span> <\/td>\n<\/tr>\n<\/tbody>\n<\/table>\n<\/div>\n<\/div>\n<\/div>\n<\/div>\n<\/div>\n<\/div>\n<\/div>\n<\/div>\n<h3>Detajet e produktit<\/h3>\n<ul>\n<li>ASIN: B0BL5T4JJ7<\/li>\n<li>Botuesi: Intrinsic<\/li>\n<li>Aksesueshm\u00ebria: M\u00ebsoni m\u00eb shum\u00eb<\/li>\n<li>Data e publikimit: 2 dhjetor 2022<\/li>\n<li>Gjuha: portugalisht<\/li>\n<li>Madh\u00ebsia e skedarit: 19,2 MB<\/li>\n<li>Lexuesi i ekranit: I pajtuesh\u00ebm<\/li>\n<li>Konfigurimi i shkronjave: Aktivizohet<\/li>\n<li>K\u00ebshilla p\u00ebr fjalorin: Nuk \u00ebsht\u00eb aktivizuar<\/li>\n<li>Numri i faqeve: 806 faqe<\/li>\n<li>ISBN-13:978-6555603330<\/li>\n<li>Flip i faqes: Aktivizohet<\/li>\n<li>Mosha e leximit: 16 vje\u00e7 e lart<\/li>\n<li>Renditja e shit\u00ebsve m\u00eb t\u00eb mir\u00eb: Nr 16,041 n\u00eb Kindle Store (Takoni 100 m\u00eb t\u00eb mir\u00ebt n\u00eb kategorin\u00eb Kindle Store) Nr 10 n\u00eb Biografit\u00eb e Shkenc\u00ebtar\u00ebve Nr 268 n\u00eb Biografi dhe autobiografi<\/li>\n<li>10 N\u00eb Biografit\u00eb e Shkenc\u00ebtar\u00ebve<\/li>\n<li>268 N\u00eb Biografi dhe Autobiografi<\/li>\n<li>Vler\u00ebsimet e klient\u00ebve: 4.8 4.8 nga 5 yje (616)<\/li>\n<\/ul><\/div>","protected":false},"excerpt":{"rendered":"<p>Biografia e bashk\u00ebthemeluesit brilant dhe kontrovers t\u00eb Apple, nga autori n\u00eb mod\u00eb i Leonardo da Vin\u00e7it, \u00ebsht\u00eb rilan\u00e7uar n\u00eb edicionin e ri Bazuar n\u00eb m\u00eb shum\u00eb se dyzet intervista t\u00eb kryera me Steve Jobs gjat\u00eb dy viteve dhe disa t\u00eb tjera t\u00eb realizuara me m\u00eb shum\u00eb se nj\u00ebqind familje, miq, kund\u00ebrshtar\u00eb, konkurrent\u00eb dhe bashk\u00ebpun\u00ebtor\u00eb , Walter Isaacson paraqet n\u00eb k\u00ebt\u00eb biografi trajektoren magjeps\u00ebse t\u00eb nj\u00eb ikone. Intensiv, me personalitet t\u00eb fort\u00eb dhe me pasion, Jobs jetoi lart e posht\u00eb dhe revolucionarizoi karakterin e kompjuter\u00ebve personal\u00eb, filmat e animuar, muzik\u00ebn, celularin, llogaritjen e ndaluar t\u00eb personalitetit dhe mediat dixhitale. <\/p>","protected":false},"featured_media":91654,"comment_status":"open","ping_status":"closed","template":"","meta":[],"product_cat":[1625,1608,1607],"product_tag":[],"class_list":{"0":"post-91654","1":"product","2":"type-product","3":"status-publish","4":"has-post-thumbnail","6":"product_brand-por-walter-isaacson-autor-rogerio-w-galindo-tradutor-formato-ebook-kindle","7":"product_cat-biografias-e-historias-reais","8":"product_cat-ebooks-kindle","9":"product_cat-loja-kindle","11":"first","12":"instock","13":"sale","14":"shipping-taxable","15":"purchasable","16":"product-type-simple"},"aioseo_notices":[],"_links":{"self":[{"href":"https:\/\/www.ecommerceupdate.com.br\/sq\/wp-json\/wp\/v2\/product\/91654","targetHints":{"allow":["GET"]}}],"collection":[{"href":"https:\/\/www.ecommerceupdate.com.br\/sq\/wp-json\/wp\/v2\/product"}],"about":[{"href":"https:\/\/www.ecommerceupdate.com.br\/sq\/wp-json\/wp\/v2\/types\/product"}],"replies":[{"embeddable":true,"href":"https:\/\/www.ecommerceupdate.com.br\/sq\/wp-json\/wp\/v2\/comments?post=91654"}],"wp:featuredmedia":[{"embeddable":true,"href":"https:\/\/www.ecommerceupdate.com.br\/sq\/wp-json\/wp\/v2\/product\/91654"}],"wp:attachment":[{"href":"https:\/\/www.ecommerceupdate.com.br\/sq\/wp-json\/wp\/v2\/media?parent=91654"}],"wp:term":[{"taxonomy":"product_cat","embeddable":true,"href":"https:\/\/www.ecommerceupdate.com.br\/sq\/wp-json\/wp\/v2\/product_cat?post=91654"},{"taxonomy":"product_tag","embeddable":true,"href":"https:\/\/www.ecommerceupdate.com.br\/sq\/wp-json\/wp\/v2\/product_tag?post=91654"}],"curies":[{"name":"wp","href":"https:\/\/api.w.org\/{rel}","templated":true}]}}