{"id":91682,"date":"2026-02-07T21:07:28","date_gmt":"2026-02-08T00:07:28","guid":{"rendered":"https:\/\/www.ecommerceupdate.org\/produto\/lgpd-e-e-commerce\/"},"modified":"2026-03-13T15:25:29","modified_gmt":"2026-03-13T18:25:29","slug":"lgpd-e-e-commerce","status":"publish","type":"product","link":"https:\/\/www.ecommerceupdate.com.br\/sq\/produto\/lgpd-e-e-commerce\/","title":{"rendered":"LGPD dhe E tregtis\u00eb"},"content":{"rendered":"<div class=\"woocommerce-product-details\">\n<h3>Detajet e produktit<\/h3>\n<ul>\n<li>Botues: Saraiva Jur (sipas k\u00ebrkes\u00ebs<\/li>\n<li>Data e publikimit: 13 qershor 2021<\/li>\n<li>Botimi: 2<\/li>\n<li>Gjuha: portugalisht<\/li>\n<li>Numri i faqeve: 296 faqe<\/li>\n<li>ISBN-10:655559814X<\/li>\n<li>ISBN-13:978-6555598148<\/li>\n<li>Pesha e produktit: 320 g<\/li>\n<li>P\u00ebrmasat: 20,8 x 14 x 1,6 cm<\/li>\n<li>Renditja e shit\u00ebsve m\u00eb t\u00eb mir\u00eb: Nr 140,449 n\u00eb libra (Takoni 100 m\u00eb t\u00eb mir\u00ebt n\u00eb kategorin\u00eb e librave) Nr 890 n\u00eb Perspektivat Rreth Ligjit Profesional dhe Teknik Nr 1,185 n\u00eb Specialitetet Profesionale dhe Teknike<\/li>\n<li>890 N\u00eb Perspektivat Rreth Ligjit Profesional dhe Teknik<\/li>\n<li>1185 n\u00eb Specialitete Profesionale dhe Teknike<\/li>\n<li>Vler\u00ebsimet e klient\u00ebve: 4.6 4.6 nga 5 yje (11)<\/li>\n<\/ul><\/div>","protected":false},"excerpt":{"rendered":"<p>O mais novo livro do Professor Tarcisio Teixeira vem atender ao anseio de estudantes, professores, advogados, ju\u00edzes, promotores e procuradores, bem como profi ssionais da \u00e1rea da Inform\u00e1tica e Tecnologia da Informa\u00e7\u00e3o como um todo, administradores de empresas e economistas.\u00c9 uma obra in\u00e9dita, inovadora e surpreendente, pois trata do com\u00e9rcio eletr\u00f4nico de acordo com as novas leis sobre a rede mundial de computadores, ou seja, o Marco Civil da Internet (Lei n. 12.965\/2014) e a Regulamenta\u00e7\u00e3o do E-commerce brasileiro (Decreto n. 7.962\/2013). Al\u00e9m disso, estuda a aplica\u00e7\u00e3o do C\u00f3digo Civil, do C\u00f3digo de Defesa do Consumidor, da Lei da Entrega Agendada e da Constitui\u00e7\u00e3o Federal ao tema.O autor analisa as v\u00e1rias modalidades de intermedia\u00e7\u00e3o e de venda que podem ocorrer na internet, al\u00e9m dos novos modelos de neg\u00f3cios no ambiente virtual; examina tamb\u00e9m os direitos e deveres daqueles que operam no com\u00e9rcio eletr\u00f4nico: vendedores, intermedi\u00e1rios, comparadores, buscadores, provedores, prestadores de servi\u00e7o, gestoras de pagamento, compras coletivas, bancos e administradoras de cart\u00e3o de cr\u00e9dito.S\u00e3o verifi cadas as v\u00e1rias facetas do com\u00e9rcio eletr\u00f4nico: seu desenvolvimento, as inova\u00e7\u00f5es, as compras coletivas, os intermedi\u00e1rios, os meios de pagamento (cart\u00e3o de cr\u00e9dito, d\u00e9bito em conta, boleto banc\u00e1rio e gest\u00e3o de pagamento), a prote\u00e7\u00e3o dos consumidores e as responsabilidades dos fornecedores.A obra alcan\u00e7a os temas da responsabilidade civil, como a solidariedade e a subsidiariedade entre os agentes que operam no com\u00e9rcio eletr\u00f4nico; a responsabilidade contratual, extracontratual; as hip\u00f3teses de responsabiliza\u00e7\u00e3o subjetiva e objetiva; os defeitos e v\u00edcios dos produtos e dos servi\u00e7os; e o nexo causal e as excludentes de responsabilidade.Trata-se de um livro descomplicado e sistematizado, pois foi escrito de forma muito did\u00e1tica, a fi m de facilitar a compreens\u00e3o. \u00c9 tamb\u00e9m muito pr\u00e1tico e organizado, sendo que foram utilizados recursos que destacam assuntos e palavras no texto, buscando chamar a aten\u00e7\u00e3o do leitor e facilitar e aperfei\u00e7oar a leitura.Traz muitos exemplos pr\u00e1ticos, do cotidiano das pessoas em geral, alunos, profi ssionais e usu\u00e1rios da internet a fi m de melhor ilustrar as situa\u00e7\u00f5es, facilitando a compreens\u00e3o e assimila\u00e7\u00e3o dos leitores. H\u00e1 tamb\u00e9m \u00edndice alfab\u00e9tico-remissivo, que facilita muito a pesquisa.Conta com a atual posi\u00e7\u00e3o dos Tribunais, e principalmente do STJ (Superior Tribunal de Justi\u00e7a), sem preju\u00edzo da excelente bibliografi a, bem como das cita\u00e7\u00f5es da doutrina, jurisprud\u00eancia e legisla\u00e7\u00e3o estrangeira, sobretudo americana e europeia.Dessa forma, este \u00e9 um livro que procura unir a teoria de um professor com a pr\u00e1tica de um advogado, consubstanciado na experi\u00eancia do autor, por sua carreira de docente-pesquisador e seu exerc\u00edcio da advocacia.<\/p>","protected":false},"featured_media":91682,"comment_status":"open","ping_status":"closed","template":"","meta":[],"product_cat":[1609,1702,1595],"product_tag":[],"class_list":{"0":"post-91682","1":"product","2":"type-product","3":"status-publish","4":"has-post-thumbnail","6":"product_brand-edicao-portugus-por-tarcisio-teixeira-autor","7":"product_cat-direito","8":"product_cat-especialidades","9":"product_cat-livros","11":"first","12":"instock","13":"sale","14":"shipping-taxable","15":"purchasable","16":"product-type-simple"},"aioseo_notices":[],"_links":{"self":[{"href":"https:\/\/www.ecommerceupdate.com.br\/sq\/wp-json\/wp\/v2\/product\/91682","targetHints":{"allow":["GET"]}}],"collection":[{"href":"https:\/\/www.ecommerceupdate.com.br\/sq\/wp-json\/wp\/v2\/product"}],"about":[{"href":"https:\/\/www.ecommerceupdate.com.br\/sq\/wp-json\/wp\/v2\/types\/product"}],"replies":[{"embeddable":true,"href":"https:\/\/www.ecommerceupdate.com.br\/sq\/wp-json\/wp\/v2\/comments?post=91682"}],"wp:featuredmedia":[{"embeddable":true,"href":"https:\/\/www.ecommerceupdate.com.br\/sq\/wp-json\/wp\/v2\/product\/91682"}],"wp:attachment":[{"href":"https:\/\/www.ecommerceupdate.com.br\/sq\/wp-json\/wp\/v2\/media?parent=91682"}],"wp:term":[{"taxonomy":"product_cat","embeddable":true,"href":"https:\/\/www.ecommerceupdate.com.br\/sq\/wp-json\/wp\/v2\/product_cat?post=91682"},{"taxonomy":"product_tag","embeddable":true,"href":"https:\/\/www.ecommerceupdate.com.br\/sq\/wp-json\/wp\/v2\/product_tag?post=91682"}],"curies":[{"name":"wp","href":"https:\/\/api.w.org\/{rel}","templated":true}]}}