{"id":93225,"date":"2026-03-01T09:31:52","date_gmt":"2026-03-01T12:31:52","guid":{"rendered":"https:\/\/www.ecommerceupdate.com.br\/produto\/dominando-a-ia\/"},"modified":"2026-03-13T15:27:17","modified_gmt":"2026-03-13T18:27:17","slug":"dominando-a-ia","status":"publish","type":"product","link":"https:\/\/www.ecommerceupdate.com.br\/sq\/produto\/dominando-a-ia\/","title":{"rendered":"Zot\u00ebrimi i AI"},"content":{"rendered":"<div class=\"woocommerce-product-details\"><\/div>","protected":false},"excerpt":{"rendered":"<p>\u201cSI AI E V\u00cb DEMOKRACIN\u00cb N\u00cb RREZIK DHE NDRYSHON M\u00cbNYR\u00cbN TON\u00cb T\u00cb T\u00cb MENDUARIT\u201d<\/p>\n<p>Gazetari i revist\u00ebs Fortune, Jeremy Kahn, bazohet n\u00eb t\u00eb gjith\u00eb ekspertiz\u00ebn e tij dhe nj\u00eb rrjet t\u00eb gjer\u00eb kontaktesh midis kompanive dhe shkenc\u00ebtar\u00ebve q\u00eb jan\u00eb n\u00eb ball\u00eb t\u00eb Inteligjenc\u00ebs Artificiale p\u00ebr t\u00eb b\u00ebr\u00eb parashikime me ndikim rreth efektit t\u00eb k\u00ebsaj teknologjie gjat\u00eb dekad\u00ebs s\u00eb ardhshme.<\/p>\n<p>Autori parashikon q\u00eb brenda pes\u00eb viteve t\u00eb ardhshme, AI do t\u00eb prek\u00eb t\u00eb gjith\u00eb sektor\u00ebt dhe nd\u00ebrmarrjet ekonomike, duke rritur n\u00eb m\u00ebnyr\u00eb dramatike efikasitetin dhe produktivitetin. Megjithat\u00eb, megjith\u00ebse parashikimet tregojn\u00eb nj\u00eb t\u00eb ardhme t\u00eb ndritur, AI sjell me vete edhe nj\u00eb hije frike dhe pasigurie.<\/p>\n<p>Me avantazhin e aksesit t\u00eb privilegjuar te lider\u00ebt, shkenc\u00ebtar\u00ebt, futurist\u00ebt dhe protagonist\u00ebt e tjer\u00eb t\u00eb k\u00ebtij realiteti t\u00eb ri, Kahn argumenton se n\u00ebse AI nuk \u00ebsht\u00eb projektuar me kujdes dhe rregulluar me rigorozitet, ajo do t\u00eb shkaktoj\u00eb ulje pagash dhe rritje t\u00eb pabarazis\u00eb s\u00eb t\u00eb ardhurave, duke imponuar tregje t\u00eb monopolizuara n\u00eb pjes\u00ebn m\u00eb t\u00eb madhe t\u00eb ekonomis\u00eb.<br \/>Zot\u00ebrimi i AI sh\u00ebrben si nj\u00eb udh\u00ebzues i r\u00ebnd\u00ebsish\u00ebm p\u00ebr k\u00ebdo q\u00eb d\u00ebshiron t\u00eb kuptoj\u00eb p\u00ebrparimin shp\u00ebrthyes t\u00eb AI dhe at\u00eb q\u00eb na pret p\u00ebrpara.<\/p>","protected":false},"featured_media":93225,"comment_status":"open","ping_status":"closed","template":"","meta":[],"product_cat":[1615,1608,1607],"product_tag":[],"class_list":{"0":"post-93225","1":"product","2":"type-product","3":"status-publish","4":"has-post-thumbnail","6":"product_brand-por-jeremy-kahn-autor-formato-ebook-kindle","7":"product_cat-ciencias","8":"product_cat-ebooks-kindle","9":"product_cat-loja-kindle","11":"first","12":"instock","13":"sale","14":"shipping-taxable","15":"purchasable","16":"product-type-simple"},"aioseo_notices":[],"_links":{"self":[{"href":"https:\/\/www.ecommerceupdate.com.br\/sq\/wp-json\/wp\/v2\/product\/93225","targetHints":{"allow":["GET"]}}],"collection":[{"href":"https:\/\/www.ecommerceupdate.com.br\/sq\/wp-json\/wp\/v2\/product"}],"about":[{"href":"https:\/\/www.ecommerceupdate.com.br\/sq\/wp-json\/wp\/v2\/types\/product"}],"replies":[{"embeddable":true,"href":"https:\/\/www.ecommerceupdate.com.br\/sq\/wp-json\/wp\/v2\/comments?post=93225"}],"wp:featuredmedia":[{"embeddable":true,"href":"https:\/\/www.ecommerceupdate.com.br\/sq\/wp-json\/wp\/v2\/product\/93225"}],"wp:attachment":[{"href":"https:\/\/www.ecommerceupdate.com.br\/sq\/wp-json\/wp\/v2\/media?parent=93225"}],"wp:term":[{"taxonomy":"product_cat","embeddable":true,"href":"https:\/\/www.ecommerceupdate.com.br\/sq\/wp-json\/wp\/v2\/product_cat?post=93225"},{"taxonomy":"product_tag","embeddable":true,"href":"https:\/\/www.ecommerceupdate.com.br\/sq\/wp-json\/wp\/v2\/product_tag?post=93225"}],"curies":[{"name":"wp","href":"https:\/\/api.w.org\/{rel}","templated":true}]}}