{"id":93228,"date":"2026-03-01T09:32:48","date_gmt":"2026-03-01T12:32:48","guid":{"rendered":"https:\/\/www.ecommerceupdate.com.br\/produto\/universo-do-e-commerce-portuguese-edition\/"},"modified":"2026-04-14T18:41:48","modified_gmt":"2026-04-14T21:41:48","slug":"universo-do-e-commerce-portuguese-edition","status":"publish","type":"product","link":"https:\/\/www.ecommerceupdate.com.br\/sq\/produto\/universo-do-e-commerce-portuguese-edition\/","title":{"rendered":"Universi i tregtis\u00eb elektronike (Edicioni Portugez)"},"content":{"rendered":"<div class=\"woocommerce-product-details\">\n<h3>Detajet e produktit<\/h3>\n<ul>\n<li>ASIN: B09S61Z23C<\/li>\n<li>Botuesi: Botuar n\u00eb m\u00ebnyr\u00eb t\u00eb pavarur<\/li>\n<li>Data e publikimit: 13 janar 2022<\/li>\n<li>Gjuha: portugalisht<\/li>\n<li>Numri i faqeve: 284 faqe<\/li>\n<li>ISBN-13:979-8401405098<\/li>\n<li>Pesha e produktit: 494 g<\/li>\n<li>P\u00ebrmasat: 15,24 x 1,63 x 22,86 cm<\/li>\n<li>Renditja e shit\u00ebsve m\u00eb t\u00eb mir\u00eb: Nr 123 n\u00eb K\u00ebrkim dhe Arsim Nr 301 n\u00eb Zhvillim Profesional dhe Teknik<\/li>\n<li>301 Zhvillimi Profesional dhe Teknik<\/li>\n<li>Vler\u00ebsimet e klient\u00ebve: 4.3 4.3 nga 5 yje (20)<\/li>\n<\/ul><\/div>","protected":false},"excerpt":{"rendered":"<p>Universi i tregtis\u00eb elektronike \u00ebsht\u00eb shkruar p\u00ebr ata q\u00eb jan\u00eb t\u00eb interesuar n\u00eb tregtin\u00eb elektronike ose q\u00eb tashm\u00eb operojn\u00eb me kanale dixhitale dhe duan t\u00eb njohin teknika dhe koncepte t\u00eb reja. Ky lib\u00ebr duhet t\u00eb transmetoj\u00eb njohuri n\u00eb nj\u00eb m\u00ebnyr\u00eb q\u00eb funksionon si udh\u00ebzues p\u00ebr t\u00eb ofruar nj\u00eb pamje makro e gjith\u00e7kaje q\u00eb p\u00ebrfshin tregtin\u00eb elektronike. Shkat\u00ebrrimi i temave q\u00eb lidhen me modelet dhe operacionet e biznesit, pikat e marketingut, sh\u00ebrbimin dhe logjistik\u00ebn, si dhe temat q\u00eb lidhen me teknologjin\u00eb, sistemet dhe integrimet, aksesin dhe sigurin\u00eb e informacionit. P\u00ebr lexuesit m\u00eb me p\u00ebrvoj\u00eb, ky lib\u00ebr mund t\u00eb sh\u00ebrbej\u00eb si nj\u00eb kanal konsultimi, ku \u00e7do kapitull mund t\u00eb trajtoj\u00eb \u00e7\u00ebshtje specifike dhe q\u00eb lidhen me funksionimin e tij P\u00ebr lexuesit q\u00eb po fillojn\u00eb udh\u00ebtimin n\u00eb k\u00ebt\u00eb bot\u00eb, mund t\u00eb p\u00ebrfitojn\u00eb pozitivisht nga tregtia elektronike, p\u00ebr shkak t\u00eb fillimit t\u00eb bot\u00ebs, mund t\u00eb p\u00ebrdorin k\u00ebt\u00eb kapitull, e-wise, shum\u00eb m\u00eb tep\u00ebr.<\/p>","protected":false},"featured_media":93228,"comment_status":"open","ping_status":"closed","template":"","meta":{"_aipt_faq_data":""},"product_cat":[1653,1730,1595],"product_tag":[],"class_list":{"0":"post-93228","1":"product","2":"type-product","3":"status-publish","4":"has-post-thumbnail","6":"product_brand-por-fellipe-guimares-autor","7":"product_cat-educacao-referencia-e-didaticos","8":"product_cat-escolas-e-ensino","9":"product_cat-livros","11":"first","12":"instock","13":"shipping-taxable","14":"purchasable","15":"product-type-simple"},"aioseo_notices":[],"_links":{"self":[{"href":"https:\/\/www.ecommerceupdate.com.br\/sq\/wp-json\/wp\/v2\/product\/93228","targetHints":{"allow":["GET"]}}],"collection":[{"href":"https:\/\/www.ecommerceupdate.com.br\/sq\/wp-json\/wp\/v2\/product"}],"about":[{"href":"https:\/\/www.ecommerceupdate.com.br\/sq\/wp-json\/wp\/v2\/types\/product"}],"replies":[{"embeddable":true,"href":"https:\/\/www.ecommerceupdate.com.br\/sq\/wp-json\/wp\/v2\/comments?post=93228"}],"wp:featuredmedia":[{"embeddable":true,"href":"https:\/\/www.ecommerceupdate.com.br\/sq\/wp-json\/wp\/v2\/product\/93228"}],"wp:attachment":[{"href":"https:\/\/www.ecommerceupdate.com.br\/sq\/wp-json\/wp\/v2\/media?parent=93228"}],"wp:term":[{"taxonomy":"product_cat","embeddable":true,"href":"https:\/\/www.ecommerceupdate.com.br\/sq\/wp-json\/wp\/v2\/product_cat?post=93228"},{"taxonomy":"product_tag","embeddable":true,"href":"https:\/\/www.ecommerceupdate.com.br\/sq\/wp-json\/wp\/v2\/product_tag?post=93228"}],"curies":[{"name":"wp","href":"https:\/\/api.w.org\/{rel}","templated":true}]}}