{"id":93372,"date":"2026-03-03T23:00:48","date_gmt":"2026-03-04T02:00:48","guid":{"rendered":"https:\/\/www.ecommerceupdate.com.br\/produto\/marketplace-teoria-e-pratica-2\/"},"modified":"2026-03-13T15:28:34","modified_gmt":"2026-03-13T18:28:34","slug":"marketplace-teoria-e-pratica-2","status":"publish","type":"product","link":"https:\/\/www.ecommerceupdate.com.br\/sq\/produto\/marketplace-teoria-e-pratica-2\/","title":{"rendered":"Tregu: Teoria dhe Praktika"},"content":{"rendered":"<div class=\"woocommerce-product-details\">\n<h3>Detajet e produktit<\/h3>\n<ul>\n<li>ASIN: B0BY5DPNLS<\/li>\n<li>Botues: Alexandre Villar\/Soul Publisher<\/li>\n<li>Aksesueshm\u00ebria: M\u00ebsoni m\u00eb shum\u00eb<\/li>\n<li>Data e publikimit: 10 Mars 2023<\/li>\n<li>Botimi: 2<\/li>\n<li>Gjuha: portugalisht<\/li>\n<li>Madh\u00ebsia e skedarit: 2.1 MB<\/li>\n<li>Lexuesi i ekranit: I pajtuesh\u00ebm<\/li>\n<li>Konfigurimi i shkronjave: Aktivizohet<\/li>\n<li>K\u00ebshilla p\u00ebr fjalorin: Nuk \u00ebsht\u00eb aktivizuar<\/li>\n<li>Numri i faqeve: 282 faqe<\/li>\n<li>ISBN-13:978-6586178906<\/li>\n<li>Flip i faqes: Aktivizohet<\/li>\n<li>Mosha e leximit: 13 18 vje\u00e7<\/li>\n<li>Renditja e shit\u00ebsve m\u00eb t\u00eb mir\u00eb: Nr 278,659 n\u00eb Kindle Store (Takoni 100 m\u00eb t\u00eb mir\u00ebt n\u00eb kategorin\u00eb Kindle Store) Nr 124 n\u00eb Sh\u00ebrbimin e Klientit Nr 294 n\u00eb Web Marketing Nr 1,720 n\u00eb Marketing dhe Shitje<\/li>\n<li>124 N\u00eb sh\u00ebrbimin ndaj klientit<\/li>\n<li>294 N\u00eb Web Marketing<\/li>\n<li>1720 n\u00eb Marketing dhe Shitje<\/li>\n<\/ul><\/div>","protected":false},"excerpt":{"rendered":"<p>P\u00ebrball\u00eb nj\u00eb bote plot risi dhe nj\u00eb tregu me pakic\u00eb q\u00eb k\u00ebrkon drejtime t\u00eb reja p\u00ebr shitjet e tij, shitja n\u00eb treg \u00ebsht\u00eb b\u00ebr\u00eb nj\u00eb rrug\u00eb shum\u00eb interesante p\u00ebr mij\u00ebra kompani. Duke p\u00ebrfituar nga dukshm\u00ebria q\u00eb kan\u00eb portalet e m\u00ebdha p\u00ebr blerjen e klient\u00ebve, hyrja n\u00eb k\u00ebt\u00eb treg inovativ ka shfryt\u00ebzimet dhe rreziqet e veta. T\u00eb kuptuarit p\u00ebr \u00e7do detaj t\u00eb tregut dhe v\u00ebshtir\u00ebsit\u00eb e tij do ta b\u00ebj\u00eb pun\u00ebn tuaj shum\u00eb m\u00eb t\u00eb leht\u00eb. N\u00eb k\u00ebt\u00eb lib\u00ebr, ju mund t\u00eb gjeni zgjidhjen p\u00ebr disa prej tyre dhe t\u00eb b\u00ebheni nj\u00eb sip\u00ebrmarr\u00ebs i suksessh\u00ebm.<\/p>","protected":false},"featured_media":93372,"comment_status":"open","ping_status":"closed","template":"","meta":[],"product_cat":[1611,1613,1595],"product_tag":[],"class_list":{"0":"post-93372","1":"product","2":"type-product","3":"status-publish","4":"has-post-thumbnail","6":"product_brand-por-alexandre-villar-autor-formato-ebook-kindle","7":"product_cat-administracao-negocios-e-economia","8":"product_cat-industrias-e-profissoes","9":"product_cat-livros","11":"first","12":"instock","13":"shipping-taxable","14":"purchasable","15":"product-type-simple"},"aioseo_notices":[],"_links":{"self":[{"href":"https:\/\/www.ecommerceupdate.com.br\/sq\/wp-json\/wp\/v2\/product\/93372","targetHints":{"allow":["GET"]}}],"collection":[{"href":"https:\/\/www.ecommerceupdate.com.br\/sq\/wp-json\/wp\/v2\/product"}],"about":[{"href":"https:\/\/www.ecommerceupdate.com.br\/sq\/wp-json\/wp\/v2\/types\/product"}],"replies":[{"embeddable":true,"href":"https:\/\/www.ecommerceupdate.com.br\/sq\/wp-json\/wp\/v2\/comments?post=93372"}],"wp:featuredmedia":[{"embeddable":true,"href":"https:\/\/www.ecommerceupdate.com.br\/sq\/wp-json\/wp\/v2\/product\/93372"}],"wp:attachment":[{"href":"https:\/\/www.ecommerceupdate.com.br\/sq\/wp-json\/wp\/v2\/media?parent=93372"}],"wp:term":[{"taxonomy":"product_cat","embeddable":true,"href":"https:\/\/www.ecommerceupdate.com.br\/sq\/wp-json\/wp\/v2\/product_cat?post=93372"},{"taxonomy":"product_tag","embeddable":true,"href":"https:\/\/www.ecommerceupdate.com.br\/sq\/wp-json\/wp\/v2\/product_tag?post=93372"}],"curies":[{"name":"wp","href":"https:\/\/api.w.org\/{rel}","templated":true}]}}