{"id":93857,"date":"2026-03-05T21:55:38","date_gmt":"2026-03-06T00:55:38","guid":{"rendered":"https:\/\/www.ecommerceupdate.com.br\/produto\/marketing-de-varejo\/"},"modified":"2026-05-13T10:34:49","modified_gmt":"2026-05-13T13:34:49","slug":"marketing-de-varejo","status":"publish","type":"product","link":"https:\/\/www.ecommerceupdate.com.br\/sq\/produto\/marketing-de-varejo\/","title":{"rendered":"Marketingu me pakic\u00eb"},"content":{"rendered":"<div class=\"woocommerce-product-details\">\n<h3>Detajet e produktit<\/h3>\n<ul>\n<li>Botuesi: Atlas<\/li>\n<li>Data e publikimit: 17 n\u00ebntor 2006<\/li>\n<li>Botim: 4a<\/li>\n<li>Gjuha: portugalisht<\/li>\n<li>Numri i faqeve: 376 faqe<\/li>\n<li>ISBN-10:8522445524<\/li>\n<li>ISBN-13:978-8522445523<\/li>\n<li>Pesha e produktit: 640 g<\/li>\n<li>P\u00ebrmasat: 23,8 x 17 x 2 cm<\/li>\n<li>Renditja e shit\u00ebsve m\u00eb t\u00eb mir\u00eb: Nr 578,843 n\u00eb libra (Takoni 100 m\u00eb t\u00eb mir\u00ebt n\u00eb kategorin\u00eb e librave) Nr 2,011 n\u00eb marketing nr 10,292 n\u00eb menaxhim dhe lidership nr 39,195 n\u00eb festa dhe festivale F\u00ebmij\u00eb dhe f\u00ebmij\u00eb<\/li>\n<li>2011 n\u00eb Marketing<\/li>\n<li>10,292 n\u00eb Menaxhim dhe Lidership<\/li>\n<li>39.195 N\u00eb festa dhe festivale F\u00ebmij\u00ebt dhe F\u00ebmij\u00ebt dhe t\u00eb Rinjt\u00eb<\/li>\n<li>Vler\u00ebsimet e klient\u00ebve: 5.0 5.0 nga 5 yje (1)<\/li>\n<\/ul><\/div>","protected":false},"excerpt":{"rendered":"<p>N\u00eb gam\u00ebn e sh\u00ebrbimeve, ekziston aktiviteti i shitjes me pakic\u00eb, i cili gjeneron pun\u00ebsim p\u00ebr pjes\u00ebn m\u00eb t\u00eb madhe t\u00eb popullsis\u00eb braziliane. Pavar\u00ebsisht r\u00ebnd\u00ebsis\u00eb s\u00eb tij p\u00ebr ekonomin\u00eb dhe shoq\u00ebrin\u00eb, ka pak libra t\u00eb specializuar n\u00eb k\u00ebt\u00eb tem\u00eb. P\u00ebr t\u00eb mbushur k\u00ebt\u00eb boshll\u00ebk n\u00eb literatur\u00ebn e tregut brazilian, autori hulumtoi vepra t\u00eb huaja dhe komb\u00ebtare q\u00eb, duke shtuar p\u00ebrvoj\u00ebn e tij si m\u00ebsues i marketingut me pakic\u00eb, ofruan p\u00ebrgatitjen e nj\u00eb libri praktik dhe aktual, t\u00eb p\u00ebrshtatur me nevojat braziliane. E shkruar n\u00eb gjuh\u00eb objektive dhe t\u00eb thjesht\u00eb, puna i mund\u00ebson lexuesit t\u00eb aplikoj\u00eb teknikat e marketingut n\u00eb kompanin\u00eb e tij t\u00eb shitjes me pakic\u00eb, qofshin ato t\u00eb m\u00ebdha, t\u00eb mesme, t\u00eb vogla apo mikro, dhe t\u00eb p\u00ebrmbush\u00eb debatin e vet mbi \u00e7\u00ebshtjet e vazhdueshme dhe dep\u00ebrtimin ekonomik n\u00eb k\u00ebt\u00eb \u00e7\u00ebshtje.<\/p>","protected":false},"featured_media":93857,"comment_status":"open","ping_status":"closed","template":"","meta":[],"product_cat":[1611,1595,1618],"product_tag":[],"class_list":{"0":"post-93857","1":"product","2":"type-product","3":"status-publish","4":"has-post-thumbnail","5":"product_brand-edicao-portugus-por-alexandre-l-las-casas-autor","6":"product_cat-administracao-negocios-e-economia","7":"product_cat-livros","8":"product_cat-marketing-e-vendas","10":"first","11":"instock","12":"shipping-taxable","13":"purchasable","14":"product-type-simple"},"aioseo_notices":[],"_links":{"self":[{"href":"https:\/\/www.ecommerceupdate.com.br\/sq\/wp-json\/wp\/v2\/product\/93857","targetHints":{"allow":["GET"]}}],"collection":[{"href":"https:\/\/www.ecommerceupdate.com.br\/sq\/wp-json\/wp\/v2\/product"}],"about":[{"href":"https:\/\/www.ecommerceupdate.com.br\/sq\/wp-json\/wp\/v2\/types\/product"}],"replies":[{"embeddable":true,"href":"https:\/\/www.ecommerceupdate.com.br\/sq\/wp-json\/wp\/v2\/comments?post=93857"}],"wp:featuredmedia":[{"embeddable":true,"href":"https:\/\/www.ecommerceupdate.com.br\/sq\/wp-json\/wp\/v2\/product\/93857"}],"wp:attachment":[{"href":"https:\/\/www.ecommerceupdate.com.br\/sq\/wp-json\/wp\/v2\/media?parent=93857"}],"wp:term":[{"taxonomy":"product_cat","embeddable":true,"href":"https:\/\/www.ecommerceupdate.com.br\/sq\/wp-json\/wp\/v2\/product_cat?post=93857"},{"taxonomy":"product_tag","embeddable":true,"href":"https:\/\/www.ecommerceupdate.com.br\/sq\/wp-json\/wp\/v2\/product_tag?post=93857"}],"curies":[{"name":"wp","href":"https:\/\/api.w.org\/{rel}","templated":true}]}}