{"id":94178,"date":"2026-03-09T04:27:00","date_gmt":"2026-03-09T07:27:00","guid":{"rendered":"https:\/\/www.ecommerceupdate.com.br\/produto\/aprenda-como-vender-na-shopee-guia-pratico-para-iniciantes\/"},"modified":"2026-03-13T15:53:28","modified_gmt":"2026-03-13T18:53:28","slug":"aprenda-como-vender-na-shopee-guia-pratico-para-iniciantes","status":"publish","type":"product","link":"https:\/\/www.ecommerceupdate.com.br\/sq\/produto\/aprenda-como-vender-na-shopee-guia-pratico-para-iniciantes\/","title":{"rendered":"M\u00ebsoni si t\u00eb shisni n\u00eb Shopee: Udh\u00ebzues praktik p\u00ebr fillestar\u00ebt"},"content":{"rendered":"<div class=\"woocommerce-product-details\">\n<h3>Detajet e produktit<\/h3>\n<ul>\n<li>ASIN: B0FGHQK7DD<\/li>\n<li>Aksesueshm\u00ebria: M\u00ebsoni m\u00eb shum\u00eb<\/li>\n<li>Data e publikimit: 2 korrik 2025<\/li>\n<li>Gjuha: portugalisht<\/li>\n<li>Madh\u00ebsia e skedarit: 9,4 MB<\/li>\n<li>Konfigurimi i shkronjave: Nuk \u00ebsht\u00eb aktivizuar<\/li>\n<li>K\u00ebshilla p\u00ebr fjalorin: Nuk \u00ebsht\u00eb aktivizuar<\/li>\n<li>Formati: Printo Replica<\/li>\n<li>Rrokullisja e faqes: Nuk \u00ebsht\u00eb aktivizuar<\/li>\n<li>Mosha e leximit: 10 18 vje\u00e7<\/li>\n<li>Renditja e shit\u00ebsve m\u00eb t\u00eb mir\u00eb: Nr 599,368 n\u00eb Kindle Store (Takoni 100 m\u00eb t\u00eb mir\u00ebt n\u00eb kategorin\u00eb Kindle Store) Nr 6,735 n\u00eb Informatik\u00eb, internet dhe media dixhitale Nr 19,969 n\u00eb Biznes dhe Ekonomi<\/li>\n<li>6,735 n\u00eb Informatik\u00eb, Internet dhe media dixhitale<\/li>\n<li>19,969 n\u00eb Biznes dhe Ekonomi<\/li>\n<\/ul><\/div>","protected":false},"excerpt":{"rendered":"<p>D\u00ebshironi t\u00eb filloni t\u00eb shisni n\u00eb Shopee, por nuk dini nga t\u00eb filloni? Ky Ebook \u00ebsht\u00eb udh\u00ebzuesi ideal p\u00ebr fillestar\u00ebt! M\u00ebsoni si t\u00eb krijoni dyqanin tuaj, t\u00eb regjistroni produkte, t\u00eb vendosni \u00e7mimet dhe t\u00eb fitoni porosit\u00eb tuaja t\u00eb para me strategji t\u00eb thjeshta dhe praktike. P\u00ebrfshin k\u00ebshilla promovimi, lan\u00e7oni list\u00ebn kontrolluese dhe aksesin n\u00eb nj\u00eb komunitet ekskluziv. E p\u00ebrkryer p\u00ebr sip\u00ebrmarr\u00ebsit e vegj\u00ebl dhe MEI q\u00eb duan t\u00eb p\u00ebrfitojn\u00eb online n\u00eb 2025!<\/p>","protected":false},"featured_media":94178,"comment_status":"open","ping_status":"closed","template":"","meta":[],"product_cat":[1611,1608,1607],"product_tag":[],"class_list":{"0":"post-94178","1":"product","2":"type-product","3":"status-publish","4":"has-post-thumbnail","6":"product_brand-por-mundo-dos-produtos-autor-formato-ebook-kindle","7":"product_cat-administracao-negocios-e-economia","8":"product_cat-ebooks-kindle","9":"product_cat-loja-kindle","11":"first","12":"instock","13":"shipping-taxable","14":"purchasable","15":"product-type-simple"},"aioseo_notices":[],"_links":{"self":[{"href":"https:\/\/www.ecommerceupdate.com.br\/sq\/wp-json\/wp\/v2\/product\/94178","targetHints":{"allow":["GET"]}}],"collection":[{"href":"https:\/\/www.ecommerceupdate.com.br\/sq\/wp-json\/wp\/v2\/product"}],"about":[{"href":"https:\/\/www.ecommerceupdate.com.br\/sq\/wp-json\/wp\/v2\/types\/product"}],"replies":[{"embeddable":true,"href":"https:\/\/www.ecommerceupdate.com.br\/sq\/wp-json\/wp\/v2\/comments?post=94178"}],"wp:featuredmedia":[{"embeddable":true,"href":"https:\/\/www.ecommerceupdate.com.br\/sq\/wp-json\/wp\/v2\/product\/94178"}],"wp:attachment":[{"href":"https:\/\/www.ecommerceupdate.com.br\/sq\/wp-json\/wp\/v2\/media?parent=94178"}],"wp:term":[{"taxonomy":"product_cat","embeddable":true,"href":"https:\/\/www.ecommerceupdate.com.br\/sq\/wp-json\/wp\/v2\/product_cat?post=94178"},{"taxonomy":"product_tag","embeddable":true,"href":"https:\/\/www.ecommerceupdate.com.br\/sq\/wp-json\/wp\/v2\/product_tag?post=94178"}],"curies":[{"name":"wp","href":"https:\/\/api.w.org\/{rel}","templated":true}]}}