{"id":94279,"date":"2026-03-11T13:11:50","date_gmt":"2026-03-11T16:11:50","guid":{"rendered":"https:\/\/www.ecommerceupdate.com.br\/produto\/analise-de-redes-para-midia-social\/"},"modified":"2026-03-13T15:54:53","modified_gmt":"2026-03-13T18:54:53","slug":"analise-de-redes-para-midia-social","status":"publish","type":"product","link":"https:\/\/www.ecommerceupdate.com.br\/sq\/produto\/analise-de-redes-para-midia-social\/","title":{"rendered":"Analiza e rrjetit p\u00ebr mediat sociale"},"content":{"rendered":"<div class=\"woocommerce-product-details\"><\/div>","protected":false},"excerpt":{"rendered":"<p>A \u00ebsht\u00eb e mundur t\u00eb vizualizohen marr\u00ebdh\u00ebniet midis njer\u00ebzve? Si t\u00eb kuptohet dinamika e bashk\u00ebautor\u00ebsis\u00eb shkencore? Cila \u00ebsht\u00eb marr\u00ebdh\u00ebnia midis termave t\u00eb ndrysh\u00ebm t\u00eb p\u00ebrdorur n\u00eb t\u00eb nj\u00ebjtin ligj\u00ebrim? Gjithnj\u00eb e m\u00eb shum\u00eb tregu dhe akademia fillojn\u00eb t\u00eb k\u00ebrkojn\u00eb njohuri q\u00eb p\u00ebrfshin mbledhjen, analizimin dhe vizualizimin e t\u00eb dh\u00ebnave relacionale. Kjo nevoj\u00eb vjen jo vet\u00ebm nga matematikan\u00ebt dhe programuesit, por edhe nga shkenc\u00ebtar\u00ebt social\u00eb, n\u00eb fusha t\u00eb tilla si komunikimi, informacioni dhe dizajni. Libri Analiza e rrjetit p\u00ebr mediat sociale synon t\u00eb plot\u00ebsoj\u00eb k\u00ebt\u00eb boshll\u00ebk, duke paraqitur p\u00ebrkufizimin, elementet dhe aplikimet e Analiz\u00ebs s\u00eb Rrjetit Social (ARS), ve\u00e7an\u00ebrisht n\u00eb kontekstin e mediave sociale n\u00eb internet. Treguar p\u00ebr student\u00ebt, profesionist\u00ebt dhe pal\u00ebt e tjera t\u00eb interesuara, p\u00ebrve\u00e7 p\u00ebrcaktimit t\u00eb ARS-s\u00eb dhe prezantimit t\u00eb elementeve t\u00eb saj historike dhe kryesore t\u00eb vepr\u00ebs, si dhe mbledhjes s\u00eb vepr\u00ebs, paraqet analiz\u00ebn e vepr\u00ebs, paraqet specifikat e pun\u00ebs, si dhe pun\u00ebn e pun\u00ebs s\u00eb pun\u00ebs s\u00eb pun\u00ebs s\u00eb koleksionit t\u00eb mediave sociale, ai paraqet.<\/p>","protected":false},"featured_media":0,"comment_status":"open","ping_status":"closed","template":"","meta":{"_aipt_faq_data":""},"product_cat":[1933,1653,1595],"product_tag":[],"class_list":{"0":"post-94279","1":"product","2":"type-product","3":"status-publish","5":"product_brand-edicao-portugus-por-raquel-recuero-autor-marco-bastos-autor-gabriela-zago-autor-0-mais","6":"product_cat-dicionarios-gramatica-e-linguistica","7":"product_cat-educacao-referencia-e-didaticos","8":"product_cat-livros","10":"first","11":"instock","12":"shipping-taxable","13":"purchasable","14":"product-type-simple"},"aioseo_notices":[],"_links":{"self":[{"href":"https:\/\/www.ecommerceupdate.com.br\/sq\/wp-json\/wp\/v2\/product\/94279","targetHints":{"allow":["GET"]}}],"collection":[{"href":"https:\/\/www.ecommerceupdate.com.br\/sq\/wp-json\/wp\/v2\/product"}],"about":[{"href":"https:\/\/www.ecommerceupdate.com.br\/sq\/wp-json\/wp\/v2\/types\/product"}],"replies":[{"embeddable":true,"href":"https:\/\/www.ecommerceupdate.com.br\/sq\/wp-json\/wp\/v2\/comments?post=94279"}],"wp:attachment":[{"href":"https:\/\/www.ecommerceupdate.com.br\/sq\/wp-json\/wp\/v2\/media?parent=94279"}],"wp:term":[{"taxonomy":"product_cat","embeddable":true,"href":"https:\/\/www.ecommerceupdate.com.br\/sq\/wp-json\/wp\/v2\/product_cat?post=94279"},{"taxonomy":"product_tag","embeddable":true,"href":"https:\/\/www.ecommerceupdate.com.br\/sq\/wp-json\/wp\/v2\/product_tag?post=94279"}],"curies":[{"name":"wp","href":"https:\/\/api.w.org\/{rel}","templated":true}]}}