{"id":94288,"date":"2026-03-11T13:14:44","date_gmt":"2026-03-11T16:14:44","guid":{"rendered":"https:\/\/www.ecommerceupdate.com.br\/produto\/gestao-de-midias-sociais\/"},"modified":"2026-03-13T15:56:08","modified_gmt":"2026-03-13T18:56:08","slug":"gestao-de-midias-sociais","status":"publish","type":"product","link":"https:\/\/www.ecommerceupdate.com.br\/sq\/produto\/gestao-de-midias-sociais\/","title":{"rendered":"Menaxhimi i mediave sociale"},"content":{"rendered":"<div class=\"woocommerce-product-details\">\n<h3>Detajet e produktit<\/h3>\n<ul>\n<li>Botuesi: InterSaberes<\/li>\n<li>Data e publikimit: 1 tetor 2017<\/li>\n<li>Botimi: 1a<\/li>\n<li>Gjuha: portugalisht<\/li>\n<li>Numri i faqeve: 284 faqe<\/li>\n<li>ISBN-10:8559725261<\/li>\n<li>ISBN-13:978-8559725261<\/li>\n<li>Pesha e produktit: 320 g<\/li>\n<li>P\u00ebrmasat: 21 x 14,2 x 1,6 cm<\/li>\n<li>Renditja e shit\u00ebsve m\u00eb t\u00eb mir\u00eb: Nr 90,944 n\u00eb libra (Takoni 100 m\u00eb t\u00eb mir\u00ebt n\u00eb kategorin\u00eb e librave) Nr 1,847 n\u00eb librat e referenc\u00ebs s\u00eb sociologjis\u00eb<\/li>\n<li>1,847 n\u00eb Librat e Referenc\u00ebs mbi Sociologjin\u00eb<\/li>\n<li>Vler\u00ebsimet e klient\u00ebve: 3.6 3.6 nga 5 yje (10)<\/li>\n<\/ul><\/div>","protected":false},"excerpt":{"rendered":"<p>P\u00ebrve\u00e7 q\u00ebndrimit jasht\u00ebzakonisht t\u00eb v\u00ebmendsh\u00ebm ndaj shfaqjes s\u00eb tendencave t\u00eb reja, profesionisti q\u00eb punon me mediat sociale duhet t\u00eb p\u00ebrshtatet shpejt me ndryshimet e vazhdueshme n\u00eb k\u00ebrkesat dhe interesat e audienc\u00ebs s\u00eb tyre t\u00eb synuar. P\u00ebr t\u00eb ndihmuar n\u00eb identifikimin dhe zhvillimin e atributeve thelb\u00ebsore p\u00ebr pun\u00ebn me menaxhimin e mediave sociale, n\u00eb k\u00ebt\u00eb punim do t\u00eb eksplorojm\u00eb teorit\u00eb dhe konceptet kryesore q\u00eb mb\u00ebshtesin studimet n\u00eb k\u00ebt\u00eb fush\u00eb dhe do t\u00eb tregojm\u00eb, n\u00eb m\u00ebnyr\u00eb konkrete dhe t\u00eb aplikuar, gjith\u00e7ka q\u00eb duhet t\u00eb dini p\u00ebr t\u00eb zhvilluar nj\u00eb plan t\u00eb menaxhimit t\u00eb mediave sociale.<\/p>","protected":false},"featured_media":0,"comment_status":"open","ping_status":"closed","template":"","meta":{"_aipt_faq_data":""},"product_cat":[1638,1595,1637],"product_tag":[],"class_list":{"0":"post-94288","1":"product","2":"type-product","3":"status-publish","5":"product_brand-edicao-portugus-por-camila-gino-almeida-costa-autor","6":"product_cat-ciencias-sociais","7":"product_cat-livros","8":"product_cat-politica-filosofia-e-ciencias-sociais","10":"first","11":"instock","12":"sale","13":"shipping-taxable","14":"purchasable","15":"product-type-simple"},"aioseo_notices":[],"_links":{"self":[{"href":"https:\/\/www.ecommerceupdate.com.br\/sq\/wp-json\/wp\/v2\/product\/94288","targetHints":{"allow":["GET"]}}],"collection":[{"href":"https:\/\/www.ecommerceupdate.com.br\/sq\/wp-json\/wp\/v2\/product"}],"about":[{"href":"https:\/\/www.ecommerceupdate.com.br\/sq\/wp-json\/wp\/v2\/types\/product"}],"replies":[{"embeddable":true,"href":"https:\/\/www.ecommerceupdate.com.br\/sq\/wp-json\/wp\/v2\/comments?post=94288"}],"wp:attachment":[{"href":"https:\/\/www.ecommerceupdate.com.br\/sq\/wp-json\/wp\/v2\/media?parent=94288"}],"wp:term":[{"taxonomy":"product_cat","embeddable":true,"href":"https:\/\/www.ecommerceupdate.com.br\/sq\/wp-json\/wp\/v2\/product_cat?post=94288"},{"taxonomy":"product_tag","embeddable":true,"href":"https:\/\/www.ecommerceupdate.com.br\/sq\/wp-json\/wp\/v2\/product_tag?post=94288"}],"curies":[{"name":"wp","href":"https:\/\/api.w.org\/{rel}","templated":true}]}}