{"id":94357,"date":"2026-03-12T13:40:51","date_gmt":"2026-03-12T16:40:51","guid":{"rendered":"https:\/\/www.ecommerceupdate.com.br\/produto\/e-commerce-uma-via-de-mao-dupla\/"},"modified":"2026-03-13T15:57:33","modified_gmt":"2026-03-13T18:57:33","slug":"e-commerce-uma-via-de-mao-dupla","status":"publish","type":"product","link":"https:\/\/www.ecommerceupdate.com.br\/sq\/produto\/e-commerce-uma-via-de-mao-dupla\/","title":{"rendered":"E-commerce: nj\u00eb rrug\u00eb me dy drejtime."},"content":{"rendered":"<div class=\"woocommerce-product-details\"><\/div>","protected":false},"excerpt":{"rendered":"<p>Me p\u00ebrvoj\u00eb shum\u00ebvje\u00e7are n\u00eb fronte t\u00eb ndryshme t\u00eb tregtis\u00eb elektronike, kat\u00ebr profesionist\u00eb nga fusha t\u00eb ndryshme jan\u00eb mbledhur p\u00ebr t\u00eb dokumentuar njohurit\u00eb dhe p\u00ebrvojat e tyre n\u00eb pun\u00ebn me shitjet online. Kjo pun\u00eb sjell skenarin e 360-t\u00eb se \u00e7far\u00eb duhet p\u00ebr t\u00eb menaxhuar ekipe dhe strategji t\u00eb ndryshme t\u00eb nj\u00eb tregtie elektronike, p\u00ebrmes temave t\u00eb tilla si planifikimi i biznesit, marketingu dixhital, burokracit\u00eb, logjistika, platforma e shitjeve, sistemet e pagesave, nd\u00ebr t\u00eb tjera. \u00cbsht\u00eb nj\u00eb udh\u00ebzues nga A n\u00eb Z q\u00eb ndihmon profesionist\u00ebt q\u00eb po fillojn\u00eb tregtin\u00eb e tyre elektronike, ose q\u00eb jan\u00eb n\u00eb udh\u00ebheqjen e nj\u00eb t\u00eb till\u00eb, qoft\u00eb n\u00eb administrimin e p\u00ebrgjithsh\u00ebm t\u00eb dyqanit ose n\u00eb nj\u00eb ekip specifik.<\/p>","protected":false},"featured_media":94357,"comment_status":"open","ping_status":"closed","template":"","meta":[],"product_cat":[1611,1621,1595],"product_tag":[],"class_list":{"0":"post-94357","1":"product","2":"type-product","3":"status-publish","4":"has-post-thumbnail","6":"product_brand-por-denis-andrade-e-gabriela-schilling-edmilson-maleski-jessica-fragoso-autor-viseu-editor","7":"product_cat-administracao-negocios-e-economia","8":"product_cat-gestao-e-lideranca","9":"product_cat-livros","11":"first","12":"instock","13":"shipping-taxable","14":"purchasable","15":"product-type-simple"},"aioseo_notices":[],"_links":{"self":[{"href":"https:\/\/www.ecommerceupdate.com.br\/sq\/wp-json\/wp\/v2\/product\/94357","targetHints":{"allow":["GET"]}}],"collection":[{"href":"https:\/\/www.ecommerceupdate.com.br\/sq\/wp-json\/wp\/v2\/product"}],"about":[{"href":"https:\/\/www.ecommerceupdate.com.br\/sq\/wp-json\/wp\/v2\/types\/product"}],"replies":[{"embeddable":true,"href":"https:\/\/www.ecommerceupdate.com.br\/sq\/wp-json\/wp\/v2\/comments?post=94357"}],"wp:featuredmedia":[{"embeddable":true,"href":"https:\/\/www.ecommerceupdate.com.br\/sq\/wp-json\/wp\/v2\/product\/94357"}],"wp:attachment":[{"href":"https:\/\/www.ecommerceupdate.com.br\/sq\/wp-json\/wp\/v2\/media?parent=94357"}],"wp:term":[{"taxonomy":"product_cat","embeddable":true,"href":"https:\/\/www.ecommerceupdate.com.br\/sq\/wp-json\/wp\/v2\/product_cat?post=94357"},{"taxonomy":"product_tag","embeddable":true,"href":"https:\/\/www.ecommerceupdate.com.br\/sq\/wp-json\/wp\/v2\/product_tag?post=94357"}],"curies":[{"name":"wp","href":"https:\/\/api.w.org\/{rel}","templated":true}]}}