{"id":94437,"date":"2026-03-13T09:18:29","date_gmt":"2026-03-13T12:18:29","guid":{"rendered":"https:\/\/www.ecommerceupdate.com.br\/produto\/capa-capinha-case-para-kindle-paperwhite-12a-geracao-e-kindle-colorsoft-7-polegadas-sa569p-sa568b-sa58cb-sa59cp-com-funcao-ativa-e-desativa-tela-e-fundo-em-acrilico-fd-acessorios-verde-claro\/"},"modified":"2026-03-13T16:03:50","modified_gmt":"2026-03-13T19:03:50","slug":"capa-capinha-case-para-kindle-paperwhite-12a-geracao-e-kindle-colorsoft-7-polegadas-sa569p-sa568b-sa58cb-sa59cp-com-funcao-ativa-e-desativa-tela-e-fundo-em-acrilico-fd-acessorios-verde-claro","status":"publish","type":"product","link":"https:\/\/www.ecommerceupdate.com.br\/sq\/produto\/capa-capinha-case-para-kindle-paperwhite-12a-geracao-e-kindle-colorsoft-7-polegadas-sa569p-sa568b-sa58cb-sa59cp-com-funcao-ativa-e-desativa-tela-e-fundo-em-acrilico-fd-acessorios-verde-claro\/","title":{"rendered":"K\u00ebll\u00ebf mbules\u00eb k\u00ebll\u00ebfi p\u00ebr Kindle Paperwhite Gjenerata e 12-t\u00eb dhe Kindle Colorsoft 7 in\u00e7 (SA569P, SA568B, SA58CB, SA59CP) me ekran dhe sfond akrilik me funksion aktiv dhe \u00e7aktivizues (FD Light Green)"},"content":{"rendered":"<div class=\"woocommerce-product-details\">\n<h3>P\u00ebrshkrimi i produktit<\/h3>\n<p>Mbulesa e kas\u00ebs p\u00ebr Kindle Paperwhite 12th Generation 7 Inches (SA569P dhe SA568B) dhe Colorsoft (e zbatueshme gjithashtu p\u00ebr Kindle Colorsoft Signature Edition) \u00ebsht\u00eb projektuar p\u00ebr t\u00eb ofruar mbrojtje dhe funksionalitet p\u00ebr lexuesin tuaj elektronik. E p\u00ebrputhshme me modelet SA569P, SA568B, SA58CB dhe SA59CP, kombinon eleganc\u00ebn dhe rezistenc\u00ebn, me fund akrilik transparent q\u00eb mbron nga g\u00ebrvishtjet dhe ndikimet, pa fshehur dizajnin e pajisjes. Funksioni i aktivizimit dhe mbylljes automatike t\u00eb bateris\u00eb perfekte gjat\u00eb hapjes dhe mbylljes s\u00eb ekranit siguron sigurin\u00eb ideale.<\/p>\n<table id=\"productDetails_techSpec_section_1\" class=\"a-keyvalue prodDetTable\">\n<tr>\n<th class=\"a-color-secondary a-size-base prodDetSectionEntry\"> Certifikimi <\/th>\n<td class=\"a-size-base prodDetAttrValue\"> Nuk zbatohet <\/td>\n<\/tr>\n<tr>\n<th class=\"a-color-secondary a-size-base prodDetSectionEntry\"> Karakteristikat e ve\u00e7anta <\/th>\n<td class=\"a-size-base prodDetAttrValue\"> I pap\u00ebrshkuesh\u00ebm nga goditjet <\/td>\n<\/tr>\n<tr>\n<th class=\"a-color-secondary a-size-base prodDetSectionEntry\"> Format <\/th>\n<td class=\"a-size-base prodDetAttrValue\"> Kapak <\/td>\n<\/tr>\n<tr>\n<th class=\"a-color-secondary a-size-base prodDetSectionEntry\"> Ngjyra <\/th>\n<td class=\"a-size-base prodDetAttrValue\"> Drita jeshile <\/td>\n<\/tr>\n<tr>\n<th class=\"a-color-secondary a-size-base prodDetSectionEntry\"> Komponent\u00ebt e p\u00ebrfshir\u00eb <\/th>\n<td class=\"a-size-base prodDetAttrValue\"> Mbulesa\/Rasti <\/td>\n<\/tr>\n<tr>\n<th class=\"a-color-secondary a-size-base prodDetSectionEntry\"> Numri i nj\u00ebsive <\/th>\n<td class=\"a-size-base prodDetAttrValue\"> 1 <\/td>\n<\/tr>\n<tr>\n<th class=\"a-color-secondary a-size-base prodDetSectionEntry\"> Materiali <\/th>\n<td class=\"a-size-base prodDetAttrValue\"> Akrilik <\/td>\n<\/tr>\n<tr>\n<th class=\"a-color-secondary a-size-base prodDetSectionEntry\"> Furnizimi me energji elektrike <\/th>\n<td class=\"a-size-base prodDetAttrValue\"> Nuk zbatohet <\/td>\n<\/tr>\n<tr>\n<th class=\"a-color-secondary a-size-base prodDetSectionEntry\"> Modele t\u00eb p\u00ebrputhshme <\/th>\n<td class=\"a-size-base prodDetAttrValue\"> Kindle Colorsoft dhe Colorsoft Signature Edition (SA58CB dhe SA59CP), Kindle Paperwhite Gjenerata e 12-t\u00eb 7 In\u00e7 SA568B, Kindle Paperwhite Gjenerata e 12-t\u00eb 7 In\u00e7 SA569P <\/td>\n<\/tr>\n<tr>\n<th class=\"a-color-secondary a-size-base prodDetSectionEntry\"> Pesha e produktit <\/th>\n<td class=\"a-size-base prodDetAttrValue\"> 110 G <\/td>\n<\/tr>\n<tr>\n<th class=\"a-color-secondary a-size-base prodDetSectionEntry\"> Dimensionet e produktit <\/th>\n<td class=\"a-size-base prodDetAttrValue\"> 13 X 17 x 1 cm; 110g <\/td>\n<\/tr>\n<tr>\n<th class=\"a-color-secondary a-size-base prodDetSectionEntry\"> Mark\u00eb <\/th>\n<td class=\"a-size-base prodDetAttrValue\"> Aksesor\u00eb FD <\/td>\n<\/tr>\n<tr>\n<th class=\"a-color-secondary a-size-base prodDetSectionEntry\"> A funksionon bateria ose bateria? <\/th>\n<td class=\"a-size-base prodDetAttrValue\"> Jo <\/td>\n<\/tr>\n<\/table><\/div>","protected":false},"excerpt":{"rendered":"<p>Descri\u00e7\u00e3o do produto A Capa Case para Kindle Paperwhite 12\u00aa Gera\u00e7\u00e3o 7 Polegadas (SA569P e SA568B) e Colorsoft (aplic\u00e1vel tamb\u00e9m ao Kindle Colorsoft Signature Edition) foi projetada para oferecer prote\u00e7\u00e3o e funcionalidade ao seu e-reader. Compat\u00edvel com os modelos SA569P, SA568B, SA58CB e SA59CP, combina eleg\u00e2ncia e resist\u00eancia, com fundo em acr\u00edlico transparente que protege [&hellip;]<\/p>\n","protected":false},"featured_media":94437,"comment_status":"open","ping_status":"closed","template":"","meta":[],"product_cat":[1918,1901,1900],"product_tag":[],"class_list":{"0":"post-94437","1":"product","2":"type-product","3":"status-publish","4":"has-post-thumbnail","6":"product_brand-visite-a-loja-fd-acessrios","7":"product_cat-capas","8":"product_cat-e-readers-e-acessorios","9":"product_cat-eletronicos-e-tecnologia","11":"first","12":"instock","13":"shipping-taxable","14":"purchasable","15":"product-type-variable"},"aioseo_notices":[],"_links":{"self":[{"href":"https:\/\/www.ecommerceupdate.com.br\/sq\/wp-json\/wp\/v2\/product\/94437","targetHints":{"allow":["GET"]}}],"collection":[{"href":"https:\/\/www.ecommerceupdate.com.br\/sq\/wp-json\/wp\/v2\/product"}],"about":[{"href":"https:\/\/www.ecommerceupdate.com.br\/sq\/wp-json\/wp\/v2\/types\/product"}],"replies":[{"embeddable":true,"href":"https:\/\/www.ecommerceupdate.com.br\/sq\/wp-json\/wp\/v2\/comments?post=94437"}],"wp:featuredmedia":[{"embeddable":true,"href":"https:\/\/www.ecommerceupdate.com.br\/sq\/wp-json\/wp\/v2\/product\/94437"}],"wp:attachment":[{"href":"https:\/\/www.ecommerceupdate.com.br\/sq\/wp-json\/wp\/v2\/media?parent=94437"}],"wp:term":[{"taxonomy":"product_cat","embeddable":true,"href":"https:\/\/www.ecommerceupdate.com.br\/sq\/wp-json\/wp\/v2\/product_cat?post=94437"},{"taxonomy":"product_tag","embeddable":true,"href":"https:\/\/www.ecommerceupdate.com.br\/sq\/wp-json\/wp\/v2\/product_tag?post=94437"}],"curies":[{"name":"wp","href":"https:\/\/api.w.org\/{rel}","templated":true}]}}